{"id":724,"date":"2024-10-02T09:28:01","date_gmt":"2024-10-02T15:28:01","guid":{"rendered":"https:\/\/garbar.info\/?page_id=724"},"modified":"2024-10-02T09:28:48","modified_gmt":"2024-10-02T15:28:48","slug":"maritimo","status":"publish","type":"page","link":"https:\/\/garbar.info\/zh\/areas-de-practica\/maritimo\/","title":{"rendered":"\u6d77\u4e0a"},"content":{"rendered":"<div data-elementor-type=\"wp-page\" data-elementor-id=\"724\" class=\"elementor elementor-724\" data-elementor-post-type=\"page\">\n\t\t\t\t\t\t<section class=\"elementor-section elementor-top-section elementor-element elementor-element-ba5c231 elementor-section-boxed elementor-section-height-default elementor-section-height-default\" data-id=\"ba5c231\" data-element_type=\"section\" data-settings=\"{&quot;background_background&quot;:&quot;classic&quot;}\">\n\t\t\t\t\t\t<div class=\"elementor-container elementor-column-gap-default\">\n\t\t\t\t\t<div class=\"elementor-column elementor-col-50 elementor-top-column elementor-element elementor-element-e082185\" data-id=\"e082185\" data-element_type=\"column\">\n\t\t\t<div class=\"elementor-widget-wrap elementor-element-populated\">\n\t\t\t\t\t\t<div class=\"elementor-element elementor-element-f5638b9 elementor-widget elementor-widget-heading\" data-id=\"f5638b9\" data-element_type=\"widget\" data-widget_type=\"heading.default\">\n\t\t\t\t<div class=\"elementor-widget-container\">\n\t\t\t\t\t<h2 class=\"elementor-heading-title elementor-size-default\">\u6211\u4eec\u7684\u670d\u52a1<\/h2>\t\t\t\t<\/div>\n\t\t\t\t<\/div>\n\t\t\t\t<div class=\"elementor-element elementor-element-6343e53 elementor-widget elementor-widget-heading\" data-id=\"6343e53\" data-element_type=\"widget\" data-widget_type=\"heading.default\">\n\t\t\t\t<div class=\"elementor-widget-container\">\n\t\t\t\t\t<h1 class=\"elementor-heading-title elementor-size-default\">\u6d77\u4e0a\n<\/h1>\t\t\t\t<\/div>\n\t\t\t\t<\/div>\n\t\t\t\t<div class=\"elementor-element elementor-element-76d897b elementor-hidden-mobile elementor-widget elementor-widget-spacer\" data-id=\"76d897b\" data-element_type=\"widget\" data-widget_type=\"spacer.default\">\n\t\t\t\t<div class=\"elementor-widget-container\">\n\t\t\t\t\t\t\t<div class=\"elementor-spacer\">\n\t\t\t<div class=\"elementor-spacer-inner\"><\/div>\n\t\t<\/div>\n\t\t\t\t\t\t<\/div>\n\t\t\t\t<\/div>\n\t\t\t\t<div class=\"elementor-element elementor-element-e8e4634 elementor-hidden-mobile elementor-widget elementor-widget-premium-addon-button\" data-id=\"e8e4634\" data-element_type=\"widget\" data-widget_type=\"premium-addon-button.default\">\n\t\t\t\t<div class=\"elementor-widget-container\">\n\t\t\t\t\t\r\n\r\n\t\t<a class=\"premium-button premium-button-style2 premium-btn-sm premium-button-style2-shutinver\" href=\"https:\/\/garbar.info\/zh\/areas-de-practica\/\">\r\n\t\t\t<div class=\"premium-button-text-icon-wrapper\">\r\n\t\t\t\t\r\n\t\t\t\t\t\t\t\t\t<span >\r\n\t\t\t\t\t\t\u670d\u52a1\t\t\t\t\t<\/span>\r\n\t\t\t\t\r\n\t\t\t\t\t\t\t<\/div>\r\n\r\n\t\t\t\r\n\t\t\t\r\n\t\t\t\r\n\t\t<\/a>\r\n\r\n\r\n\t\t\t\t\t\t<\/div>\n\t\t\t\t<\/div>\n\t\t\t\t\t<\/div>\n\t\t<\/div>\n\t\t\t\t<div class=\"elementor-column elementor-col-50 elementor-top-column elementor-element elementor-element-c8807ac\" data-id=\"c8807ac\" data-element_type=\"column\">\n\t\t\t<div class=\"elementor-widget-wrap elementor-element-populated\">\n\t\t\t\t\t\t<div class=\"elementor-element elementor-element-3ac9a5d elementor-widget elementor-widget-heading\" data-id=\"3ac9a5d\" data-element_type=\"widget\" data-widget_type=\"heading.default\">\n\t\t\t\t<div class=\"elementor-widget-container\">\n\t\t\t\t\t<h1 class=\"elementor-heading-title elementor-size-default\">\u8be5\u9886\u57df\u7684\u670d\u52a1\u5305\u62ec\u5ba1\u67e5\u548c\u51c6\u5907\u5305\u673a\u5408\u540c\u3001\u4fdd\u9669\u65b9\u9762\u3001\u4e0e\u5916\u56fd\u516c\u53f8\u7684\u878d\u8d44\u79df\u8d41\u4ee5\u53ca\u5411\u5916\u56fd\u516c\u53f8\u63d0\u4f9b\u7684\u4e00\u822c\u54a8\u8be2\u3002\n\n<\/h1>\t\t\t\t<\/div>\n\t\t\t\t<\/div>\n\t\t\t\t<div class=\"elementor-element elementor-element-85fc0ab elementor-widget elementor-widget-heading\" data-id=\"85fc0ab\" data-element_type=\"widget\" data-widget_type=\"heading.default\">\n\t\t\t\t<div class=\"elementor-widget-container\">\n\t\t\t\t\t<h1 class=\"elementor-heading-title elementor-size-default\">\u6211\u4eec\u7684\u56e2\u961f\u7531\u5728\u6d77\u4e8b\u6cd5\u548c\u5546\u6cd5\u65b9\u9762\u62e5\u6709\u4e30\u5bcc\u77e5\u8bc6\u7684\u5f8b\u5e08\u7ec4\u6210\u3002\u6211\u4eec\u4e3a\u4f17\u591a\u516c\u53f8\u63d0\u4f9b\u4e86\u4e0e\u6d77\u4e0a\u8fd0\u8f93\u670d\u52a1\u8bb8\u53ef\u8bc1\u548c\u8bb8\u53ef\u8bc1\u3001\u8239\u8236\u4f7f\u7528\u5408\u540c\u3001\u8d27\u7269\u7d22\u8d54\u3001\u4e00\u822c\u6545\u969c\u7d22\u8d54\u3001\u8239\u8236\u548c\u5176\u4ed6\u8239\u8236\u7684\u4e70\u5356\u548c\u767b\u8bb0\u76f8\u5173\u7684\u7a0b\u5e8f\u4ee5\u53ca\u4e3b\u7ba1\u5f53\u5c40\u7684\u5176\u4ed6\u7a0b\u5e8f\u7684\u54a8\u8be2\u670d\u52a1\u3002\n\n<\/h1>\t\t\t\t<\/div>\n\t\t\t\t<\/div>\n\t\t\t\t<div class=\"elementor-element elementor-element-fcc7bb0 elementor-hidden-desktop elementor-widget elementor-widget-premium-addon-button\" data-id=\"fcc7bb0\" data-element_type=\"widget\" data-widget_type=\"premium-addon-button.default\">\n\t\t\t\t<div class=\"elementor-widget-container\">\n\t\t\t\t\t\r\n\r\n\t\t<a class=\"premium-button premium-button-style2 premium-btn-sm premium-button-style2-shutinver\" href=\"https:\/\/garbar.info\/zh\/areas-de-practica\/\">\r\n\t\t\t<div class=\"premium-button-text-icon-wrapper\">\r\n\t\t\t\t\r\n\t\t\t\t\t\t\t\t\t<span >\r\n\t\t\t\t\t\t\u670d\u52a1\t\t\t\t\t<\/span>\r\n\t\t\t\t\r\n\t\t\t\t\t\t\t<\/div>\r\n\r\n\t\t\t\r\n\t\t\t\r\n\t\t\t\r\n\t\t<\/a>\r\n\r\n\r\n\t\t\t\t\t\t<\/div>\n\t\t\t\t<\/div>\n\t\t\t\t\t<\/div>\n\t\t<\/div>\n\t\t\t\t\t<\/div>\n\t\t<\/section>\n\t\t\t\t<\/div>","protected":false},"excerpt":{"rendered":"<p>Nuestros Servicios Mar\u00edtimo Servicios Los servicios en esta \u00e1rea incluyen revisi\u00f3n y elaboraci\u00f3n de contratos de fletamento, aspectos de seguros, arrendamientos financieros con empresas extranjeras y en general consultor\u00eda a empresas extranjeras. Nuestro equipo est\u00e1 compuesto por abogados con amplio conocimiento en derecho mar\u00edtimo y comercial. Hemos asesorado a numerosas empresas en tr\u00e1mites relacionados con &#8230; <a title=\"\u6d77\u4e0a\" class=\"read-more\" href=\"https:\/\/garbar.info\/zh\/areas-de-practica\/maritimo\/\" aria-label=\"\u9605\u8bfb Mar\u00edtimo\">\u9605\u8bfb\u66f4\u591a<\/a><\/p>","protected":false},"author":1,"featured_media":0,"parent":434,"menu_order":0,"comment_status":"closed","ping_status":"closed","template":"elementor_header_footer","meta":{"inline_featured_image":false,"footnotes":""},"class_list":["post-724","page","type-page","status-publish"],"_links":{"self":[{"href":"https:\/\/garbar.info\/zh\/wp-json\/wp\/v2\/pages\/724","targetHints":{"allow":["GET"]}}],"collection":[{"href":"https:\/\/garbar.info\/zh\/wp-json\/wp\/v2\/pages"}],"about":[{"href":"https:\/\/garbar.info\/zh\/wp-json\/wp\/v2\/types\/page"}],"author":[{"embeddable":true,"href":"https:\/\/garbar.info\/zh\/wp-json\/wp\/v2\/users\/1"}],"replies":[{"embeddable":true,"href":"https:\/\/garbar.info\/zh\/wp-json\/wp\/v2\/comments?post=724"}],"version-history":[{"count":4,"href":"https:\/\/garbar.info\/zh\/wp-json\/wp\/v2\/pages\/724\/revisions"}],"predecessor-version":[{"id":729,"href":"https:\/\/garbar.info\/zh\/wp-json\/wp\/v2\/pages\/724\/revisions\/729"}],"up":[{"embeddable":true,"href":"https:\/\/garbar.info\/zh\/wp-json\/wp\/v2\/pages\/434"}],"wp:attachment":[{"href":"https:\/\/garbar.info\/zh\/wp-json\/wp\/v2\/media?parent=724"}],"curies":[{"name":"wp","href":"https:\/\/api.w.org\/{rel}","templated":true}]}}