{"id":719,"date":"2024-10-02T09:24:48","date_gmt":"2024-10-02T15:24:48","guid":{"rendered":"https:\/\/garbar.info\/?page_id=719"},"modified":"2024-10-02T09:26:13","modified_gmt":"2024-10-02T15:26:13","slug":"inmobiliario-construccion-agrario-hoteleria-y-turismo","status":"publish","type":"page","link":"https:\/\/garbar.info\/zh\/areas-de-practica\/inmobiliario-construccion-agrario-hoteleria-y-turismo\/","title":{"rendered":"\u623f\u5730\u4ea7\u3001\u5efa\u7b51\u3001\u519c\u4e1a\u3001\u9152\u5e97\u548c\u65c5\u6e38\u4e1a"},"content":{"rendered":"<div data-elementor-type=\"wp-page\" data-elementor-id=\"719\" class=\"elementor elementor-719\" data-elementor-post-type=\"page\">\n\t\t\t\t\t\t<section class=\"elementor-section elementor-top-section elementor-element elementor-element-ba5c231 elementor-section-boxed elementor-section-height-default elementor-section-height-default\" data-id=\"ba5c231\" data-element_type=\"section\" data-settings=\"{&quot;background_background&quot;:&quot;classic&quot;}\">\n\t\t\t\t\t\t<div class=\"elementor-container elementor-column-gap-default\">\n\t\t\t\t\t<div class=\"elementor-column elementor-col-50 elementor-top-column elementor-element elementor-element-e082185\" data-id=\"e082185\" data-element_type=\"column\">\n\t\t\t<div class=\"elementor-widget-wrap elementor-element-populated\">\n\t\t\t\t\t\t<div class=\"elementor-element elementor-element-f5638b9 elementor-widget elementor-widget-heading\" data-id=\"f5638b9\" data-element_type=\"widget\" data-widget_type=\"heading.default\">\n\t\t\t\t<div class=\"elementor-widget-container\">\n\t\t\t\t\t<h2 class=\"elementor-heading-title elementor-size-default\">\u6211\u4eec\u7684\u670d\u52a1<\/h2>\t\t\t\t<\/div>\n\t\t\t\t<\/div>\n\t\t\t\t<div class=\"elementor-element elementor-element-6343e53 elementor-widget elementor-widget-heading\" data-id=\"6343e53\" data-element_type=\"widget\" data-widget_type=\"heading.default\">\n\t\t\t\t<div class=\"elementor-widget-container\">\n\t\t\t\t\t<h1 class=\"elementor-heading-title elementor-size-default\">\u623f\u5730\u4ea7\u3001\u5efa\u7b51\u3001\u519c\u4e1a\u3001\u9152\u5e97\u548c\u65c5\u6e38\u4e1a\n<\/h1>\t\t\t\t<\/div>\n\t\t\t\t<\/div>\n\t\t\t\t<div class=\"elementor-element elementor-element-76d897b elementor-hidden-mobile elementor-widget elementor-widget-spacer\" data-id=\"76d897b\" data-element_type=\"widget\" data-widget_type=\"spacer.default\">\n\t\t\t\t<div class=\"elementor-widget-container\">\n\t\t\t\t\t\t\t<div class=\"elementor-spacer\">\n\t\t\t<div class=\"elementor-spacer-inner\"><\/div>\n\t\t<\/div>\n\t\t\t\t\t\t<\/div>\n\t\t\t\t<\/div>\n\t\t\t\t<div class=\"elementor-element elementor-element-e8e4634 elementor-hidden-mobile elementor-widget elementor-widget-premium-addon-button\" data-id=\"e8e4634\" data-element_type=\"widget\" data-widget_type=\"premium-addon-button.default\">\n\t\t\t\t<div class=\"elementor-widget-container\">\n\t\t\t\t\t\r\n\r\n\t\t<a class=\"premium-button premium-button-style2 premium-btn-sm premium-button-style2-shutinver\" href=\"https:\/\/garbar.info\/zh\/areas-de-practica\/\">\r\n\t\t\t<div class=\"premium-button-text-icon-wrapper\">\r\n\t\t\t\t\r\n\t\t\t\t\t\t\t\t\t<span >\r\n\t\t\t\t\t\t\u670d\u52a1\t\t\t\t\t<\/span>\r\n\t\t\t\t\r\n\t\t\t\t\t\t\t<\/div>\r\n\r\n\t\t\t\r\n\t\t\t\r\n\t\t\t\r\n\t\t<\/a>\r\n\r\n\r\n\t\t\t\t\t\t<\/div>\n\t\t\t\t<\/div>\n\t\t\t\t\t<\/div>\n\t\t<\/div>\n\t\t\t\t<div class=\"elementor-column elementor-col-50 elementor-top-column elementor-element elementor-element-c8807ac\" data-id=\"c8807ac\" data-element_type=\"column\">\n\t\t\t<div class=\"elementor-widget-wrap elementor-element-populated\">\n\t\t\t\t\t\t<div class=\"elementor-element elementor-element-3ac9a5d elementor-widget elementor-widget-heading\" data-id=\"3ac9a5d\" data-element_type=\"widget\" data-widget_type=\"heading.default\">\n\t\t\t\t<div class=\"elementor-widget-container\">\n\t\t\t\t\t<h1 class=\"elementor-heading-title elementor-size-default\">\u6211\u4eec\u901a\u8fc7\u8bc9\u8bf8\u5404\u79cd\u6cd5\u5f8b\u624b\u6bb5\uff0c\u5bfb\u6c42\u5728\u5f88\u5927\u7a0b\u5ea6\u4e0a\u9002\u5e94\u5ba2\u6237\u9700\u6c42\u7684\u89e3\u51b3\u65b9\u6848\uff0c\u4f8b\u5982\uff1a\u79df\u8d41\u3001\u9500\u552e\u3001\u6350\u8d60\u3001\u62b5\u62bc\u3001\u4fe1\u6258\u3001\u516c\u5bd3\u7684\u6784\u6210\u3001\u4f7f\u7528\u6743\u7684\u8bbe\u7acb\u7b49\u3002\u6211\u4eec\u53c2\u4e0e\u4e86 ejidal \u8d22\u4ea7\u5236\u5ea6\u7684\u89e3\u4f53\uff0c\u4ee5\u8fdb\u884c\u6b64\u7c7b\u571f\u5730\u7684\u5546\u4e1a\u5f00\u53d1\u3002 \n\n<\/h1>\t\t\t\t<\/div>\n\t\t\t\t<\/div>\n\t\t\t\t<div class=\"elementor-element elementor-element-85fc0ab elementor-widget elementor-widget-heading\" data-id=\"85fc0ab\" data-element_type=\"widget\" data-widget_type=\"heading.default\">\n\t\t\t\t<div class=\"elementor-widget-container\">\n\t\t\t\t\t<h1 class=\"elementor-heading-title elementor-size-default\">\u6211\u4eec\u4e3a\u6295\u8d44\u8005\u3001\u6295\u8d44\u57fa\u91d1\u3001\u6295\u8d44\u94f6\u884c\u3001\u517b\u8001\u57fa\u91d1\u3001\u623f\u5730\u4ea7\u6295\u8d44\u57fa\u91d1\u3001\u6295\u8d44\u7ecf\u7406\u3001\u53d1\u8d77\u4eba\u3001\u5efa\u7b51\u5546\u4ee5\u53ca\u6765\u81ea\u5404\u4e2a\u884c\u4e1a\u7684\u53d7\u76d1\u7ba1\u548c\u4e0d\u53d7\u76d1\u7ba1\u7684\u516c\u53f8\u63d0\u4f9b\u54a8\u8be2\u670d\u52a1\u3002\n\n<\/h1>\t\t\t\t<\/div>\n\t\t\t\t<\/div>\n\t\t\t\t<div class=\"elementor-element elementor-element-b36c77f elementor-widget elementor-widget-heading\" data-id=\"b36c77f\" data-element_type=\"widget\" data-widget_type=\"heading.default\">\n\t\t\t\t<div class=\"elementor-widget-container\">\n\t\t\t\t\t<h1 class=\"elementor-heading-title elementor-size-default\">\u6211\u4eec\u5728\u767b\u8bb0\u3001\u516c\u5171\u8d22\u4ea7\u767b\u8bb0\u5904\u548c\u56fd\u5bb6\u571f\u5730\u767b\u8bb0\u5904\u7684\u767b\u8bb0\u8c03\u67e5\u3001\u571f\u5730\u4f7f\u7528\u8bb8\u53ef\u8bc1\u3001\u5efa\u7b51\u8bb8\u53ef\u8bc1\u3001\u5546\u4e1a\u8bbe\u65bd\u8fd0\u8425\u8bb8\u53ef\u8bc1\u3001\u57ce\u5e02\u53d1\u5c55\u89c4\u5212\u3001\u571f\u58e4\u7528\u9014\u53d8\u66f4\u7b49\u76f8\u5173\u95ee\u9898\u4e0a\u62e5\u6709\u4e30\u5bcc\u7684\u7ecf\u9a8c\u3002 \n\n<\/h1>\t\t\t\t<\/div>\n\t\t\t\t<\/div>\n\t\t\t\t<div class=\"elementor-element elementor-element-b74b712 elementor-widget elementor-widget-heading\" data-id=\"b74b712\" data-element_type=\"widget\" data-widget_type=\"heading.default\">\n\t\t\t\t<div class=\"elementor-widget-container\">\n\t\t\t\t\t<h1 class=\"elementor-heading-title elementor-size-default\">\u6211\u4eec\u4e3a\u5916\u56fd\u5ba2\u6237\u5c31\u5176\u5728\u58a8\u897f\u54e5\u6d77\u5cb8\u9650\u5236\u5730\u533a\u7684\u65c5\u6e38\u5f00\u53d1\u76f8\u5173\u6295\u8d44\u63d0\u4f9b\u54a8\u8be2\uff0c\u5e76\u4e3a\u58a8\u897f\u54e5\u5f00\u53d1\u5546\u548c\u5916\u56fd\u5ba2\u6237\u901a\u8fc7\u4fe1\u6258\u6536\u8d2d\u623f\u5730\u4ea7\u6743\u5229\u63d0\u4f9b\u54a8\u8be2\u3002 \u540c\u6837\uff0c\u6211\u4eec\u5728\u4ee3\u8868\u623f\u5730\u4ea7\u548c\u516c\u5171\u5de5\u7a0b\u5efa\u7b51\u516c\u53f8\u65b9\u9762\u62e5\u6709\u4e30\u5bcc\u7684\u7ecf\u9a8c\u3002\n\n<\/h1>\t\t\t\t<\/div>\n\t\t\t\t<\/div>\n\t\t\t\t<div class=\"elementor-element elementor-element-fcc7bb0 elementor-hidden-desktop elementor-widget elementor-widget-premium-addon-button\" data-id=\"fcc7bb0\" data-element_type=\"widget\" data-widget_type=\"premium-addon-button.default\">\n\t\t\t\t<div class=\"elementor-widget-container\">\n\t\t\t\t\t\r\n\r\n\t\t<a class=\"premium-button premium-button-style2 premium-btn-sm premium-button-style2-shutinver\" href=\"https:\/\/garbar.info\/zh\/areas-de-practica\/\">\r\n\t\t\t<div class=\"premium-button-text-icon-wrapper\">\r\n\t\t\t\t\r\n\t\t\t\t\t\t\t\t\t<span >\r\n\t\t\t\t\t\t\u670d\u52a1\t\t\t\t\t<\/span>\r\n\t\t\t\t\r\n\t\t\t\t\t\t\t<\/div>\r\n\r\n\t\t\t\r\n\t\t\t\r\n\t\t\t\r\n\t\t<\/a>\r\n\r\n\r\n\t\t\t\t\t\t<\/div>\n\t\t\t\t<\/div>\n\t\t\t\t\t<\/div>\n\t\t<\/div>\n\t\t\t\t\t<\/div>\n\t\t<\/section>\n\t\t\t\t<\/div>","protected":false},"excerpt":{"rendered":"<p>Nuestros Servicios Inmobiliario, Construcci\u00f3n, Agrario, Hoteler\u00eda y Turismo Servicios Buscamos soluciones que se adapten en gran medida a las necesidades de nuestros clientes recurriendo a diversos medios legales como lo son: arrendamientos, compraventas, donaciones, hipotecas, fideicomisos, constituci\u00f3n de condominios, creaci\u00f3n de usufructos, por mencionar algunos. Hemos participado en la desincorporaci\u00f3n de reg\u00edmenes de propiedades ejidales &#8230; <a title=\"\u623f\u5730\u4ea7\u3001\u5efa\u7b51\u3001\u519c\u4e1a\u3001\u9152\u5e97\u548c\u65c5\u6e38\u4e1a\" class=\"read-more\" href=\"https:\/\/garbar.info\/zh\/areas-de-practica\/inmobiliario-construccion-agrario-hoteleria-y-turismo\/\" aria-label=\"\u9605\u8bfb Inmobiliario, Construcci\u00f3n, Agrario, Hoteler\u00eda y Turismo\">\u9605\u8bfb\u66f4\u591a<\/a><\/p>","protected":false},"author":1,"featured_media":0,"parent":434,"menu_order":0,"comment_status":"closed","ping_status":"closed","template":"elementor_header_footer","meta":{"inline_featured_image":false,"footnotes":""},"class_list":["post-719","page","type-page","status-publish"],"_links":{"self":[{"href":"https:\/\/garbar.info\/zh\/wp-json\/wp\/v2\/pages\/719","targetHints":{"allow":["GET"]}}],"collection":[{"href":"https:\/\/garbar.info\/zh\/wp-json\/wp\/v2\/pages"}],"about":[{"href":"https:\/\/garbar.info\/zh\/wp-json\/wp\/v2\/types\/page"}],"author":[{"embeddable":true,"href":"https:\/\/garbar.info\/zh\/wp-json\/wp\/v2\/users\/1"}],"replies":[{"embeddable":true,"href":"https:\/\/garbar.info\/zh\/wp-json\/wp\/v2\/comments?post=719"}],"version-history":[{"count":4,"href":"https:\/\/garbar.info\/zh\/wp-json\/wp\/v2\/pages\/719\/revisions"}],"predecessor-version":[{"id":723,"href":"https:\/\/garbar.info\/zh\/wp-json\/wp\/v2\/pages\/719\/revisions\/723"}],"up":[{"embeddable":true,"href":"https:\/\/garbar.info\/zh\/wp-json\/wp\/v2\/pages\/434"}],"wp:attachment":[{"href":"https:\/\/garbar.info\/zh\/wp-json\/wp\/v2\/media?parent=719"}],"curies":[{"name":"wp","href":"https:\/\/api.w.org\/{rel}","templated":true}]}}