{"id":714,"date":"2024-10-02T09:22:59","date_gmt":"2024-10-02T15:22:59","guid":{"rendered":"https:\/\/garbar.info\/?page_id=714"},"modified":"2024-10-02T09:24:17","modified_gmt":"2024-10-02T15:24:17","slug":"competencia-economica","status":"publish","type":"page","link":"https:\/\/garbar.info\/zh\/areas-de-practica\/competencia-economica\/","title":{"rendered":"\u7ecf\u6d4e\u7ade\u4e89"},"content":{"rendered":"<div data-elementor-type=\"wp-page\" data-elementor-id=\"714\" class=\"elementor elementor-714\" data-elementor-post-type=\"page\">\n\t\t\t\t\t\t<section class=\"elementor-section elementor-top-section elementor-element elementor-element-ba5c231 elementor-section-boxed elementor-section-height-default elementor-section-height-default\" data-id=\"ba5c231\" data-element_type=\"section\" data-settings=\"{&quot;background_background&quot;:&quot;classic&quot;}\">\n\t\t\t\t\t\t<div class=\"elementor-container elementor-column-gap-default\">\n\t\t\t\t\t<div class=\"elementor-column elementor-col-50 elementor-top-column elementor-element elementor-element-e082185\" data-id=\"e082185\" data-element_type=\"column\">\n\t\t\t<div class=\"elementor-widget-wrap elementor-element-populated\">\n\t\t\t\t\t\t<div class=\"elementor-element elementor-element-f5638b9 elementor-widget elementor-widget-heading\" data-id=\"f5638b9\" data-element_type=\"widget\" data-widget_type=\"heading.default\">\n\t\t\t\t<div class=\"elementor-widget-container\">\n\t\t\t\t\t<h2 class=\"elementor-heading-title elementor-size-default\">\u6211\u4eec\u7684\u670d\u52a1<\/h2>\t\t\t\t<\/div>\n\t\t\t\t<\/div>\n\t\t\t\t<div class=\"elementor-element elementor-element-6343e53 elementor-widget elementor-widget-heading\" data-id=\"6343e53\" data-element_type=\"widget\" data-widget_type=\"heading.default\">\n\t\t\t\t<div class=\"elementor-widget-container\">\n\t\t\t\t\t<h1 class=\"elementor-heading-title elementor-size-default\">\u7ecf\u6d4e\u7ade\u4e89\n<\/h1>\t\t\t\t<\/div>\n\t\t\t\t<\/div>\n\t\t\t\t<div class=\"elementor-element elementor-element-76d897b elementor-hidden-mobile elementor-widget elementor-widget-spacer\" data-id=\"76d897b\" data-element_type=\"widget\" data-widget_type=\"spacer.default\">\n\t\t\t\t<div class=\"elementor-widget-container\">\n\t\t\t\t\t\t\t<div class=\"elementor-spacer\">\n\t\t\t<div class=\"elementor-spacer-inner\"><\/div>\n\t\t<\/div>\n\t\t\t\t\t\t<\/div>\n\t\t\t\t<\/div>\n\t\t\t\t<div class=\"elementor-element elementor-element-e8e4634 elementor-hidden-mobile elementor-widget elementor-widget-premium-addon-button\" data-id=\"e8e4634\" data-element_type=\"widget\" data-widget_type=\"premium-addon-button.default\">\n\t\t\t\t<div class=\"elementor-widget-container\">\n\t\t\t\t\t\r\n\r\n\t\t<a class=\"premium-button premium-button-style2 premium-btn-sm premium-button-style2-shutinver\" href=\"https:\/\/garbar.info\/zh\/areas-de-practica\/\">\r\n\t\t\t<div class=\"premium-button-text-icon-wrapper\">\r\n\t\t\t\t\r\n\t\t\t\t\t\t\t\t\t<span >\r\n\t\t\t\t\t\t\u670d\u52a1\t\t\t\t\t<\/span>\r\n\t\t\t\t\r\n\t\t\t\t\t\t\t<\/div>\r\n\r\n\t\t\t\r\n\t\t\t\r\n\t\t\t\r\n\t\t<\/a>\r\n\r\n\r\n\t\t\t\t\t\t<\/div>\n\t\t\t\t<\/div>\n\t\t\t\t\t<\/div>\n\t\t<\/div>\n\t\t\t\t<div class=\"elementor-column elementor-col-50 elementor-top-column elementor-element elementor-element-c8807ac\" data-id=\"c8807ac\" data-element_type=\"column\">\n\t\t\t<div class=\"elementor-widget-wrap elementor-element-populated\">\n\t\t\t\t\t\t<div class=\"elementor-element elementor-element-3ac9a5d elementor-widget elementor-widget-heading\" data-id=\"3ac9a5d\" data-element_type=\"widget\" data-widget_type=\"heading.default\">\n\t\t\t\t<div class=\"elementor-widget-container\">\n\t\t\t\t\t<h1 class=\"elementor-heading-title elementor-size-default\">\u6211\u4eec\u4e3a\u5916\u56fd\u5ba2\u6237\u63d0\u4f9b\u54a8\u8be2\u5e76\u4ee3\u8868\u5176\u5728\u56fd\u5916\u8fdb\u884c\u7684\u5e76\u8d2d\uff0c\u5e76\u5728\u76f8\u5e94\u5f53\u5c40\u5904\u7406\u5176\u5728\u58a8\u897f\u54e5\u7684\u5b50\u516c\u53f8\u7684\u4e8b\u5b9c\u3002\n\n<\/h1>\t\t\t\t<\/div>\n\t\t\t\t<\/div>\n\t\t\t\t<div class=\"elementor-element elementor-element-85fc0ab elementor-widget elementor-widget-heading\" data-id=\"85fc0ab\" data-element_type=\"widget\" data-widget_type=\"heading.default\">\n\t\t\t\t<div class=\"elementor-widget-container\">\n\t\t\t\t\t<h1 class=\"elementor-heading-title elementor-size-default\">\u8fd9\u901a\u5e38\u662f\u4e0e\u5728\u5e76\u8d2d\u6240\u5728\u56fd\u5904\u7406\u5e76\u8d2d\u7684\u5916\u56fd\u5f8b\u5e08\u4e8b\u52a1\u6240\u534f\u8c03\u8fdb\u884c\u7684\u3002 \u6211\u4eec\u8fd8\u4e3a\u58a8\u897f\u54e5\u516c\u53f8\u5728\u8be5\u56fd\u8fdb\u884c\u7684\u6536\u8d2d\u548c\u5408\u5e76\u63d0\u4f9b\u4e0e\u8054\u90a6\u7ecf\u6d4e\u7ade\u4e89\u6cd5\u53ca\u5176\u76d1\u7ba1\u7acb\u6cd5\u76f8\u5173\u7684\u5408\u89c4\u670d\u52a1\u3002\n\n<\/h1>\t\t\t\t<\/div>\n\t\t\t\t<\/div>\n\t\t\t\t<div class=\"elementor-element elementor-element-b36c77f elementor-widget elementor-widget-heading\" data-id=\"b36c77f\" data-element_type=\"widget\" data-widget_type=\"heading.default\">\n\t\t\t\t<div class=\"elementor-widget-container\">\n\t\t\t\t\t<h1 class=\"elementor-heading-title elementor-size-default\">\u6211\u4eec\u7684\u670d\u52a1\u5305\u62ec\uff1a\n\n<\/h1>\t\t\t\t<\/div>\n\t\t\t\t<\/div>\n\t\t\t\t<div class=\"elementor-element elementor-element-b74b712 elementor-widget elementor-widget-heading\" data-id=\"b74b712\" data-element_type=\"widget\" data-widget_type=\"heading.default\">\n\t\t\t\t<div class=\"elementor-widget-container\">\n\t\t\t\t\t<h1 class=\"elementor-heading-title elementor-size-default\">\u00b7 \u5e76\u8d2d\u63a7\u5236\n<br>\n\u00b7 \u53cd\u5784\u65ad\u8bc9\u8bbc\n<br>\n\u00b7       Investigaciones de c\u00e1rteles (incluidas Dawn Raids y solicitudes de clemencia)\n<br>\n\u00b7 \u6ee5\u7528\u652f\u914d\u5730\u4f4d\/\u5784\u65ad\n<br>\n\u00b7 \u5408\u89c4\u4e0e\u5ba1\u8ba1<\/h1>\t\t\t\t<\/div>\n\t\t\t\t<\/div>\n\t\t\t\t<div class=\"elementor-element elementor-element-d0a08b0 elementor-widget elementor-widget-heading\" data-id=\"d0a08b0\" data-element_type=\"widget\" data-widget_type=\"heading.default\">\n\t\t\t\t<div class=\"elementor-widget-container\">\n\t\t\t\t\t<h1 class=\"elementor-heading-title elementor-size-default\">\u4e0e\u4e0a\u8ff0\u76f8\u5173\uff0c\u6211\u4eec\u8fd8\u63d0\u4f9b\u4e0e\u8bc9\u8bbc\u76f8\u5173\u7684\u670d\u52a1\uff0c\u5305\u62ec\u5baa\u6cd5\u6743\u5229\u4fdd\u62a4\u8bc9\u8bbc\u3002\n\n<\/h1>\t\t\t\t<\/div>\n\t\t\t\t<\/div>\n\t\t\t\t<div class=\"elementor-element elementor-element-fcc7bb0 elementor-hidden-desktop elementor-widget elementor-widget-premium-addon-button\" data-id=\"fcc7bb0\" data-element_type=\"widget\" data-widget_type=\"premium-addon-button.default\">\n\t\t\t\t<div class=\"elementor-widget-container\">\n\t\t\t\t\t\r\n\r\n\t\t<a class=\"premium-button premium-button-style2 premium-btn-sm premium-button-style2-shutinver\" href=\"https:\/\/garbar.info\/zh\/areas-de-practica\/\">\r\n\t\t\t<div class=\"premium-button-text-icon-wrapper\">\r\n\t\t\t\t\r\n\t\t\t\t\t\t\t\t\t<span >\r\n\t\t\t\t\t\t\u670d\u52a1\t\t\t\t\t<\/span>\r\n\t\t\t\t\r\n\t\t\t\t\t\t\t<\/div>\r\n\r\n\t\t\t\r\n\t\t\t\r\n\t\t\t\r\n\t\t<\/a>\r\n\r\n\r\n\t\t\t\t\t\t<\/div>\n\t\t\t\t<\/div>\n\t\t\t\t\t<\/div>\n\t\t<\/div>\n\t\t\t\t\t<\/div>\n\t\t<\/section>\n\t\t\t\t<\/div>","protected":false},"excerpt":{"rendered":"<p>Nuestros Servicios Competencia Econ\u00f3mica Servicios Asesoramos y representamos a clientes extranjeros, en relaci\u00f3n con fusiones y adquisiciones efectuadas en el extranjero, con efectos respecto de sus subsidiarias en M\u00e9xico, ante las autoridades correspondientes. Ello usualmente se lleva a cabo en forma coordinada con firmas legales en el extranjero que manejaron las fusiones y adquisiciones en &#8230; <a title=\"\u7ecf\u6d4e\u7ade\u4e89\" class=\"read-more\" href=\"https:\/\/garbar.info\/zh\/areas-de-practica\/competencia-economica\/\" aria-label=\"\u9605\u8bfb Competencia Econ\u00f3mica\">\u9605\u8bfb\u66f4\u591a<\/a><\/p>","protected":false},"author":1,"featured_media":0,"parent":434,"menu_order":0,"comment_status":"closed","ping_status":"closed","template":"elementor_header_footer","meta":{"inline_featured_image":false,"footnotes":""},"class_list":["post-714","page","type-page","status-publish"],"_links":{"self":[{"href":"https:\/\/garbar.info\/zh\/wp-json\/wp\/v2\/pages\/714","targetHints":{"allow":["GET"]}}],"collection":[{"href":"https:\/\/garbar.info\/zh\/wp-json\/wp\/v2\/pages"}],"about":[{"href":"https:\/\/garbar.info\/zh\/wp-json\/wp\/v2\/types\/page"}],"author":[{"embeddable":true,"href":"https:\/\/garbar.info\/zh\/wp-json\/wp\/v2\/users\/1"}],"replies":[{"embeddable":true,"href":"https:\/\/garbar.info\/zh\/wp-json\/wp\/v2\/comments?post=714"}],"version-history":[{"count":4,"href":"https:\/\/garbar.info\/zh\/wp-json\/wp\/v2\/pages\/714\/revisions"}],"predecessor-version":[{"id":718,"href":"https:\/\/garbar.info\/zh\/wp-json\/wp\/v2\/pages\/714\/revisions\/718"}],"up":[{"embeddable":true,"href":"https:\/\/garbar.info\/zh\/wp-json\/wp\/v2\/pages\/434"}],"wp:attachment":[{"href":"https:\/\/garbar.info\/zh\/wp-json\/wp\/v2\/media?parent=714"}],"curies":[{"name":"wp","href":"https:\/\/api.w.org\/{rel}","templated":true}]}}