{"id":700,"date":"2024-10-02T09:15:06","date_gmt":"2024-10-02T15:15:06","guid":{"rendered":"https:\/\/garbar.info\/?page_id=700"},"modified":"2024-10-02T09:16:24","modified_gmt":"2024-10-02T15:16:24","slug":"regulatorio","status":"publish","type":"page","link":"https:\/\/garbar.info\/zh\/areas-de-practica\/regulatorio\/","title":{"rendered":"\u76d1\u7ba1"},"content":{"rendered":"<div data-elementor-type=\"wp-page\" data-elementor-id=\"700\" class=\"elementor elementor-700\" data-elementor-post-type=\"page\">\n\t\t\t\t\t\t<section class=\"elementor-section elementor-top-section elementor-element elementor-element-ba5c231 elementor-section-boxed elementor-section-height-default elementor-section-height-default\" data-id=\"ba5c231\" data-element_type=\"section\" data-settings=\"{&quot;background_background&quot;:&quot;classic&quot;}\">\n\t\t\t\t\t\t<div class=\"elementor-container elementor-column-gap-default\">\n\t\t\t\t\t<div class=\"elementor-column elementor-col-50 elementor-top-column elementor-element elementor-element-e082185\" data-id=\"e082185\" data-element_type=\"column\">\n\t\t\t<div class=\"elementor-widget-wrap elementor-element-populated\">\n\t\t\t\t\t\t<div class=\"elementor-element elementor-element-f5638b9 elementor-widget elementor-widget-heading\" data-id=\"f5638b9\" data-element_type=\"widget\" data-widget_type=\"heading.default\">\n\t\t\t\t<div class=\"elementor-widget-container\">\n\t\t\t\t\t<h2 class=\"elementor-heading-title elementor-size-default\">\u6211\u4eec\u7684\u670d\u52a1<\/h2>\t\t\t\t<\/div>\n\t\t\t\t<\/div>\n\t\t\t\t<div class=\"elementor-element elementor-element-6343e53 elementor-widget elementor-widget-heading\" data-id=\"6343e53\" data-element_type=\"widget\" data-widget_type=\"heading.default\">\n\t\t\t\t<div class=\"elementor-widget-container\">\n\t\t\t\t\t<h1 class=\"elementor-heading-title elementor-size-default\">\u76d1\u7ba1<\/h1>\t\t\t\t<\/div>\n\t\t\t\t<\/div>\n\t\t\t\t<div class=\"elementor-element elementor-element-76d897b elementor-hidden-mobile elementor-widget elementor-widget-spacer\" data-id=\"76d897b\" data-element_type=\"widget\" data-widget_type=\"spacer.default\">\n\t\t\t\t<div class=\"elementor-widget-container\">\n\t\t\t\t\t\t\t<div class=\"elementor-spacer\">\n\t\t\t<div class=\"elementor-spacer-inner\"><\/div>\n\t\t<\/div>\n\t\t\t\t\t\t<\/div>\n\t\t\t\t<\/div>\n\t\t\t\t<div class=\"elementor-element elementor-element-e8e4634 elementor-hidden-mobile elementor-widget elementor-widget-premium-addon-button\" data-id=\"e8e4634\" data-element_type=\"widget\" data-widget_type=\"premium-addon-button.default\">\n\t\t\t\t<div class=\"elementor-widget-container\">\n\t\t\t\t\t\r\n\r\n\t\t<a class=\"premium-button premium-button-style2 premium-btn-sm premium-button-style2-shutinver\" href=\"https:\/\/garbar.info\/zh\/areas-de-practica\/\">\r\n\t\t\t<div class=\"premium-button-text-icon-wrapper\">\r\n\t\t\t\t\r\n\t\t\t\t\t\t\t\t\t<span >\r\n\t\t\t\t\t\t\u670d\u52a1\t\t\t\t\t<\/span>\r\n\t\t\t\t\r\n\t\t\t\t\t\t\t<\/div>\r\n\r\n\t\t\t\r\n\t\t\t\r\n\t\t\t\r\n\t\t<\/a>\r\n\r\n\r\n\t\t\t\t\t\t<\/div>\n\t\t\t\t<\/div>\n\t\t\t\t\t<\/div>\n\t\t<\/div>\n\t\t\t\t<div class=\"elementor-column elementor-col-50 elementor-top-column elementor-element elementor-element-c8807ac\" data-id=\"c8807ac\" data-element_type=\"column\">\n\t\t\t<div class=\"elementor-widget-wrap elementor-element-populated\">\n\t\t\t\t\t\t<div class=\"elementor-element elementor-element-3ac9a5d elementor-widget elementor-widget-heading\" data-id=\"3ac9a5d\" data-element_type=\"widget\" data-widget_type=\"heading.default\">\n\t\t\t\t<div class=\"elementor-widget-container\">\n\t\t\t\t\t<h1 class=\"elementor-heading-title elementor-size-default\">\u6211\u4eec\u4e86\u89e3\u5f71\u54cd\u79d1\u5b66\u548c\u533b\u7597\u884c\u4e1a\u7684\u6cd5\u5f8b\u3001\u79d1\u5b66\u548c\u5546\u4e1a\u8981\u6c42\u3002\u6211\u4eec\u4e0e\u5236\u836f\u3001\u533b\u7597\u5668\u68b0\u3001\u751f\u7269\u6280\u672f\u3001\u519c\u4e1a\u548c\u98df\u54c1\u9886\u57df\u7684\u9886\u5148\u79d1\u5b66\u548c\u533b\u7597\u4fdd\u5065\u516c\u53f8\u5efa\u7acb\u4e86\u957f\u671f\u5408\u4f5c\u5173\u7cfb\u3002\n\n<\/h1>\t\t\t\t<\/div>\n\t\t\t\t<\/div>\n\t\t\t\t<div class=\"elementor-element elementor-element-85fc0ab elementor-widget elementor-widget-heading\" data-id=\"85fc0ab\" data-element_type=\"widget\" data-widget_type=\"heading.default\">\n\t\t\t\t<div class=\"elementor-widget-container\">\n\t\t\t\t\t<h1 class=\"elementor-heading-title elementor-size-default\">\u6211\u4eec\u7684\u4e13\u4e1a\u5f8b\u5e08\u66fe\u5728\u5236\u836f\u3001\u751f\u7269\u6280\u672f\u3001\u533b\u7597\u8bbe\u5907\u548c\u8bca\u65ad\u9886\u57df\u5f00\u53d1\u5171\u4eab\u80fd\u529b\u3002\n\n<\/h1>\t\t\t\t<\/div>\n\t\t\t\t<\/div>\n\t\t\t\t<div class=\"elementor-element elementor-element-b36c77f elementor-widget elementor-widget-heading\" data-id=\"b36c77f\" data-element_type=\"widget\" data-widget_type=\"heading.default\">\n\t\t\t\t<div class=\"elementor-widget-container\">\n\t\t\t\t\t<h1 class=\"elementor-heading-title elementor-size-default\">\u6211\u4eec\u63d0\u4f9b\u5065\u5eb7\u9886\u57df\u7684\u6cd5\u5f8b\u54a8\u8be2\u670d\u52a1\uff0c\u5305\u62ec\u5728 COFEPRIS \u4e4b\u524d\u5904\u7406\u6240\u6709\u53d7\u5065\u5eb7\u63a7\u5236\u7684\u4ea7\u54c1\u548c\u670d\u52a1\u5728\u58a8\u897f\u54e5\u7684\u5236\u9020\u3001\u6ce8\u518c\u3001\u8fdb\u53e3\u548c\/\u6216\u8425\u9500\u7684\u6240\u6709\u7a0b\u5e8f\u3002\u8fd9\u4e9b\u4ea7\u54c1\u5305\u62ec\u4fdd\u5065\u7528\u54c1\u3001\u98df\u54c1\u3001\u996e\u6599\u3001\u81b3\u98df\u8865\u5145\u5242\u3001\u987a\u52bf\u7597\u6cd5\u836f\u7269\u3001\u8349\u836f\u3001\u6740\u866b\u5242\u3001\u80a5\u6599\u4ee5\u53ca\u9999\u6c34\u3001\u7f8e\u5bb9\u548c\u536b\u751f\u4ea7\u54c1\u3002\n\n<\/h1>\t\t\t\t<\/div>\n\t\t\t\t<\/div>\n\t\t\t\t<div class=\"elementor-element elementor-element-94784c1 elementor-widget elementor-widget-heading\" data-id=\"94784c1\" data-element_type=\"widget\" data-widget_type=\"heading.default\">\n\t\t\t\t<div class=\"elementor-widget-container\">\n\t\t\t\t\t<h1 class=\"elementor-heading-title elementor-size-default\">\u6211\u4eec\u5bf9\u4ea7\u54c1\u7684\u914d\u65b9\u3001\u540d\u79f0\u548c\u5206\u7c7b\u8fdb\u884c\u5ba1\u67e5\uff1b\u4ee5\u53ca\u5bf9\u6807\u7b7e\u3001\u5305\u88c5\u3001\u5e7f\u544a\u6750\u6599\u548c\u76ee\u5f55\u7684\u5ba1\u67e5\uff0c\u4e3a\u91cd\u65b0\u914d\u5236\u4ea7\u54c1\u548c\u4fee\u6539\u6807\u7b7e\u63d0\u4f9b\u66ff\u4ee3\u65b9\u6848\uff08\u5982\u6709\u5fc5\u8981\uff09\uff0c\u4ee5\u786e\u4fdd\u7b26\u5408\u58a8\u897f\u54e5\u5b98\u65b9\u6807\u51c6 (NOM) \u548c\u9002\u7528\u7684\u73b0\u884c\u6cd5\u89c4\u3002\n\n<\/h1>\t\t\t\t<\/div>\n\t\t\t\t<\/div>\n\t\t\t\t<div class=\"elementor-element elementor-element-792aeef elementor-widget elementor-widget-heading\" data-id=\"792aeef\" data-element_type=\"widget\" data-widget_type=\"heading.default\">\n\t\t\t\t<div class=\"elementor-widget-container\">\n\t\t\t\t\t<h1 class=\"elementor-heading-title elementor-size-default\">\u5728\u6d88\u8d39\u8005\u4fdd\u62a4\u65b9\u9762\uff0c\u6211\u4eec\u4ece\u6cd5\u5f8b\u548c\u6280\u672f\u89d2\u5ea6\u4e3a\u5ba2\u6237\u63d0\u4f9b\u5efa\u8bae\uff0c\u4ee5\u4fbf\u4ed6\u4eec\u80fd\u591f\u4e3a\u6d88\u8d39\u8005\u63d0\u4f9b\u6700\u51c6\u786e\u7684\u4fe1\u606f\uff0c\u4ee5\u9075\u5b88\u6d88\u8d39\u8005\u4fdd\u62a4\u7684\u6cd5\u5f8b\u6846\u67b6\u3002\u6211\u4eec\u7684\u5efa\u8bae\u5305\u62ec\uff1a\u5728 PROFECO \u4e4b\u524d\u4fdd\u62a4\u4e2a\u4eba\u6570\u636e\u3001\u9690\u79c1\u58f0\u660e\u3001\u7b7e\u8ba2\u5408\u540c\u3001\u5728 PROFECO \u4e4b\u524d\u9488\u5bf9\u4ea7\u54c1\u56fa\u5b9a\u6d41\u7a0b\u8fdb\u884c\u8fa9\u62a4\u3001\u5728 PROFECO \u4e4b\u524d\u9488\u5bf9\u5173\u95ed\u573a\u6240\u8fdb\u884c\u8fa9\u62a4\u3001\u9488\u5bf9\u6d88\u8d39\u8005\u6295\u8bc9\u4e3a\u516c\u53f8\u8fa9\u62a4\u4ee5\u53ca\u91c7\u53d6\u5927\u4f17\u8fa9\u62a4\u884c\u52a8\uff08\u96c6\u4f53\u6216\u96c6\u4f53\uff09\u3002\u96c6\u4f53\u8bc9\u8bbc\uff09\u6765\u4fdd\u62a4\u6211\u4eec\u7684\u5ba2\u6237\u3002\n\n<\/h1>\t\t\t\t<\/div>\n\t\t\t\t<\/div>\n\t\t\t\t<div class=\"elementor-element elementor-element-fcc7bb0 elementor-hidden-desktop elementor-widget elementor-widget-premium-addon-button\" data-id=\"fcc7bb0\" data-element_type=\"widget\" data-widget_type=\"premium-addon-button.default\">\n\t\t\t\t<div class=\"elementor-widget-container\">\n\t\t\t\t\t\r\n\r\n\t\t<a class=\"premium-button premium-button-style2 premium-btn-sm premium-button-style2-shutinver\" href=\"https:\/\/garbar.info\/zh\/areas-de-practica\/\">\r\n\t\t\t<div class=\"premium-button-text-icon-wrapper\">\r\n\t\t\t\t\r\n\t\t\t\t\t\t\t\t\t<span >\r\n\t\t\t\t\t\t\u670d\u52a1\t\t\t\t\t<\/span>\r\n\t\t\t\t\r\n\t\t\t\t\t\t\t<\/div>\r\n\r\n\t\t\t\r\n\t\t\t\r\n\t\t\t\r\n\t\t<\/a>\r\n\r\n\r\n\t\t\t\t\t\t<\/div>\n\t\t\t\t<\/div>\n\t\t\t\t\t<\/div>\n\t\t<\/div>\n\t\t\t\t\t<\/div>\n\t\t<\/section>\n\t\t\t\t<\/div>","protected":false},"excerpt":{"rendered":"<p>Nuestros Servicios Regulatorio Servicios Comprendemos los imperativos legales, cient\u00edficos y comerciales, que afectan las industrias de las ciencias y m\u00e9dicas. Hemos establecido relaciones a largo plazo con las principales empresas de ciencias y de la salud en las \u00e1reas de productos farmac\u00e9uticos, dispositivos m\u00e9dicos, biotecnolog\u00eda, agricultura y alimentos. Nuestros abogados expertos han trabajado en el &#8230; <a title=\"\u76d1\u7ba1\" class=\"read-more\" href=\"https:\/\/garbar.info\/zh\/areas-de-practica\/regulatorio\/\" aria-label=\"\u9605\u8bfb Regulatorio\">\u9605\u8bfb\u66f4\u591a<\/a><\/p>","protected":false},"author":1,"featured_media":0,"parent":434,"menu_order":0,"comment_status":"closed","ping_status":"closed","template":"elementor_header_footer","meta":{"inline_featured_image":false,"footnotes":""},"class_list":["post-700","page","type-page","status-publish"],"_links":{"self":[{"href":"https:\/\/garbar.info\/zh\/wp-json\/wp\/v2\/pages\/700","targetHints":{"allow":["GET"]}}],"collection":[{"href":"https:\/\/garbar.info\/zh\/wp-json\/wp\/v2\/pages"}],"about":[{"href":"https:\/\/garbar.info\/zh\/wp-json\/wp\/v2\/types\/page"}],"author":[{"embeddable":true,"href":"https:\/\/garbar.info\/zh\/wp-json\/wp\/v2\/users\/1"}],"replies":[{"embeddable":true,"href":"https:\/\/garbar.info\/zh\/wp-json\/wp\/v2\/comments?post=700"}],"version-history":[{"count":4,"href":"https:\/\/garbar.info\/zh\/wp-json\/wp\/v2\/pages\/700\/revisions"}],"predecessor-version":[{"id":704,"href":"https:\/\/garbar.info\/zh\/wp-json\/wp\/v2\/pages\/700\/revisions\/704"}],"up":[{"embeddable":true,"href":"https:\/\/garbar.info\/zh\/wp-json\/wp\/v2\/pages\/434"}],"wp:attachment":[{"href":"https:\/\/garbar.info\/zh\/wp-json\/wp\/v2\/media?parent=700"}],"curies":[{"name":"wp","href":"https:\/\/api.w.org\/{rel}","templated":true}]}}