{"id":687,"date":"2024-10-02T09:11:46","date_gmt":"2024-10-02T15:11:46","guid":{"rendered":"https:\/\/garbar.info\/?page_id=687"},"modified":"2024-10-02T09:12:58","modified_gmt":"2024-10-02T15:12:58","slug":"energia-y-recursos-naturales","status":"publish","type":"page","link":"https:\/\/garbar.info\/zh\/areas-de-practica\/energia-y-recursos-naturales\/","title":{"rendered":"\u80fd\u6e90\u548c\u81ea\u7136\u8d44\u6e90"},"content":{"rendered":"<div data-elementor-type=\"wp-page\" data-elementor-id=\"687\" class=\"elementor elementor-687\" data-elementor-post-type=\"page\">\n\t\t\t\t\t\t<section class=\"elementor-section elementor-top-section elementor-element elementor-element-ba5c231 elementor-section-boxed elementor-section-height-default elementor-section-height-default\" data-id=\"ba5c231\" data-element_type=\"section\" data-settings=\"{&quot;background_background&quot;:&quot;classic&quot;}\">\n\t\t\t\t\t\t<div class=\"elementor-container elementor-column-gap-default\">\n\t\t\t\t\t<div class=\"elementor-column elementor-col-50 elementor-top-column elementor-element elementor-element-e082185\" data-id=\"e082185\" data-element_type=\"column\">\n\t\t\t<div class=\"elementor-widget-wrap elementor-element-populated\">\n\t\t\t\t\t\t<div class=\"elementor-element elementor-element-f5638b9 elementor-widget elementor-widget-heading\" data-id=\"f5638b9\" data-element_type=\"widget\" data-widget_type=\"heading.default\">\n\t\t\t\t<div class=\"elementor-widget-container\">\n\t\t\t\t\t<h2 class=\"elementor-heading-title elementor-size-default\">\u6211\u4eec\u7684\u670d\u52a1<\/h2>\t\t\t\t<\/div>\n\t\t\t\t<\/div>\n\t\t\t\t<div class=\"elementor-element elementor-element-6343e53 elementor-widget elementor-widget-heading\" data-id=\"6343e53\" data-element_type=\"widget\" data-widget_type=\"heading.default\">\n\t\t\t\t<div class=\"elementor-widget-container\">\n\t\t\t\t\t<h1 class=\"elementor-heading-title elementor-size-default\">\u80fd\u6e90\u548c\u81ea\u7136\u8d44\u6e90<\/h1>\t\t\t\t<\/div>\n\t\t\t\t<\/div>\n\t\t\t\t<div class=\"elementor-element elementor-element-76d897b elementor-hidden-mobile elementor-widget elementor-widget-spacer\" data-id=\"76d897b\" data-element_type=\"widget\" data-widget_type=\"spacer.default\">\n\t\t\t\t<div class=\"elementor-widget-container\">\n\t\t\t\t\t\t\t<div class=\"elementor-spacer\">\n\t\t\t<div class=\"elementor-spacer-inner\"><\/div>\n\t\t<\/div>\n\t\t\t\t\t\t<\/div>\n\t\t\t\t<\/div>\n\t\t\t\t<div class=\"elementor-element elementor-element-e8e4634 elementor-hidden-mobile elementor-widget elementor-widget-premium-addon-button\" data-id=\"e8e4634\" data-element_type=\"widget\" data-widget_type=\"premium-addon-button.default\">\n\t\t\t\t<div class=\"elementor-widget-container\">\n\t\t\t\t\t\r\n\r\n\t\t<a class=\"premium-button premium-button-style2 premium-btn-sm premium-button-style2-shutinver\" href=\"https:\/\/garbar.info\/zh\/areas-de-practica\/\">\r\n\t\t\t<div class=\"premium-button-text-icon-wrapper\">\r\n\t\t\t\t\r\n\t\t\t\t\t\t\t\t\t<span >\r\n\t\t\t\t\t\t\u670d\u52a1\t\t\t\t\t<\/span>\r\n\t\t\t\t\r\n\t\t\t\t\t\t\t<\/div>\r\n\r\n\t\t\t\r\n\t\t\t\r\n\t\t\t\r\n\t\t<\/a>\r\n\r\n\r\n\t\t\t\t\t\t<\/div>\n\t\t\t\t<\/div>\n\t\t\t\t\t<\/div>\n\t\t<\/div>\n\t\t\t\t<div class=\"elementor-column elementor-col-50 elementor-top-column elementor-element elementor-element-c8807ac\" data-id=\"c8807ac\" data-element_type=\"column\">\n\t\t\t<div class=\"elementor-widget-wrap elementor-element-populated\">\n\t\t\t\t\t\t<div class=\"elementor-element elementor-element-3ac9a5d elementor-widget elementor-widget-heading\" data-id=\"3ac9a5d\" data-element_type=\"widget\" data-widget_type=\"heading.default\">\n\t\t\t\t<div class=\"elementor-widget-container\">\n\t\t\t\t\t<h1 class=\"elementor-heading-title elementor-size-default\">\u6211\u4eec\u4ee3\u8868\u77f3\u6cb9\u548c\u5929\u7136\u6c14\u884c\u4e1a\u6574\u4e2a\u4ef7\u503c\u94fe\u4e0a\u7684\u5927\u91cf\u516c\u53f8\uff0c\u5305\u62ec\u4e0a\u6e38\u3001\u4e2d\u6e38\u548c\u4e0b\u6e38\u3001\u7ba1\u9053\u3001\u50a8\u5b58\u548c\u7801\u5934\u516c\u53f8\u3001\u6cb9\u7530\u670d\u52a1\u63d0\u4f9b\u5546\u548cEPC\u627f\u5305\u5546\u3001\u77f3\u5316\u516c\u53f8\u548c\u70bc\u6cb9\u3001\u8d38\u6613\u516c\u53f8\u548c\u6c7d\u6cb9\u7b49\u7cbe\u5236\u4ea7\u54c1\u3002\u4ea7\u54c1\u8425\u9500\u4eba\u5458\u3001\u94f6\u884c\u548c\u91d1\u878d\u673a\u6784\u4ee5\u53ca\u5176\u4ed6\u77f3\u6cb9\u548c\u5929\u7136\u6c14\u884c\u4e1a\u6295\u8d44\u8005\u3002\n\n<\/h1>\t\t\t\t<\/div>\n\t\t\t\t<\/div>\n\t\t\t\t<div class=\"elementor-element elementor-element-85fc0ab elementor-widget elementor-widget-heading\" data-id=\"85fc0ab\" data-element_type=\"widget\" data-widget_type=\"heading.default\">\n\t\t\t\t<div class=\"elementor-widget-container\">\n\t\t\t\t\t<h1 class=\"elementor-heading-title elementor-size-default\">\u6211\u4eec\u4e3a\u5916\u56fd\u548c\u56fd\u5185\u627f\u5305\u5546\u63d0\u4f9b\u6709\u5173\u6295\u6807\u4ee5\u4ece\u8d1f\u8d23\u77f3\u6cb9\u548c\u5929\u7136\u6c14\u4ee5\u53ca\u7535\u529b\u7684\u653f\u5e9c\u5b9e\u4f53\u83b7\u5f97\u5408\u540c\u7684\u54a8\u8be2\u670d\u52a1\u3002\u5728\u8bb8\u591a\u60c5\u51b5\u4e0b\uff0c\u5916\u56fd\u627f\u5305\u5546\u901a\u8fc7\u58a8\u897f\u54e5\u5b50\u516c\u53f8\u884c\u4e8b\u3002\u540c\u6837\uff0c\u5b83\u8fd8\u63d0\u4f9b\u4e0e\u5404\u5408\u540c\u7684\u8ba8\u8bba\u548c\u51c6\u5907\u76f8\u5173\u7684\u670d\u52a1\u3002\n\n<\/h1>\t\t\t\t<\/div>\n\t\t\t\t<\/div>\n\t\t\t\t<div class=\"elementor-element elementor-element-b36c77f elementor-widget elementor-widget-heading\" data-id=\"b36c77f\" data-element_type=\"widget\" data-widget_type=\"heading.default\">\n\t\t\t\t<div class=\"elementor-widget-container\">\n\t\t\t\t\t<h1 class=\"elementor-heading-title elementor-size-default\">\u6211\u4eec\u8fd8\u4e3a\u4e0a\u8ff0\u653f\u5e9c\u5b9e\u4f53\u7684\u4f9b\u5e94\u5546\u516c\u53f8\u63d0\u4f9b\u6709\u5173\u83b7\u5f97\u7535\u80fd\u4f9b\u5e94\u548c\u9500\u552e\u3001\u7535\u80fd\u751f\u4ea7\u3001\u51fa\u53e3\u548c\u8fdb\u53e3\u4ee5\u53ca\u5929\u7136\u6c14\u8fd0\u8f93\u548c\u50a8\u5b58\u6388\u6743\u7b49\u65b9\u9762\u7684\u670d\u52a1\u3002\n\n<\/h1>\t\t\t\t<\/div>\n\t\t\t\t<\/div>\n\t\t\t\t<div class=\"elementor-element elementor-element-fcc7bb0 elementor-hidden-desktop elementor-widget elementor-widget-premium-addon-button\" data-id=\"fcc7bb0\" data-element_type=\"widget\" data-widget_type=\"premium-addon-button.default\">\n\t\t\t\t<div class=\"elementor-widget-container\">\n\t\t\t\t\t\r\n\r\n\t\t<a class=\"premium-button premium-button-style2 premium-btn-sm premium-button-style2-shutinver\" href=\"https:\/\/garbar.info\/zh\/areas-de-practica\/\">\r\n\t\t\t<div class=\"premium-button-text-icon-wrapper\">\r\n\t\t\t\t\r\n\t\t\t\t\t\t\t\t\t<span >\r\n\t\t\t\t\t\t\u670d\u52a1\t\t\t\t\t<\/span>\r\n\t\t\t\t\r\n\t\t\t\t\t\t\t<\/div>\r\n\r\n\t\t\t\r\n\t\t\t\r\n\t\t\t\r\n\t\t<\/a>\r\n\r\n\r\n\t\t\t\t\t\t<\/div>\n\t\t\t\t<\/div>\n\t\t\t\t\t<\/div>\n\t\t<\/div>\n\t\t\t\t\t<\/div>\n\t\t<\/section>\n\t\t\t\t<\/div>","protected":false},"excerpt":{"rendered":"<p>Nuestros Servicios Energ\u00eda y Recursos Naturales Servicios Representamos a un importante n\u00famero de empresas en las industrias de petr\u00f3leo y gas en toda la cadena de valor, incluidos upstream, midstream y downstream, empresas de oleoductos, almacenamiento y terminales, proveedores de servicios de yacimientos petrol\u00edferos y contratistas de EPC, empresas petroqu\u00edmicas y de refinaci\u00f3n, empresas comerciales &#8230; <a title=\"\u80fd\u6e90\u548c\u81ea\u7136\u8d44\u6e90\" class=\"read-more\" href=\"https:\/\/garbar.info\/zh\/areas-de-practica\/energia-y-recursos-naturales\/\" aria-label=\"\u9605\u8bfb Energ\u00eda y Recursos Naturales\">\u9605\u8bfb\u66f4\u591a<\/a><\/p>","protected":false},"author":1,"featured_media":0,"parent":434,"menu_order":0,"comment_status":"closed","ping_status":"closed","template":"elementor_header_footer","meta":{"inline_featured_image":false,"footnotes":""},"class_list":["post-687","page","type-page","status-publish"],"_links":{"self":[{"href":"https:\/\/garbar.info\/zh\/wp-json\/wp\/v2\/pages\/687","targetHints":{"allow":["GET"]}}],"collection":[{"href":"https:\/\/garbar.info\/zh\/wp-json\/wp\/v2\/pages"}],"about":[{"href":"https:\/\/garbar.info\/zh\/wp-json\/wp\/v2\/types\/page"}],"author":[{"embeddable":true,"href":"https:\/\/garbar.info\/zh\/wp-json\/wp\/v2\/users\/1"}],"replies":[{"embeddable":true,"href":"https:\/\/garbar.info\/zh\/wp-json\/wp\/v2\/comments?post=687"}],"version-history":[{"count":4,"href":"https:\/\/garbar.info\/zh\/wp-json\/wp\/v2\/pages\/687\/revisions"}],"predecessor-version":[{"id":691,"href":"https:\/\/garbar.info\/zh\/wp-json\/wp\/v2\/pages\/687\/revisions\/691"}],"up":[{"embeddable":true,"href":"https:\/\/garbar.info\/zh\/wp-json\/wp\/v2\/pages\/434"}],"wp:attachment":[{"href":"https:\/\/garbar.info\/zh\/wp-json\/wp\/v2\/media?parent=687"}],"curies":[{"name":"wp","href":"https:\/\/api.w.org\/{rel}","templated":true}]}}