{"id":654,"date":"2024-10-02T08:45:30","date_gmt":"2024-10-02T14:45:30","guid":{"rendered":"https:\/\/garbar.info\/?page_id=654"},"modified":"2024-10-02T08:47:01","modified_gmt":"2024-10-02T14:47:01","slug":"telecomunicaciones","status":"publish","type":"page","link":"https:\/\/garbar.info\/zh\/areas-de-practica\/telecomunicaciones\/","title":{"rendered":"\u7535\u4fe1"},"content":{"rendered":"<div data-elementor-type=\"wp-page\" data-elementor-id=\"654\" class=\"elementor elementor-654\" data-elementor-post-type=\"page\">\n\t\t\t\t\t\t<section class=\"elementor-section elementor-top-section elementor-element elementor-element-ba5c231 elementor-section-boxed elementor-section-height-default elementor-section-height-default\" data-id=\"ba5c231\" data-element_type=\"section\" data-settings=\"{&quot;background_background&quot;:&quot;classic&quot;}\">\n\t\t\t\t\t\t<div class=\"elementor-container elementor-column-gap-default\">\n\t\t\t\t\t<div class=\"elementor-column elementor-col-50 elementor-top-column elementor-element elementor-element-e082185\" data-id=\"e082185\" data-element_type=\"column\">\n\t\t\t<div class=\"elementor-widget-wrap elementor-element-populated\">\n\t\t\t\t\t\t<div class=\"elementor-element elementor-element-f5638b9 elementor-widget elementor-widget-heading\" data-id=\"f5638b9\" data-element_type=\"widget\" data-widget_type=\"heading.default\">\n\t\t\t\t<div class=\"elementor-widget-container\">\n\t\t\t\t\t<h2 class=\"elementor-heading-title elementor-size-default\">\u6211\u4eec\u7684\u670d\u52a1<\/h2>\t\t\t\t<\/div>\n\t\t\t\t<\/div>\n\t\t\t\t<div class=\"elementor-element elementor-element-6343e53 elementor-widget elementor-widget-heading\" data-id=\"6343e53\" data-element_type=\"widget\" data-widget_type=\"heading.default\">\n\t\t\t\t<div class=\"elementor-widget-container\">\n\t\t\t\t\t<h1 class=\"elementor-heading-title elementor-size-default\">\u7535\u4fe1<\/h1>\t\t\t\t<\/div>\n\t\t\t\t<\/div>\n\t\t\t\t<div class=\"elementor-element elementor-element-76d897b elementor-hidden-mobile elementor-widget elementor-widget-spacer\" data-id=\"76d897b\" data-element_type=\"widget\" data-widget_type=\"spacer.default\">\n\t\t\t\t<div class=\"elementor-widget-container\">\n\t\t\t\t\t\t\t<div class=\"elementor-spacer\">\n\t\t\t<div class=\"elementor-spacer-inner\"><\/div>\n\t\t<\/div>\n\t\t\t\t\t\t<\/div>\n\t\t\t\t<\/div>\n\t\t\t\t<div class=\"elementor-element elementor-element-e8e4634 elementor-hidden-mobile elementor-widget elementor-widget-premium-addon-button\" data-id=\"e8e4634\" data-element_type=\"widget\" data-widget_type=\"premium-addon-button.default\">\n\t\t\t\t<div class=\"elementor-widget-container\">\n\t\t\t\t\t\r\n\r\n\t\t<a class=\"premium-button premium-button-style2 premium-btn-sm premium-button-style2-shutinver\" href=\"https:\/\/garbar.info\/zh\/areas-de-practica\/\">\r\n\t\t\t<div class=\"premium-button-text-icon-wrapper\">\r\n\t\t\t\t\r\n\t\t\t\t\t\t\t\t\t<span >\r\n\t\t\t\t\t\t\u670d\u52a1\t\t\t\t\t<\/span>\r\n\t\t\t\t\r\n\t\t\t\t\t\t\t<\/div>\r\n\r\n\t\t\t\r\n\t\t\t\r\n\t\t\t\r\n\t\t<\/a>\r\n\r\n\r\n\t\t\t\t\t\t<\/div>\n\t\t\t\t<\/div>\n\t\t\t\t\t<\/div>\n\t\t<\/div>\n\t\t\t\t<div class=\"elementor-column elementor-col-50 elementor-top-column elementor-element elementor-element-c8807ac\" data-id=\"c8807ac\" data-element_type=\"column\">\n\t\t\t<div class=\"elementor-widget-wrap elementor-element-populated\">\n\t\t\t\t\t\t<div class=\"elementor-element elementor-element-3ac9a5d elementor-widget elementor-widget-heading\" data-id=\"3ac9a5d\" data-element_type=\"widget\" data-widget_type=\"heading.default\">\n\t\t\t\t<div class=\"elementor-widget-container\">\n\t\t\t\t\t<h1 class=\"elementor-heading-title elementor-size-default\">\u6211\u4eec\u7684\u5ba2\u6237\u5305\u62ec\u7535\u4fe1\u516c\u53f8\u3001\u79fb\u52a8\u548c\u536b\u661f\u901a\u4fe1\u3001\u53d7\u9650\u7535\u89c6\u3001\u4e13\u7528\u94fe\u8def\u3001\u5e7f\u64ad\u516c\u53f8\u3001\u63d0\u4f9b\u4e92\u8054\u7f51\u670d\u52a1\u7684\u516c\u53f8\u3002\n\n<\/h1>\t\t\t\t<\/div>\n\t\t\t\t<\/div>\n\t\t\t\t<div class=\"elementor-element elementor-element-85fc0ab elementor-widget elementor-widget-heading\" data-id=\"85fc0ab\" data-element_type=\"widget\" data-widget_type=\"heading.default\">\n\t\t\t\t<div class=\"elementor-widget-container\">\n\t\t\t\t\t<h1 class=\"elementor-heading-title elementor-size-default\">\u83b7\u5f97\u7535\u4fe1\u7f51\u7edc\u3001\u5e7f\u64ad\u3001\u4e92\u8054\u7f51\u589e\u503c\u670d\u52a1\u548c\u6709\u7ebf\u7535\u89c6\u7684\u8bb8\u53ef\u3001\u6388\u6743\u3001\u4f18\u60e0\u548c\u6ce8\u518c\u3001\u884c\u653f\u8bc9\u8bbc\u548c\u4fdd\u62a4\u3002\n\n<\/h1>\t\t\t\t<\/div>\n\t\t\t\t<\/div>\n\t\t\t\t<div class=\"elementor-element elementor-element-b36c77f elementor-widget elementor-widget-heading\" data-id=\"b36c77f\" data-element_type=\"widget\" data-widget_type=\"heading.default\">\n\t\t\t\t<div class=\"elementor-widget-container\">\n\t\t\t\t\t<h1 class=\"elementor-heading-title elementor-size-default\">\u6211\u4eec\u5c31\u76d1\u7ba1\u4e8b\u5b9c\u63d0\u4f9b\u54a8\u8be2\uff0c\u5e76\u4ee3\u8868\u516c\u53f8\u5904\u7406\u4e0e\u58a8\u897f\u54e5\u5404\u5f53\u5c40\uff08\u4f8b\u5982\u8054\u90a6\u7535\u4fe1\u7814\u7a76\u6240\u3001\u901a\u4fe1\u548c\u8fd0\u8f93\u90e8\u4ee5\u53ca\u8054\u90a6\u7ecf\u6d4e\u7ade\u4e89\u59d4\u5458\u4f1a\uff09\u7684\u6388\u6743\u6216\u7279\u8bb8\u6743\u6709\u5173\u7684\u7a0b\u5e8f\u3002\n\n<\/h1>\t\t\t\t<\/div>\n\t\t\t\t<\/div>\n\t\t\t\t<div class=\"elementor-element elementor-element-64722b1 elementor-widget elementor-widget-heading\" data-id=\"64722b1\" data-element_type=\"widget\" data-widget_type=\"heading.default\">\n\t\t\t\t<div class=\"elementor-widget-container\">\n\t\t\t\t\t<h1 class=\"elementor-heading-title elementor-size-default\">\u540c\u6837\uff0c\u6211\u4eec\u4ee3\u8868\u5ba2\u6237\u5728\u8054\u90a6\u53f8\u6cd5\u90e8\u95e8\u548c\u58a8\u897f\u54e5\u6700\u9ad8\u6cd5\u9662\u5904\u7406\u6709\u5173\u7535\u4fe1\u7684\u884c\u653f\u548c\u5baa\u6cd5\u8bc9\u8bbc\u3002\n\n<\/h1>\t\t\t\t<\/div>\n\t\t\t\t<\/div>\n\t\t\t\t<div class=\"elementor-element elementor-element-fcc7bb0 elementor-hidden-desktop elementor-widget elementor-widget-premium-addon-button\" data-id=\"fcc7bb0\" data-element_type=\"widget\" data-widget_type=\"premium-addon-button.default\">\n\t\t\t\t<div class=\"elementor-widget-container\">\n\t\t\t\t\t\r\n\r\n\t\t<a class=\"premium-button premium-button-style2 premium-btn-sm premium-button-style2-shutinver\" href=\"https:\/\/garbar.info\/zh\/areas-de-practica\/\">\r\n\t\t\t<div class=\"premium-button-text-icon-wrapper\">\r\n\t\t\t\t\r\n\t\t\t\t\t\t\t\t\t<span >\r\n\t\t\t\t\t\t\u670d\u52a1\t\t\t\t\t<\/span>\r\n\t\t\t\t\r\n\t\t\t\t\t\t\t<\/div>\r\n\r\n\t\t\t\r\n\t\t\t\r\n\t\t\t\r\n\t\t<\/a>\r\n\r\n\r\n\t\t\t\t\t\t<\/div>\n\t\t\t\t<\/div>\n\t\t\t\t\t<\/div>\n\t\t<\/div>\n\t\t\t\t\t<\/div>\n\t\t<\/section>\n\t\t\t\t<\/div>","protected":false},"excerpt":{"rendered":"<p>Nuestros Servicios Telecomunicaciones Servicios Nuestros clientes son empresas de telecomunicaciones, comunicaciones m\u00f3viles y satelitales, televisi\u00f3n restringida, enlaces dedicados, radiodifusoras, empresas que brindan servicio de internet. Obtenci\u00f3n de permisos, autorizaciones, concesiones y registros para redes de telecomunicaciones, radio, servicios de valor agregado de Internet y televisi\u00f3n por cable, litigio administrativo y amparo. Asesoramos en materia regulatoria &#8230; <a title=\"\u7535\u4fe1\" class=\"read-more\" href=\"https:\/\/garbar.info\/zh\/areas-de-practica\/telecomunicaciones\/\" aria-label=\"\u9605\u8bfb Telecomunicaciones\">\u9605\u8bfb\u66f4\u591a<\/a><\/p>","protected":false},"author":1,"featured_media":0,"parent":434,"menu_order":0,"comment_status":"closed","ping_status":"closed","template":"elementor_header_footer","meta":{"inline_featured_image":false,"footnotes":""},"class_list":["post-654","page","type-page","status-publish"],"_links":{"self":[{"href":"https:\/\/garbar.info\/zh\/wp-json\/wp\/v2\/pages\/654","targetHints":{"allow":["GET"]}}],"collection":[{"href":"https:\/\/garbar.info\/zh\/wp-json\/wp\/v2\/pages"}],"about":[{"href":"https:\/\/garbar.info\/zh\/wp-json\/wp\/v2\/types\/page"}],"author":[{"embeddable":true,"href":"https:\/\/garbar.info\/zh\/wp-json\/wp\/v2\/users\/1"}],"replies":[{"embeddable":true,"href":"https:\/\/garbar.info\/zh\/wp-json\/wp\/v2\/comments?post=654"}],"version-history":[{"count":4,"href":"https:\/\/garbar.info\/zh\/wp-json\/wp\/v2\/pages\/654\/revisions"}],"predecessor-version":[{"id":658,"href":"https:\/\/garbar.info\/zh\/wp-json\/wp\/v2\/pages\/654\/revisions\/658"}],"up":[{"embeddable":true,"href":"https:\/\/garbar.info\/zh\/wp-json\/wp\/v2\/pages\/434"}],"wp:attachment":[{"href":"https:\/\/garbar.info\/zh\/wp-json\/wp\/v2\/media?parent=654"}],"curies":[{"name":"wp","href":"https:\/\/api.w.org\/{rel}","templated":true}]}}