{"id":648,"date":"2024-10-02T08:42:06","date_gmt":"2024-10-02T14:42:06","guid":{"rendered":"https:\/\/garbar.info\/?page_id=648"},"modified":"2024-10-02T08:43:09","modified_gmt":"2024-10-02T14:43:09","slug":"fintech","status":"publish","type":"page","link":"https:\/\/garbar.info\/zh\/areas-de-practica\/fintech\/","title":{"rendered":"\u91d1\u878d\u79d1\u6280"},"content":{"rendered":"<div data-elementor-type=\"wp-page\" data-elementor-id=\"648\" class=\"elementor elementor-648\" data-elementor-post-type=\"page\">\n\t\t\t\t\t\t<section class=\"elementor-section elementor-top-section elementor-element elementor-element-ba5c231 elementor-section-boxed elementor-section-height-default elementor-section-height-default\" data-id=\"ba5c231\" data-element_type=\"section\" data-settings=\"{&quot;background_background&quot;:&quot;classic&quot;}\">\n\t\t\t\t\t\t<div class=\"elementor-container elementor-column-gap-default\">\n\t\t\t\t\t<div class=\"elementor-column elementor-col-50 elementor-top-column elementor-element elementor-element-e082185\" data-id=\"e082185\" data-element_type=\"column\">\n\t\t\t<div class=\"elementor-widget-wrap elementor-element-populated\">\n\t\t\t\t\t\t<div class=\"elementor-element elementor-element-f5638b9 elementor-widget elementor-widget-heading\" data-id=\"f5638b9\" data-element_type=\"widget\" data-widget_type=\"heading.default\">\n\t\t\t\t<div class=\"elementor-widget-container\">\n\t\t\t\t\t<h2 class=\"elementor-heading-title elementor-size-default\">\u6211\u4eec\u7684\u670d\u52a1<\/h2>\t\t\t\t<\/div>\n\t\t\t\t<\/div>\n\t\t\t\t<div class=\"elementor-element elementor-element-6343e53 elementor-widget elementor-widget-heading\" data-id=\"6343e53\" data-element_type=\"widget\" data-widget_type=\"heading.default\">\n\t\t\t\t<div class=\"elementor-widget-container\">\n\t\t\t\t\t<h1 class=\"elementor-heading-title elementor-size-default\">\u91d1\u878d\u79d1\u6280<\/h1>\t\t\t\t<\/div>\n\t\t\t\t<\/div>\n\t\t\t\t<div class=\"elementor-element elementor-element-76d897b elementor-hidden-mobile elementor-widget elementor-widget-spacer\" data-id=\"76d897b\" data-element_type=\"widget\" data-widget_type=\"spacer.default\">\n\t\t\t\t<div class=\"elementor-widget-container\">\n\t\t\t\t\t\t\t<div class=\"elementor-spacer\">\n\t\t\t<div class=\"elementor-spacer-inner\"><\/div>\n\t\t<\/div>\n\t\t\t\t\t\t<\/div>\n\t\t\t\t<\/div>\n\t\t\t\t<div class=\"elementor-element elementor-element-e8e4634 elementor-hidden-mobile elementor-widget elementor-widget-premium-addon-button\" data-id=\"e8e4634\" data-element_type=\"widget\" data-widget_type=\"premium-addon-button.default\">\n\t\t\t\t<div class=\"elementor-widget-container\">\n\t\t\t\t\t\r\n\r\n\t\t<a class=\"premium-button premium-button-style2 premium-btn-sm premium-button-style2-shutinver\" href=\"https:\/\/garbar.info\/zh\/areas-de-practica\/\">\r\n\t\t\t<div class=\"premium-button-text-icon-wrapper\">\r\n\t\t\t\t\r\n\t\t\t\t\t\t\t\t\t<span >\r\n\t\t\t\t\t\t\u670d\u52a1\t\t\t\t\t<\/span>\r\n\t\t\t\t\r\n\t\t\t\t\t\t\t<\/div>\r\n\r\n\t\t\t\r\n\t\t\t\r\n\t\t\t\r\n\t\t<\/a>\r\n\r\n\r\n\t\t\t\t\t\t<\/div>\n\t\t\t\t<\/div>\n\t\t\t\t\t<\/div>\n\t\t<\/div>\n\t\t\t\t<div class=\"elementor-column elementor-col-50 elementor-top-column elementor-element elementor-element-c8807ac\" data-id=\"c8807ac\" data-element_type=\"column\">\n\t\t\t<div class=\"elementor-widget-wrap elementor-element-populated\">\n\t\t\t\t\t\t<div class=\"elementor-element elementor-element-3ac9a5d elementor-widget elementor-widget-heading\" data-id=\"3ac9a5d\" data-element_type=\"widget\" data-widget_type=\"heading.default\">\n\t\t\t\t<div class=\"elementor-widget-container\">\n\t\t\t\t\t<h1 class=\"elementor-heading-title elementor-size-default\">\u6211\u4eec\u4ee3\u8868\u4f01\u4e1a\u5bb6\u3001\u6295\u8d44\u57fa\u91d1\u6216\u4f20\u7edf\u91d1\u878d\/\u94f6\u884c\u673a\u6784\u7b49\u5ba2\u6237\u5411\u91d1\u878d\u79d1\u6280\u5e02\u573a\u8f6c\u578b\uff0c\u5305\u62ec\u83b7\u5f97\u56fd\u5bb6\u94f6\u884c\u548c\u8bc1\u5238\u59d4\u5458\u4f1a\u4ee5\u53ca\u58a8\u897f\u54e5\u94f6\u884c\u5fc5\u8981\u7684\u6388\u6743\u548c\u8bb8\u53ef\uff0c\u4ee5\u4fbf\u80fd\u591f\u5f00\u5c55\u4e1a\u52a1\u96c6\u4f53\u878d\u8d44\u6d3b\u52a8\u3001\u7535\u5b50\u652f\u4ed8\u3001\u865a\u62df\u8d44\u4ea7\u8fd0\u8425\u4ee5\u53ca\u5f00\u5c55\u88ab\u89c6\u4e3a\u65b0\u9896\u6a21\u5f0f\u7684\u6d3b\u52a8\u3002\n\n<\/h1>\t\t\t\t<\/div>\n\t\t\t\t<\/div>\n\t\t\t\t<div class=\"elementor-element elementor-element-85fc0ab elementor-widget elementor-widget-heading\" data-id=\"85fc0ab\" data-element_type=\"widget\" data-widget_type=\"heading.default\">\n\t\t\t\t<div class=\"elementor-widget-container\">\n\t\t\t\t\t<h1 class=\"elementor-heading-title elementor-size-default\">\u6211\u4eec\u7684\u5ba2\u6237\u5728\u8fd9\u4e00\u9886\u57df\u7684\u4ee3\u8868\u53d7\u76ca\u4e8e\u53c2\u4e0e\u9881\u53d1\u76f8\u5e94\u6388\u6743\u7684\u76d1\u7ba1\u673a\u6784\u6570\u5341\u5e74\u7684\u5de5\u4f5c\u548c\u77e5\u8bc6\uff0c\u4ee5\u53ca\u5bf9\u8054\u90a6\u603b\u90e8\u884c\u653f\u673a\u6784\u53d1\u5e03\u7684\u51b3\u8bae\u63d0\u51fa\u8d28\u7591\u7684\u673a\u5236\u7684\u77e5\u8bc6\u3002\n\n<\/h1>\t\t\t\t<\/div>\n\t\t\t\t<\/div>\n\t\t\t\t<div class=\"elementor-element elementor-element-b36c77f elementor-widget elementor-widget-heading\" data-id=\"b36c77f\" data-element_type=\"widget\" data-widget_type=\"heading.default\">\n\t\t\t\t<div class=\"elementor-widget-container\">\n\t\t\t\t\t<h1 class=\"elementor-heading-title elementor-size-default\">\u4e0a\u8ff0\u5185\u5bb9\u8fd8\u5305\u62ec\u516c\u53f8\u3001\u7a0e\u52a1\u548c\u76d1\u7ba1\u5efa\u8bae\uff0c\u4ee5\u9075\u5b88\u6709\u5173\u91d1\u878d\u79d1\u6280\u673a\u6784\u8bc1\u5238\u4ee3\u8868\u8ba4\u8d2d\u7684\u8981\u6c42\u548c\u9650\u5236\uff0c\u7279\u522b\u662f\u5f53\u5b83\u4eec\u4e0e\u4f20\u7edf\u4fe1\u8d37\u673a\u6784\u6709\u4e00\u5b9a\u5173\u7cfb\u65f6\u3002\n\n<\/h1>\t\t\t\t<\/div>\n\t\t\t\t<\/div>\n\t\t\t\t<div class=\"elementor-element elementor-element-fcc7bb0 elementor-hidden-desktop elementor-widget elementor-widget-premium-addon-button\" data-id=\"fcc7bb0\" data-element_type=\"widget\" data-widget_type=\"premium-addon-button.default\">\n\t\t\t\t<div class=\"elementor-widget-container\">\n\t\t\t\t\t\r\n\r\n\t\t<a class=\"premium-button premium-button-style2 premium-btn-sm premium-button-style2-shutinver\" href=\"https:\/\/garbar.info\/zh\/areas-de-practica\/\">\r\n\t\t\t<div class=\"premium-button-text-icon-wrapper\">\r\n\t\t\t\t\r\n\t\t\t\t\t\t\t\t\t<span >\r\n\t\t\t\t\t\t\u670d\u52a1\t\t\t\t\t<\/span>\r\n\t\t\t\t\r\n\t\t\t\t\t\t\t<\/div>\r\n\r\n\t\t\t\r\n\t\t\t\r\n\t\t\t\r\n\t\t<\/a>\r\n\r\n\r\n\t\t\t\t\t\t<\/div>\n\t\t\t\t<\/div>\n\t\t\t\t\t<\/div>\n\t\t<\/div>\n\t\t\t\t\t<\/div>\n\t\t<\/section>\n\t\t\t\t<\/div>","protected":false},"excerpt":{"rendered":"<p>Nuestros Servicios Fintech Servicios Representamos a clientes que van desde emprendedores, fondos de inversi\u00f3n o instituciones financieras\/bancarias tradicionales en la transici\u00f3n al mercado Fintech, incluyendo la obtenci\u00f3n de las autorizaciones y permisos necesarios ante la Comisi\u00f3n Nacional Bancaria y de Valores y el Banco de M\u00e9xico para poder llevar a cabo actividades de financiamiento colectivo, &#8230; <a title=\"\u91d1\u878d\u79d1\u6280\" class=\"read-more\" href=\"https:\/\/garbar.info\/zh\/areas-de-practica\/fintech\/\" aria-label=\"\u9605\u8bfb Fintech\">\u9605\u8bfb\u66f4\u591a<\/a><\/p>","protected":false},"author":1,"featured_media":0,"parent":434,"menu_order":0,"comment_status":"closed","ping_status":"closed","template":"elementor_header_footer","meta":{"inline_featured_image":false,"footnotes":""},"class_list":["post-648","page","type-page","status-publish"],"_links":{"self":[{"href":"https:\/\/garbar.info\/zh\/wp-json\/wp\/v2\/pages\/648","targetHints":{"allow":["GET"]}}],"collection":[{"href":"https:\/\/garbar.info\/zh\/wp-json\/wp\/v2\/pages"}],"about":[{"href":"https:\/\/garbar.info\/zh\/wp-json\/wp\/v2\/types\/page"}],"author":[{"embeddable":true,"href":"https:\/\/garbar.info\/zh\/wp-json\/wp\/v2\/users\/1"}],"replies":[{"embeddable":true,"href":"https:\/\/garbar.info\/zh\/wp-json\/wp\/v2\/comments?post=648"}],"version-history":[{"count":4,"href":"https:\/\/garbar.info\/zh\/wp-json\/wp\/v2\/pages\/648\/revisions"}],"predecessor-version":[{"id":653,"href":"https:\/\/garbar.info\/zh\/wp-json\/wp\/v2\/pages\/648\/revisions\/653"}],"up":[{"embeddable":true,"href":"https:\/\/garbar.info\/zh\/wp-json\/wp\/v2\/pages\/434"}],"wp:attachment":[{"href":"https:\/\/garbar.info\/zh\/wp-json\/wp\/v2\/media?parent=648"}],"curies":[{"name":"wp","href":"https:\/\/api.w.org\/{rel}","templated":true}]}}