{"id":642,"date":"2024-10-02T08:34:07","date_gmt":"2024-10-02T14:34:07","guid":{"rendered":"https:\/\/garbar.info\/?page_id=642"},"modified":"2024-10-02T08:41:16","modified_gmt":"2024-10-02T14:41:16","slug":"laboral","status":"publish","type":"page","link":"https:\/\/garbar.info\/zh\/areas-de-practica\/laboral\/","title":{"rendered":"\u52b3\u52a8"},"content":{"rendered":"<div data-elementor-type=\"wp-page\" data-elementor-id=\"642\" class=\"elementor elementor-642\" data-elementor-post-type=\"page\">\n\t\t\t\t\t\t<section class=\"elementor-section elementor-top-section elementor-element elementor-element-ba5c231 elementor-section-boxed elementor-section-height-default elementor-section-height-default\" data-id=\"ba5c231\" data-element_type=\"section\" data-settings=\"{&quot;background_background&quot;:&quot;classic&quot;}\">\n\t\t\t\t\t\t<div class=\"elementor-container elementor-column-gap-default\">\n\t\t\t\t\t<div class=\"elementor-column elementor-col-50 elementor-top-column elementor-element elementor-element-e082185\" data-id=\"e082185\" data-element_type=\"column\">\n\t\t\t<div class=\"elementor-widget-wrap elementor-element-populated\">\n\t\t\t\t\t\t<div class=\"elementor-element elementor-element-f5638b9 elementor-widget elementor-widget-heading\" data-id=\"f5638b9\" data-element_type=\"widget\" data-widget_type=\"heading.default\">\n\t\t\t\t<div class=\"elementor-widget-container\">\n\t\t\t\t\t<h2 class=\"elementor-heading-title elementor-size-default\">\u6211\u4eec\u7684\u670d\u52a1<\/h2>\t\t\t\t<\/div>\n\t\t\t\t<\/div>\n\t\t\t\t<div class=\"elementor-element elementor-element-6343e53 elementor-widget elementor-widget-heading\" data-id=\"6343e53\" data-element_type=\"widget\" data-widget_type=\"heading.default\">\n\t\t\t\t<div class=\"elementor-widget-container\">\n\t\t\t\t\t<h1 class=\"elementor-heading-title elementor-size-default\">\u52b3\u52a8<\/h1>\t\t\t\t<\/div>\n\t\t\t\t<\/div>\n\t\t\t\t<div class=\"elementor-element elementor-element-76d897b elementor-hidden-mobile elementor-widget elementor-widget-spacer\" data-id=\"76d897b\" data-element_type=\"widget\" data-widget_type=\"spacer.default\">\n\t\t\t\t<div class=\"elementor-widget-container\">\n\t\t\t\t\t\t\t<div class=\"elementor-spacer\">\n\t\t\t<div class=\"elementor-spacer-inner\"><\/div>\n\t\t<\/div>\n\t\t\t\t\t\t<\/div>\n\t\t\t\t<\/div>\n\t\t\t\t<div class=\"elementor-element elementor-element-e8e4634 elementor-hidden-mobile elementor-widget elementor-widget-premium-addon-button\" data-id=\"e8e4634\" data-element_type=\"widget\" data-widget_type=\"premium-addon-button.default\">\n\t\t\t\t<div class=\"elementor-widget-container\">\n\t\t\t\t\t\r\n\r\n\t\t<a class=\"premium-button premium-button-style2 premium-btn-sm premium-button-style2-shutinver\" href=\"https:\/\/garbar.info\/zh\/areas-de-practica\/\">\r\n\t\t\t<div class=\"premium-button-text-icon-wrapper\">\r\n\t\t\t\t\r\n\t\t\t\t\t\t\t\t\t<span >\r\n\t\t\t\t\t\t\u670d\u52a1\t\t\t\t\t<\/span>\r\n\t\t\t\t\r\n\t\t\t\t\t\t\t<\/div>\r\n\r\n\t\t\t\r\n\t\t\t\r\n\t\t\t\r\n\t\t<\/a>\r\n\r\n\r\n\t\t\t\t\t\t<\/div>\n\t\t\t\t<\/div>\n\t\t\t\t\t<\/div>\n\t\t<\/div>\n\t\t\t\t<div class=\"elementor-column elementor-col-50 elementor-top-column elementor-element elementor-element-c8807ac\" data-id=\"c8807ac\" data-element_type=\"column\">\n\t\t\t<div class=\"elementor-widget-wrap elementor-element-populated\">\n\t\t\t\t\t\t<div class=\"elementor-element elementor-element-3ac9a5d elementor-widget elementor-widget-heading\" data-id=\"3ac9a5d\" data-element_type=\"widget\" data-widget_type=\"heading.default\">\n\t\t\t\t<div class=\"elementor-widget-container\">\n\t\t\t\t\t<h1 class=\"elementor-heading-title elementor-size-default\">\u5728 Garc\u00eda Barrag\u00e1n Abogados\uff0c\u6211\u4eec\u4e3a\u5ba2\u6237\u63d0\u4f9b\u52b3\u52a8\u6cd5\u5404\u4e2a\u9886\u57df\u7684\u54a8\u8be2\u670d\u52a1\uff0c\u5305\u62ec\u4e2a\u4eba\u627f\u5305\u548c\u96c6\u4f53\u627f\u5305\u3001\u5916\u5305\u65b9\u9762\u3001\u52b3\u52a8\u89c4\u5212\u548c\u8bc9\u8bbc\u7684\u5404\u4e2a\u65b9\u9762\uff0c\u4ee5\u53ca\u52b3\u52a8\u4e8b\u52a1\u4e2d\u7684\u4fdd\u62a4\u5ba1\u5224\u3002\u6211\u4eec\u4e3a\u5927\u578b\u8de8\u56fd\u516c\u53f8\u4ee5\u53ca\u4e2d\u5c0f\u578b\u516c\u53f8\u63d0\u4f9b\u670d\u52a1\u3002\u51ed\u501f\u6211\u4eec\u7684\u4e13\u4e1a\u7ecf\u9a8c\uff0c\u6211\u4eec\u786e\u4fe1\u6bcf\u4f4d\u5ba2\u6237\u90fd\u9700\u8981\u51c6\u786e\u7684\u6cd5\u5f8b\u5efa\u8bae\uff0c\u4e3a\u4ed6\u4eec\u63d0\u4f9b\u5b89\u5168\u4fdd\u969c\uff0c\u5e76\u4f53\u73b0\u5728\u4ed6\u4eec\u4e1a\u52a1\u7684\u6210\u529f\u4e0a\uff1b\u56e0\u6b64\uff0c\u6211\u4eec\u7684\u6839\u672c\u76ee\u6807\u662f\u4e3a\u5ba2\u6237\u63d0\u4f9b\u652f\u6301\u5e76\u4f7f\u4efb\u4f55\u4ea4\u6613\u6210\u529f\u7684\u6cd5\u5f8b\u4fdd\u969c\u3002\n\n\n<\/h1>\t\t\t\t<\/div>\n\t\t\t\t<\/div>\n\t\t\t\t<div class=\"elementor-element elementor-element-85fc0ab elementor-widget elementor-widget-heading\" data-id=\"85fc0ab\" data-element_type=\"widget\" data-widget_type=\"heading.default\">\n\t\t\t\t<div class=\"elementor-widget-container\">\n\t\t\t\t\t<h1 class=\"elementor-heading-title elementor-size-default\">\u5728 Garc\u00eda Barrag\u00e1n Abogados\uff0c\u6211\u4eec\u4e3a\u4ece\u5927\u578b\u8de8\u56fd\u516c\u53f8\u5230\u4e2d\u5c0f\u578b\u516c\u53f8\u7684\u5404\u79cd\u670d\u52a1\u63d0\u4f9b\u670d\u52a1\u3002\u51ed\u501f\u6211\u4eec\u7684\u4e13\u4e1a\u7ecf\u9a8c\uff0c\u6211\u4eec\u786e\u4fe1\u6bcf\u4f4d\u5ba2\u6237\u90fd\u9700\u8981\u51c6\u786e\u7684\u6cd5\u5f8b\u5efa\u8bae\uff0c\u4e3a\u4ed6\u4eec\u63d0\u4f9b\u5b89\u5168\u4fdd\u969c\uff0c\u5e76\u4f53\u73b0\u5728\u4ed6\u4eec\u4e1a\u52a1\u7684\u6210\u529f\u4e0a\uff1b\u56e0\u6b64\uff0c\u6211\u4eec\u7684\u6839\u672c\u76ee\u6807\u662f\u4e3a\u5ba2\u6237\u63d0\u4f9b\u652f\u6301\u5e76\u4f7f\u4efb\u4f55\u4ea4\u6613\u6210\u529f\u7684\u6cd5\u5f8b\u4fdd\u969c\u3002\n\n<\/h1>\t\t\t\t<\/div>\n\t\t\t\t<\/div>\n\t\t\t\t<div class=\"elementor-element elementor-element-b36c77f elementor-widget elementor-widget-heading\" data-id=\"b36c77f\" data-element_type=\"widget\" data-widget_type=\"heading.default\">\n\t\t\t\t<div class=\"elementor-widget-container\">\n\t\t\t\t\t<h1 class=\"elementor-heading-title elementor-size-default\">\u6211\u4eec\u7684\u52b3\u52a8\u6750\u6599\u670d\u52a1\u5206\u4e3a\u516d\u4e2a\u9886\u57df\uff1a\n\n<\/h1>\t\t\t\t<\/div>\n\t\t\t\t<\/div>\n\t\t\t\t<div class=\"elementor-element elementor-element-94784c1 elementor-widget elementor-widget-heading\" data-id=\"94784c1\" data-element_type=\"widget\" data-widget_type=\"heading.default\">\n\t\t\t\t<div class=\"elementor-widget-container\">\n\t\t\t\t\t<h1 class=\"elementor-heading-title elementor-size-default\">1\u3002\u5ba1\u6838\u548c\u52b3\u52a8\u64cd\u4f5c\u6587\u4ef6\u5939\n\n<\/h1>\t\t\t\t<\/div>\n\t\t\t\t<\/div>\n\t\t\t\t<div class=\"elementor-element elementor-element-93265b0 elementor-widget elementor-widget-heading\" data-id=\"93265b0\" data-element_type=\"widget\" data-widget_type=\"heading.default\">\n\t\t\t\t<div class=\"elementor-widget-container\">\n\t\t\t\t\t<h1 class=\"elementor-heading-title elementor-size-default\">\u901a\u8fc7\u8fd9\u4e9b\u670d\u52a1\uff0c\u6211\u4eec\u5bfb\u6c42\u9884\u9632\u548c\u6539\u5584\u516c\u53f8\u5185\u90e8\u52b3\u52a8\u884c\u653f\u8fd0\u4f5c\u3002\u6839\u636e\u300a\u8054\u90a6\u52b3\u52a8\u6cd5\u300b\uff0c\u6240\u6709\u6587\u4ef6\u3001\u8ba1\u5212\u548c\u6700\u4f4e\u8ba1\u5212\u90fd\u4f7f\u6211\u4eec\u80fd\u591f\u9a8c\u8bc1\u52b3\u52a8\u4e49\u52a1\u662f\u5426\u5f97\u5230\u5145\u5206\u3001\u6b63\u786e\u7684\u5c65\u884c\u3002\u53e6\u4e00\u65b9\u9762\uff0c\u516c\u53f8\u62e5\u6709\u5b83\u4eec\uff0c\u56e0\u4e3a\u5b83\u4eec\u662f\u5728\u53d1\u751f\u53ef\u80fd\u4f24\u5bb3\u4ed6\u4eec\u7684\u52b3\u8d44\u51b2\u7a81\u65f6\u8bc1\u660e\u4e0a\u8ff0\u5408\u89c4\u6027\u7684\u7406\u60f3\u8bc1\u636e\u5de5\u5177\u3002\n\n<\/h1>\t\t\t\t<\/div>\n\t\t\t\t<\/div>\n\t\t\t\t<div class=\"elementor-element elementor-element-78c089a elementor-widget elementor-widget-heading\" data-id=\"78c089a\" data-element_type=\"widget\" data-widget_type=\"heading.default\">\n\t\t\t\t<div class=\"elementor-widget-container\">\n\t\t\t\t\t<h1 class=\"elementor-heading-title elementor-size-default\">2. \u54a8\u8be2\n\n<\/h1>\t\t\t\t<\/div>\n\t\t\t\t<\/div>\n\t\t\t\t<div class=\"elementor-element elementor-element-78d526c elementor-widget elementor-widget-heading\" data-id=\"78d526c\" data-element_type=\"widget\" data-widget_type=\"heading.default\">\n\t\t\t\t<div class=\"elementor-widget-container\">\n\t\t\t\t\t<h1 class=\"elementor-heading-title elementor-size-default\">\u6211\u4eec\u63d0\u4f9b\u7684\u54a8\u8be2\u6216\u5efa\u8bae\u65e8\u5728\u89e3\u51b3\u6240\u6709\u7c7b\u578b\u7684\u7591\u95ee\u6216\u6cd5\u5916\u6027\u8d28\u7684\u7a0b\u5e8f\uff0c\u4f8b\u5982\uff1a\n\n<\/h1>\t\t\t\t<\/div>\n\t\t\t\t<\/div>\n\t\t\t\t<div class=\"elementor-element elementor-element-64264d2 elementor-widget elementor-widget-heading\" data-id=\"64264d2\" data-element_type=\"widget\" data-widget_type=\"heading.default\">\n\t\t\t\t<div class=\"elementor-widget-container\">\n\t\t\t\t\t<h1 class=\"elementor-heading-title elementor-size-default\">\u2022 \u6709\u5173\u5de5\u4f5c\u6761\u4ef6\u7684\u54a8\u8be2\u3002\n<br>\n\u2022 \u5173\u4e8e\u5236\u5b9a\u5408\u6cd5\u52b3\u5de5\u683c\u5f0f\u7684\u78cb\u5546\u3002\n<br>\n\u2022 \u56fd\u5bb6\u6700\u4f4e\u5de5\u8d44\u59d4\u5458\u4f1a\u7684\u6d3b\u52a8\u548c\u51b3\u8bae\u3002\n<br>\n\u2022 \u5229\u6da6\u5206\u4eab\u3002\n<br>\n\u2022 \u57f9\u8bad\u4e0e\u57f9\u8bad\u3002\n<br>\n\u2022 \u5de5\u4f5c\u4e2d\u7684\u5b89\u5168\u548c\u536b\u751f\u3002\n<br>\n\u2022 \u5411\u52b3\u5de5\u5f53\u5c40\u767b\u8bb0\u8054\u5408\u59d4\u5458\u4f1a\u7684\u8ba1\u5212\u548c\u9879\u76ee\u3002<\/h1>\t\t\t\t<\/div>\n\t\t\t\t<\/div>\n\t\t\t\t<div class=\"elementor-element elementor-element-4046781 elementor-widget elementor-widget-heading\" data-id=\"4046781\" data-element_type=\"widget\" data-widget_type=\"heading.default\">\n\t\t\t\t<div class=\"elementor-widget-container\">\n\t\t\t\t\t<h1 class=\"elementor-heading-title elementor-size-default\">3. \u5173\u4e8e\u96c6\u4f53\u7ea0\u7eb7\u7684\u5efa\u8bae\n\n<\/h1>\t\t\t\t<\/div>\n\t\t\t\t<\/div>\n\t\t\t\t<div class=\"elementor-element elementor-element-84edcae elementor-widget elementor-widget-heading\" data-id=\"84edcae\" data-element_type=\"widget\" data-widget_type=\"heading.default\">\n\t\t\t\t<div class=\"elementor-widget-container\">\n\t\t\t\t\t<h1 class=\"elementor-heading-title elementor-size-default\">\u8be5\u5efa\u8bae\u5305\u62ec\u6211\u4eec\u7684\u4e13\u5bb6\u5bf9\u96c6\u4f53\u51b2\u7a81\u7684\u76f4\u63a5\u5e72\u9884\uff0c\u4f8b\u5982\u96c6\u4f53\u5408\u540c\u7684\u7b7e\u8ba2\u548c\u5ba1\u67e5\u3001\u6240\u6709\u6743\u8bc9\u8bbc\u3001\u7ecf\u6d4e\u6027\u8d28\u7684\u96c6\u4f53\u51b2\u7a81\u7b49\u3002\n\n<\/h1>\t\t\t\t<\/div>\n\t\t\t\t<\/div>\n\t\t\t\t<div class=\"elementor-element elementor-element-f5facb4 elementor-widget elementor-widget-heading\" data-id=\"f5facb4\" data-element_type=\"widget\" data-widget_type=\"heading.default\">\n\t\t\t\t<div class=\"elementor-widget-container\">\n\t\t\t\t\t<h1 class=\"elementor-heading-title elementor-size-default\">4. \u6cd5\u5f8b\u8d44\u6e90\n\n<\/h1>\t\t\t\t<\/div>\n\t\t\t\t<\/div>\n\t\t\t\t<div class=\"elementor-element elementor-element-cc78144 elementor-widget elementor-widget-heading\" data-id=\"cc78144\" data-element_type=\"widget\" data-widget_type=\"heading.default\">\n\t\t\t\t<div class=\"elementor-widget-container\">\n\t\t\t\t\t<h1 class=\"elementor-heading-title elementor-size-default\">\u5904\u7406\u52b3\u52a8\u90e8\u95e8\u5bf9\u4f01\u4e1a\u8fdb\u884c\u68c0\u67e5\u548c\u8d70\u8bbf\u6240\u83b7\u5f97\u7684\u6cd5\u5f8b\u8d44\u6e90\u3002\n\n<\/h1>\t\t\t\t<\/div>\n\t\t\t\t<\/div>\n\t\t\t\t<div class=\"elementor-element elementor-element-f2053c1 elementor-widget elementor-widget-heading\" data-id=\"f2053c1\" data-element_type=\"widget\" data-widget_type=\"heading.default\">\n\t\t\t\t<div class=\"elementor-widget-container\">\n\t\t\t\t\t<h1 class=\"elementor-heading-title elementor-size-default\">5. \u4e2a\u4eba\u7ea0\u7eb7\u8bc9\u8bbc\n\n<\/h1>\t\t\t\t<\/div>\n\t\t\t\t<\/div>\n\t\t\t\t<div class=\"elementor-element elementor-element-f43c8c6 elementor-widget elementor-widget-heading\" data-id=\"f43c8c6\" data-element_type=\"widget\" data-widget_type=\"heading.default\">\n\t\t\t\t<div class=\"elementor-widget-container\">\n\t\t\t\t\t<h1 class=\"elementor-heading-title elementor-size-default\">\u5bf9\u4e8e\u4e2a\u4f53\u5de5\u4eba\u63d0\u8d77\u7684\u8bc9\u8bbc\uff0c\u7531\u4ee5\u4e0b\u673a\u6784\u5904\u7406\uff1a\n\n<\/h1>\t\t\t\t<\/div>\n\t\t\t\t<\/div>\n\t\t\t\t<div class=\"elementor-element elementor-element-548af67 elementor-widget elementor-widget-heading\" data-id=\"548af67\" data-element_type=\"widget\" data-widget_type=\"heading.default\">\n\t\t\t\t<div class=\"elementor-widget-container\">\n\t\t\t\t\t<h1 class=\"elementor-heading-title elementor-size-default\">\u2022 D.F. \u7684\u5730\u65b9\u8c03\u89e3\u548c\u4ef2\u88c1\u59d4\u5458\u4f1a\n<br>\n\u2022 \u8054\u90a6\u8c03\u89e3\u548c\u4ef2\u88c1\u59d4\u5458\u4f1a\u3002\n<br>\n\u2022 \u52b3\u5de5\u8fa9\u62a4\u5f8b\u5e08\u529e\u516c\u5ba4\u3002\n<br>\n\u2022 \u5927\u5b66\u52b3\u52a8\u6cd5\u5ead\u3002\n<br>\n\u2022 \u5730\u65b9\u6cd5\u9662\u5ba1\u7406\u52b3\u5de5\u4e8b\u52a1\u3002\n<br>\n\u2022 \u56fd\u5bb6\u6700\u9ad8\u6cd5\u9662\u3002\n<\/h1>\t\t\t\t<\/div>\n\t\t\t\t<\/div>\n\t\t\t\t<div class=\"elementor-element elementor-element-a008b19 elementor-widget elementor-widget-heading\" data-id=\"a008b19\" data-element_type=\"widget\" data-widget_type=\"heading.default\">\n\t\t\t\t<div class=\"elementor-widget-container\">\n\t\t\t\t\t<h1 class=\"elementor-heading-title elementor-size-default\">6. \u4eba\u529b\u8d44\u6e90<\/h1>\t\t\t\t<\/div>\n\t\t\t\t<\/div>\n\t\t\t\t<div class=\"elementor-element elementor-element-f9b6573 elementor-widget elementor-widget-heading\" data-id=\"f9b6573\" data-element_type=\"widget\" data-widget_type=\"heading.default\">\n\t\t\t\t<div class=\"elementor-widget-container\">\n\t\t\t\t\t<h1 class=\"elementor-heading-title elementor-size-default\">\u2022 \u4eba\u5458\u62db\u8058\uff08\u51c6\u5907\u6240\u6709\u7c7b\u578b\u7684\u5408\u540c\uff09\u3002\n<br>\n\u2022 \u4e3a\u5458\u5de5\u63d0\u4f9b\u57f9\u8bad\u8bfe\u7a0b\u3002\n<br>\n\u2022 \u51c6\u5907\u884c\u653f\u4f1a\u8bae\u8bb0\u5f55\u3002\n<br>\n\u2022 \u5e72\u9884\u4eba\u5458\u6e05\u7406\u6d41\u7a0b\u3002\n<br>\n\u2022 \u4e0e\u5de5\u4eba\u8c08\u5224\u4ee5\u907f\u514d\u548c\/\u6216\u89e3\u51b3\u51b2\u7a81\u3002<\/h1>\t\t\t\t<\/div>\n\t\t\t\t<\/div>\n\t\t\t\t<div class=\"elementor-element elementor-element-fcc7bb0 elementor-hidden-desktop elementor-widget elementor-widget-premium-addon-button\" data-id=\"fcc7bb0\" data-element_type=\"widget\" data-widget_type=\"premium-addon-button.default\">\n\t\t\t\t<div class=\"elementor-widget-container\">\n\t\t\t\t\t\r\n\r\n\t\t<a class=\"premium-button premium-button-style2 premium-btn-sm premium-button-style2-shutinver\" href=\"https:\/\/garbar.info\/zh\/areas-de-practica\/\">\r\n\t\t\t<div class=\"premium-button-text-icon-wrapper\">\r\n\t\t\t\t\r\n\t\t\t\t\t\t\t\t\t<span >\r\n\t\t\t\t\t\t\u670d\u52a1\t\t\t\t\t<\/span>\r\n\t\t\t\t\r\n\t\t\t\t\t\t\t<\/div>\r\n\r\n\t\t\t\r\n\t\t\t\r\n\t\t\t\r\n\t\t<\/a>\r\n\r\n\r\n\t\t\t\t\t\t<\/div>\n\t\t\t\t<\/div>\n\t\t\t\t\t<\/div>\n\t\t<\/div>\n\t\t\t\t\t<\/div>\n\t\t<\/section>\n\t\t\t\t<\/div>","protected":false},"excerpt":{"rendered":"<p>Nuestros Servicios Laboral Servicios En Garc\u00eda Barrag\u00e1n Abogados asesoramos a los clientes en todas las \u00e1reas del derecho laboral, incluyendo la contrataci\u00f3n individual y la contrataci\u00f3n colectiva, aspectos de outsourcing, planeaci\u00f3n laboral y litigio en todos sus aspectos, y el juicio de amparo en materia laboral. Atendemos grandes corporativos transnacionales, as\u00ed como peque\u00f1as y medianas &#8230; <a title=\"\u52b3\u52a8\" class=\"read-more\" href=\"https:\/\/garbar.info\/zh\/areas-de-practica\/laboral\/\" aria-label=\"\u9605\u8bfb Laboral\">\u9605\u8bfb\u66f4\u591a<\/a><\/p>","protected":false},"author":1,"featured_media":0,"parent":434,"menu_order":0,"comment_status":"closed","ping_status":"closed","template":"elementor_header_footer","meta":{"inline_featured_image":false,"footnotes":""},"class_list":["post-642","page","type-page","status-publish"],"_links":{"self":[{"href":"https:\/\/garbar.info\/zh\/wp-json\/wp\/v2\/pages\/642","targetHints":{"allow":["GET"]}}],"collection":[{"href":"https:\/\/garbar.info\/zh\/wp-json\/wp\/v2\/pages"}],"about":[{"href":"https:\/\/garbar.info\/zh\/wp-json\/wp\/v2\/types\/page"}],"author":[{"embeddable":true,"href":"https:\/\/garbar.info\/zh\/wp-json\/wp\/v2\/users\/1"}],"replies":[{"embeddable":true,"href":"https:\/\/garbar.info\/zh\/wp-json\/wp\/v2\/comments?post=642"}],"version-history":[{"count":4,"href":"https:\/\/garbar.info\/zh\/wp-json\/wp\/v2\/pages\/642\/revisions"}],"predecessor-version":[{"id":647,"href":"https:\/\/garbar.info\/zh\/wp-json\/wp\/v2\/pages\/642\/revisions\/647"}],"up":[{"embeddable":true,"href":"https:\/\/garbar.info\/zh\/wp-json\/wp\/v2\/pages\/434"}],"wp:attachment":[{"href":"https:\/\/garbar.info\/zh\/wp-json\/wp\/v2\/media?parent=642"}],"curies":[{"name":"wp","href":"https:\/\/api.w.org\/{rel}","templated":true}]}}