{"id":634,"date":"2024-10-02T08:30:33","date_gmt":"2024-10-02T14:30:33","guid":{"rendered":"https:\/\/garbar.info\/?page_id=634"},"modified":"2024-10-02T08:33:26","modified_gmt":"2024-10-02T14:33:26","slug":"bancario-y-financiero","status":"publish","type":"page","link":"https:\/\/garbar.info\/zh\/areas-de-practica\/bancario-y-financiero\/","title":{"rendered":"\u94f6\u884c\u4e0e\u91d1\u878d"},"content":{"rendered":"<div data-elementor-type=\"wp-page\" data-elementor-id=\"634\" class=\"elementor elementor-634\" data-elementor-post-type=\"page\">\n\t\t\t\t\t\t<section class=\"elementor-section elementor-top-section elementor-element elementor-element-ba5c231 elementor-section-boxed elementor-section-height-default elementor-section-height-default\" data-id=\"ba5c231\" data-element_type=\"section\" data-settings=\"{&quot;background_background&quot;:&quot;classic&quot;}\">\n\t\t\t\t\t\t<div class=\"elementor-container elementor-column-gap-default\">\n\t\t\t\t\t<div class=\"elementor-column elementor-col-50 elementor-top-column elementor-element elementor-element-e082185\" data-id=\"e082185\" data-element_type=\"column\">\n\t\t\t<div class=\"elementor-widget-wrap elementor-element-populated\">\n\t\t\t\t\t\t<div class=\"elementor-element elementor-element-f5638b9 elementor-widget elementor-widget-heading\" data-id=\"f5638b9\" data-element_type=\"widget\" data-widget_type=\"heading.default\">\n\t\t\t\t<div class=\"elementor-widget-container\">\n\t\t\t\t\t<h2 class=\"elementor-heading-title elementor-size-default\">\u6211\u4eec\u7684\u670d\u52a1<\/h2>\t\t\t\t<\/div>\n\t\t\t\t<\/div>\n\t\t\t\t<div class=\"elementor-element elementor-element-6343e53 elementor-widget elementor-widget-heading\" data-id=\"6343e53\" data-element_type=\"widget\" data-widget_type=\"heading.default\">\n\t\t\t\t<div class=\"elementor-widget-container\">\n\t\t\t\t\t<h1 class=\"elementor-heading-title elementor-size-default\">\u94f6\u884c\u4e0e\u91d1\u878d<\/h1>\t\t\t\t<\/div>\n\t\t\t\t<\/div>\n\t\t\t\t<div class=\"elementor-element elementor-element-76d897b elementor-hidden-mobile elementor-widget elementor-widget-spacer\" data-id=\"76d897b\" data-element_type=\"widget\" data-widget_type=\"spacer.default\">\n\t\t\t\t<div class=\"elementor-widget-container\">\n\t\t\t\t\t\t\t<div class=\"elementor-spacer\">\n\t\t\t<div class=\"elementor-spacer-inner\"><\/div>\n\t\t<\/div>\n\t\t\t\t\t\t<\/div>\n\t\t\t\t<\/div>\n\t\t\t\t<div class=\"elementor-element elementor-element-e8e4634 elementor-hidden-mobile elementor-widget elementor-widget-premium-addon-button\" data-id=\"e8e4634\" data-element_type=\"widget\" data-widget_type=\"premium-addon-button.default\">\n\t\t\t\t<div class=\"elementor-widget-container\">\n\t\t\t\t\t\r\n\r\n\t\t<a class=\"premium-button premium-button-style2 premium-btn-sm premium-button-style2-shutinver\" href=\"https:\/\/garbar.info\/zh\/areas-de-practica\/\">\r\n\t\t\t<div class=\"premium-button-text-icon-wrapper\">\r\n\t\t\t\t\r\n\t\t\t\t\t\t\t\t\t<span >\r\n\t\t\t\t\t\t\u670d\u52a1\t\t\t\t\t<\/span>\r\n\t\t\t\t\r\n\t\t\t\t\t\t\t<\/div>\r\n\r\n\t\t\t\r\n\t\t\t\r\n\t\t\t\r\n\t\t<\/a>\r\n\r\n\r\n\t\t\t\t\t\t<\/div>\n\t\t\t\t<\/div>\n\t\t\t\t\t<\/div>\n\t\t<\/div>\n\t\t\t\t<div class=\"elementor-column elementor-col-50 elementor-top-column elementor-element elementor-element-c8807ac\" data-id=\"c8807ac\" data-element_type=\"column\">\n\t\t\t<div class=\"elementor-widget-wrap elementor-element-populated\">\n\t\t\t\t\t\t<div class=\"elementor-element elementor-element-3ac9a5d elementor-widget elementor-widget-heading\" data-id=\"3ac9a5d\" data-element_type=\"widget\" data-widget_type=\"heading.default\">\n\t\t\t\t<div class=\"elementor-widget-container\">\n\t\t\t\t\t<h1 class=\"elementor-heading-title elementor-size-default\">Garc\u00eda Barrag\u00e1n Abogados \u4ee3\u8868\u94f6\u884c\u673a\u6784\u3001\u91d1\u878d\u96c6\u56e2\u3001\u4fe1\u8d37\u673a\u6784\u3001\u6709\u9650\u76ee\u7684\u91d1\u878d\u516c\u53f8\u3001\u8f85\u52a9\u4fe1\u8d37\u7ec4\u7ec7\u3001\u91d1\u878d\u79df\u8d41\u516c\u53f8\u3001\u91d1\u878d\u4fdd\u7406\u516c\u53f8\u3001\u5916\u8d38\u878d\u8d44\u5b9e\u4f53\u3001\u98ce\u9669\u6295\u8d44\u57fa\u91d1\u3001\u6295\u8d44\u57fa\u91d1\u3001\u4fdd\u9669\u516c\u53f8\u3001\u878d\u8d44\u51fa\u79df\u4eba\u3001\u8d44\u4ea7\u878d\u8d44\u63d0\u4f9b\u5546\u3001\u517b\u8001\u57fa\u91d1\u548c\u5176\u4ed6\u673a\u6784\u6295\u8d44\u8005\u3002\n\n<\/h1>\t\t\t\t<\/div>\n\t\t\t\t<\/div>\n\t\t\t\t<div class=\"elementor-element elementor-element-85fc0ab elementor-widget elementor-widget-heading\" data-id=\"85fc0ab\" data-element_type=\"widget\" data-widget_type=\"heading.default\">\n\t\t\t\t<div class=\"elementor-widget-container\">\n\t\t\t\t\t<h1 class=\"elementor-heading-title elementor-size-default\">\u6211\u4eec\u516c\u53f8\u7684\u5b58\u5728\u4ee5\u53ca\u6211\u4eec\u7684\u7ecf\u9a8c\u4f7f\u6211\u4eec\u80fd\u591f\u53c2\u4e0e\u4fe1\u8d37\u6d41\u7a0b\u7684\u5404\u4e2a\u9636\u6bb5\uff0c\u5305\u62ec\u7e41\u8363\u65f6\u671f\u7684\u5145\u6c27\u5faa\u73af\u4ee5\u53ca\u533a\u57df\u6216\u5168\u7403\u5371\u673a\u80cc\u666f\u4e0b\u7684\u91cd\u7ec4\u3002\u6b64\u5916\uff0c\u6211\u4eec\u7684\u5ba2\u6237\u8fd8\u53d7\u76ca\u4e8e\u516c\u53f8\u5176\u4ed6\u4e1a\u52a1\u9886\u57df\u63d0\u4f9b\u7684\u652f\u6301\uff0c\u5305\u62ec\u5e76\u8d2d\u3001\u7a0e\u52a1\u3001\u623f\u5730\u4ea7\u3001\u8bc1\u5238\u548c\u57fa\u7840\u8bbe\u65bd\u7b49\u3002\n\n\n<\/h1>\t\t\t\t<\/div>\n\t\t\t\t<\/div>\n\t\t\t\t<div class=\"elementor-element elementor-element-b36c77f elementor-widget elementor-widget-heading\" data-id=\"b36c77f\" data-element_type=\"widget\" data-widget_type=\"heading.default\">\n\t\t\t\t<div class=\"elementor-widget-container\">\n\t\t\t\t\t<h1 class=\"elementor-heading-title elementor-size-default\">Garc\u00eda Barrag\u00e1n Abogados \u5728\u8fd9\u4e9b\u9886\u57df\u63d0\u4f9b\u7684\u670d\u52a1\u5305\u62ec\uff1a\n\n<\/h1>\t\t\t\t<\/div>\n\t\t\t\t<\/div>\n\t\t\t\t<div class=\"elementor-element elementor-element-94784c1 elementor-widget elementor-widget-heading\" data-id=\"94784c1\" data-element_type=\"widget\" data-widget_type=\"heading.default\">\n\t\t\t\t<div class=\"elementor-widget-container\">\n\t\t\t\t\t<h1 class=\"elementor-heading-title elementor-size-default\">\u2022 \u4fe1\u8d37\u5408\u540c\u3001\u4fe1\u6258\u548c\u5176\u4ed6\u94f6\u884c\u5408\u540c\u7684\u51c6\u5907\u3001\u5206\u6790\u3001\u5efa\u8bae\u3001\u54a8\u8be2\u3001\u91cd\u7ec4\u3001\u610f\u89c1\u4ee5\u53ca\u5408\u6cd5\u7684\u94f6\u884c\u5ba1\u8ba1\u3002\n\n\n<\/h1>\t\t\t\t<\/div>\n\t\t\t\t<\/div>\n\t\t\t\t<div class=\"elementor-element elementor-element-a516c3c elementor-widget elementor-widget-heading\" data-id=\"a516c3c\" data-element_type=\"widget\" data-widget_type=\"heading.default\">\n\t\t\t\t<div class=\"elementor-widget-container\">\n\t\t\t\t\t<h1 class=\"elementor-heading-title elementor-size-default\">\u2022 \u4e0e\u623f\u5730\u4ea7\u548c\u52a8\u4ea7\u76f8\u5173\u7684\u91d1\u878d\u4e1a\u52a1\u7684\u8bbe\u8ba1\u548c\u5b9e\u65bd\uff0c\u5305\u62ec\u8bbe\u5907\u548c\u98de\u673a\u7684\u878d\u8d44\u3002\n\n\n\n<\/h1>\t\t\t\t<\/div>\n\t\t\t\t<\/div>\n\t\t\t\t<div class=\"elementor-element elementor-element-c02c97d elementor-widget elementor-widget-heading\" data-id=\"c02c97d\" data-element_type=\"widget\" data-widget_type=\"heading.default\">\n\t\t\t\t<div class=\"elementor-widget-container\">\n\t\t\t\t\t<h1 class=\"elementor-heading-title elementor-size-default\">\u2022 \u8d1f\u503a\u91cd\u7ec4\u8ba1\u5212\u7684\u8bbe\u8ba1\u3001\u8c08\u5224\u548c\u5b9e\u65bd\u3002\n\n<\/h1>\t\t\t\t<\/div>\n\t\t\t\t<\/div>\n\t\t\t\t<div class=\"elementor-element elementor-element-315580c elementor-widget elementor-widget-heading\" data-id=\"315580c\" data-element_type=\"widget\" data-widget_type=\"heading.default\">\n\t\t\t\t<div class=\"elementor-widget-container\">\n\t\t\t\t\t<h1 class=\"elementor-heading-title elementor-size-default\">\u2022 \u4fe1\u8d37\u653f\u7b56\u3001\u4fe1\u8d37\u624b\u518c\u548c\u6cd5\u5f8b\u8d22\u52a1\u65b9\u9762\u7684\u5236\u5b9a\u3002\n\n\n<\/h1>\t\t\t\t<\/div>\n\t\t\t\t<\/div>\n\t\t\t\t<div class=\"elementor-element elementor-element-6a02fc6 elementor-widget elementor-widget-heading\" data-id=\"6a02fc6\" data-element_type=\"widget\" data-widget_type=\"heading.default\">\n\t\t\t\t<div class=\"elementor-widget-container\">\n\t\t\t\t\t<h1 class=\"elementor-heading-title elementor-size-default\">\u2022 \u4f01\u4e1a\u878d\u8d44\u548c\u518d\u878d\u8d44\u3002\n\n\n\n<\/h1>\t\t\t\t<\/div>\n\t\t\t\t<\/div>\n\t\t\t\t<div class=\"elementor-element elementor-element-3a298e7 elementor-widget elementor-widget-heading\" data-id=\"3a298e7\" data-element_type=\"widget\" data-widget_type=\"heading.default\">\n\t\t\t\t<div class=\"elementor-widget-container\">\n\t\t\t\t\t<h1 class=\"elementor-heading-title elementor-size-default\">\u2022 \u8fd9\u4e9b\u9886\u57df\u5305\u62ec\u6240\u6709\u7c7b\u578b\u4fe1\u8d37\u7684\u53f8\u6cd5\u548c\u6cd5\u5916\u8ffd\u56de\u4ee5\u53ca\u4e0e\u94f6\u884c\u548c\u91d1\u878d\u65b9\u9762\u76f8\u5173\u7684\u8bc9\u8bbc\u3002\n\n<\/h1>\t\t\t\t<\/div>\n\t\t\t\t<\/div>\n\t\t\t\t<div class=\"elementor-element elementor-element-fcc7bb0 elementor-hidden-desktop elementor-widget elementor-widget-premium-addon-button\" data-id=\"fcc7bb0\" data-element_type=\"widget\" data-widget_type=\"premium-addon-button.default\">\n\t\t\t\t<div class=\"elementor-widget-container\">\n\t\t\t\t\t\r\n\r\n\t\t<a class=\"premium-button premium-button-style2 premium-btn-sm premium-button-style2-shutinver\" href=\"https:\/\/garbar.info\/zh\/areas-de-practica\/\">\r\n\t\t\t<div class=\"premium-button-text-icon-wrapper\">\r\n\t\t\t\t\r\n\t\t\t\t\t\t\t\t\t<span >\r\n\t\t\t\t\t\t\u670d\u52a1\t\t\t\t\t<\/span>\r\n\t\t\t\t\r\n\t\t\t\t\t\t\t<\/div>\r\n\r\n\t\t\t\r\n\t\t\t\r\n\t\t\t\r\n\t\t<\/a>\r\n\r\n\r\n\t\t\t\t\t\t<\/div>\n\t\t\t\t<\/div>\n\t\t\t\t\t<\/div>\n\t\t<\/div>\n\t\t\t\t\t<\/div>\n\t\t<\/section>\n\t\t\t\t<\/div>","protected":false},"excerpt":{"rendered":"<p>Nuestros Servicios Bancario y Financiero Servicios Garc\u00eda Barrag\u00e1n Abogados representa a instituciones bancarias, grupos financieros, instituciones de cr\u00e9dito, sociedades financieras de objeto limitado, organizaciones auxiliares de cr\u00e9dito, arrendadoras financieras, empresas de factoraje financiero, entidades de financiamiento al comercio exterior, fondos de capital de riesgo, fondos de inversi\u00f3n, compa\u00f1\u00edas de seguros, arrendadoras financieras, proveedores de financiamiento &#8230; <a title=\"\u94f6\u884c\u4e0e\u91d1\u878d\" class=\"read-more\" href=\"https:\/\/garbar.info\/zh\/areas-de-practica\/bancario-y-financiero\/\" aria-label=\"\u9605\u8bfb Bancario y Financiero\">\u9605\u8bfb\u66f4\u591a<\/a><\/p>","protected":false},"author":1,"featured_media":0,"parent":434,"menu_order":0,"comment_status":"closed","ping_status":"closed","template":"elementor_header_footer","meta":{"inline_featured_image":false,"footnotes":""},"class_list":["post-634","page","type-page","status-publish"],"_links":{"self":[{"href":"https:\/\/garbar.info\/zh\/wp-json\/wp\/v2\/pages\/634","targetHints":{"allow":["GET"]}}],"collection":[{"href":"https:\/\/garbar.info\/zh\/wp-json\/wp\/v2\/pages"}],"about":[{"href":"https:\/\/garbar.info\/zh\/wp-json\/wp\/v2\/types\/page"}],"author":[{"embeddable":true,"href":"https:\/\/garbar.info\/zh\/wp-json\/wp\/v2\/users\/1"}],"replies":[{"embeddable":true,"href":"https:\/\/garbar.info\/zh\/wp-json\/wp\/v2\/comments?post=634"}],"version-history":[{"count":4,"href":"https:\/\/garbar.info\/zh\/wp-json\/wp\/v2\/pages\/634\/revisions"}],"predecessor-version":[{"id":638,"href":"https:\/\/garbar.info\/zh\/wp-json\/wp\/v2\/pages\/634\/revisions\/638"}],"up":[{"embeddable":true,"href":"https:\/\/garbar.info\/zh\/wp-json\/wp\/v2\/pages\/434"}],"wp:attachment":[{"href":"https:\/\/garbar.info\/zh\/wp-json\/wp\/v2\/media?parent=634"}],"curies":[{"name":"wp","href":"https:\/\/api.w.org\/{rel}","templated":true}]}}