{"id":623,"date":"2024-10-02T00:01:22","date_gmt":"2024-10-02T06:01:22","guid":{"rendered":"https:\/\/garbar.info\/?page_id=623"},"modified":"2024-10-02T08:20:44","modified_gmt":"2024-10-02T14:20:44","slug":"inversion-extranjera","status":"publish","type":"page","link":"https:\/\/garbar.info\/zh\/areas-de-practica\/inversion-extranjera\/","title":{"rendered":"\u5916\u8d44"},"content":{"rendered":"<div data-elementor-type=\"wp-page\" data-elementor-id=\"623\" class=\"elementor elementor-623\" data-elementor-post-type=\"page\">\n\t\t\t\t\t\t<section class=\"elementor-section elementor-top-section elementor-element elementor-element-ba5c231 elementor-section-boxed elementor-section-height-default elementor-section-height-default\" data-id=\"ba5c231\" data-element_type=\"section\" data-settings=\"{&quot;background_background&quot;:&quot;classic&quot;}\">\n\t\t\t\t\t\t<div class=\"elementor-container elementor-column-gap-default\">\n\t\t\t\t\t<div class=\"elementor-column elementor-col-50 elementor-top-column elementor-element elementor-element-e082185\" data-id=\"e082185\" data-element_type=\"column\">\n\t\t\t<div class=\"elementor-widget-wrap elementor-element-populated\">\n\t\t\t\t\t\t<div class=\"elementor-element elementor-element-f5638b9 elementor-widget elementor-widget-heading\" data-id=\"f5638b9\" data-element_type=\"widget\" data-widget_type=\"heading.default\">\n\t\t\t\t<div class=\"elementor-widget-container\">\n\t\t\t\t\t<h2 class=\"elementor-heading-title elementor-size-default\">\u6211\u4eec\u7684\u670d\u52a1<\/h2>\t\t\t\t<\/div>\n\t\t\t\t<\/div>\n\t\t\t\t<div class=\"elementor-element elementor-element-6343e53 elementor-widget elementor-widget-heading\" data-id=\"6343e53\" data-element_type=\"widget\" data-widget_type=\"heading.default\">\n\t\t\t\t<div class=\"elementor-widget-container\">\n\t\t\t\t\t<h1 class=\"elementor-heading-title elementor-size-default\">\u5916\u8d44\n<\/h1>\t\t\t\t<\/div>\n\t\t\t\t<\/div>\n\t\t\t\t<div class=\"elementor-element elementor-element-76d897b elementor-hidden-mobile elementor-widget elementor-widget-spacer\" data-id=\"76d897b\" data-element_type=\"widget\" data-widget_type=\"spacer.default\">\n\t\t\t\t<div class=\"elementor-widget-container\">\n\t\t\t\t\t\t\t<div class=\"elementor-spacer\">\n\t\t\t<div class=\"elementor-spacer-inner\"><\/div>\n\t\t<\/div>\n\t\t\t\t\t\t<\/div>\n\t\t\t\t<\/div>\n\t\t\t\t<div class=\"elementor-element elementor-element-e8e4634 elementor-hidden-mobile elementor-widget elementor-widget-premium-addon-button\" data-id=\"e8e4634\" data-element_type=\"widget\" data-widget_type=\"premium-addon-button.default\">\n\t\t\t\t<div class=\"elementor-widget-container\">\n\t\t\t\t\t\r\n\r\n\t\t<a class=\"premium-button premium-button-style2 premium-btn-sm premium-button-style2-shutinver\" href=\"https:\/\/garbar.info\/zh\/areas-de-practica\/\">\r\n\t\t\t<div class=\"premium-button-text-icon-wrapper\">\r\n\t\t\t\t\r\n\t\t\t\t\t\t\t\t\t<span >\r\n\t\t\t\t\t\t\u670d\u52a1\t\t\t\t\t<\/span>\r\n\t\t\t\t\r\n\t\t\t\t\t\t\t<\/div>\r\n\r\n\t\t\t\r\n\t\t\t\r\n\t\t\t\r\n\t\t<\/a>\r\n\r\n\r\n\t\t\t\t\t\t<\/div>\n\t\t\t\t<\/div>\n\t\t\t\t\t<\/div>\n\t\t<\/div>\n\t\t\t\t<div class=\"elementor-column elementor-col-50 elementor-top-column elementor-element elementor-element-c8807ac\" data-id=\"c8807ac\" data-element_type=\"column\">\n\t\t\t<div class=\"elementor-widget-wrap elementor-element-populated\">\n\t\t\t\t\t\t<div class=\"elementor-element elementor-element-3ac9a5d elementor-widget elementor-widget-heading\" data-id=\"3ac9a5d\" data-element_type=\"widget\" data-widget_type=\"heading.default\">\n\t\t\t\t<div class=\"elementor-widget-container\">\n\t\t\t\t\t<h1 class=\"elementor-heading-title elementor-size-default\">Garc\u00eda Barrag\u00e1n Abogados \u5728\u4e3a\u5e0c\u671b\u5728\u58a8\u897f\u54e5\u5f00\u5c55\u4e1a\u52a1\u6216\u5bfb\u6c42\u8fdb\u5165\u58a8\u897f\u54e5\u5e02\u573a\u7684\u5916\u56fd\u5ba2\u6237\u63d0\u4f9b\u54a8\u8be2\u65b9\u9762\u62e5\u6709\u4e30\u5bcc\u7684\u7ecf\u9a8c\uff0c\u65e0\u8bba\u662f\u5728\u5236\u9020\u3001\u670d\u52a1\u8fd8\u662f\u5176\u4ed6\u9886\u57df\uff0c\u4e3a\u6bcf\u79cd\u60c5\u51b5\u6307\u51fa\u6700\u65b9\u4fbf\u548c\u53ef\u884c\u7684\u66ff\u4ee3\u65b9\u6848\uff0c\u5305\u62ec\u3002\u5f53\u9700\u8981\u8865\u5145\u5916\u56fd\u6295\u8d44\u65f6\uff0c\u4e2d\u7acb\u6295\u8d44\u7684\u5404\u4e2a\u65b9\u9762\u3002\u6211\u4eec\u7684\u529e\u4e8b\u5904\u5728\u5fc5\u8981\u65f6\u4ee3\u8868\u5176\u5ba2\u6237\u5728\u76f8\u5e94\u5f53\u5c40\u6267\u884c\u7a0b\u5e8f\u4ee5\u83b7\u53d6\u6388\u6743\uff0c\u901a\u8fc7\u8fd9\u4e9b\u7a0b\u5e8f\uff0c\u6211\u4eec\u6210\u4e3a\u6240\u6709\u90a3\u4e9b\u5bfb\u6c42\u907f\u514d\u504f\u79bb\u5176\u76ee\u6807\u7684\u632b\u6298\u7684\u516c\u53f8\u7684\u654f\u6377\u548c\u9ad8\u6548\u7684\u8054\u7edc\u70b9\u3002\n\n<\/h1>\t\t\t\t<\/div>\n\t\t\t\t<\/div>\n\t\t\t\t<div class=\"elementor-element elementor-element-85fc0ab elementor-widget elementor-widget-heading\" data-id=\"85fc0ab\" data-element_type=\"widget\" data-widget_type=\"heading.default\">\n\t\t\t\t<div class=\"elementor-widget-container\">\n\t\t\t\t\t<h1 class=\"elementor-heading-title elementor-size-default\">\u6211\u4eec\u7684\u670d\u52a1\u4e0e\u516c\u53f8\u6cd5\u9886\u57df\u7684\u670d\u52a1\u76f8\u8f85\u76f8\u6210\uff0c\u5305\u62ec\uff1a\n\n<\/h1>\t\t\t\t<\/div>\n\t\t\t\t<\/div>\n\t\t\t\t<div class=\"elementor-element elementor-element-b36c77f elementor-widget elementor-widget-heading\" data-id=\"b36c77f\" data-element_type=\"widget\" data-widget_type=\"heading.default\">\n\t\t\t\t<div class=\"elementor-widget-container\">\n\t\t\t\t\t<h1 class=\"elementor-heading-title elementor-size-default\">\u2022 \u5173\u4e8e\u534f\u4f1a\u548c\u5171\u540c\u6295\u8d44\u7684\u5efa\u8bae\u3002\n\n<\/h1>\t\t\t\t<\/div>\n\t\t\t\t<\/div>\n\t\t\t\t<div class=\"elementor-element elementor-element-c63061a elementor-widget elementor-widget-heading\" data-id=\"c63061a\" data-element_type=\"widget\" data-widget_type=\"heading.default\">\n\t\t\t\t<div class=\"elementor-widget-container\">\n\t\t\t\t\t<h1 class=\"elementor-heading-title elementor-size-default\">\u2022 \u6295\u8d44\u57fa\u91d1\u548c\u673a\u6784\u6295\u8d44\u8005\u5bf9\u58a8\u897f\u54e5\u516c\u53f8\u98ce\u9669\u8d44\u672c\u548c\u79c1\u4eba\u8d44\u672c\u6295\u8d44\u76f8\u5173\u7684\u6cd5\u5f8b\u7ed3\u6784\u8bbe\u8ba1\u3001\u5408\u540c\u51c6\u5907\u548c\u8c08\u5224\u3002\n\n<\/h1>\t\t\t\t<\/div>\n\t\t\t\t<\/div>\n\t\t\t\t<div class=\"elementor-element elementor-element-40fc54b elementor-widget elementor-widget-heading\" data-id=\"40fc54b\" data-element_type=\"widget\" data-widget_type=\"heading.default\">\n\t\t\t\t<div class=\"elementor-widget-container\">\n\t\t\t\t\t<h1 class=\"elementor-heading-title elementor-size-default\">\u2022 \u516c\u53f8\u7ec4\u5efa\u3001\u5f00\u8bbe\u5206\u516c\u53f8\u548c\u5b50\u516c\u53f8\u3001\u4ee3\u8868\u5904\u548c\u5e38\u8bbe\u673a\u6784\uff0c\u5305\u62ec\u5411\u7ecf\u6d4e\u90e8\u529e\u7406\u516c\u53f8\u7ec4\u5efa\u3001\u540d\u79f0\u6216\u516c\u53f8\u540d\u79f0\u53d8\u66f4\u4ee5\u53ca\u8f6c\u578b\u7684\u8bb8\u53ef\u8bc1\u3002\n\n<\/h1>\t\t\t\t<\/div>\n\t\t\t\t<\/div>\n\t\t\t\t<div class=\"elementor-element elementor-element-c88033c elementor-widget elementor-widget-heading\" data-id=\"c88033c\" data-element_type=\"widget\" data-widget_type=\"heading.default\">\n\t\t\t\t<div class=\"elementor-widget-container\">\n\t\t\t\t\t<h1 class=\"elementor-heading-title elementor-size-default\">\u2022 \u51c6\u5907\u80a1\u4e1c\u4f1a\u8bae\u548c\u8463\u4e8b\u4f1a\u4f1a\u8bae\u8bb0\u5f55\uff0c\u5176\u4e2d\u6279\u51c6\u516c\u53f8\u5e74\u9650\u3001\u8463\u4e8b\u4f1a\u6216\u59d4\u5458\u6210\u5458\u7684\u53d8\u66f4\u3001\u6388\u4e88\u6743\u529b\u3001\u589e\u51cf\u8d44\u672c\u3001\u8f6c\u578b\u3001\u5408\u5e76\u3001\u5206\u7acb\u3001\u89e3\u6563\u548c\u6e05\u7b97\u3002\n\n<\/h1>\t\t\t\t<\/div>\n\t\t\t\t<\/div>\n\t\t\t\t<div class=\"elementor-element elementor-element-523114e elementor-widget elementor-widget-heading\" data-id=\"523114e\" data-element_type=\"widget\" data-widget_type=\"heading.default\">\n\t\t\t\t<div class=\"elementor-widget-container\">\n\t\t\t\t\t<h1 class=\"elementor-heading-title elementor-size-default\">\u2022 \u5728\u56fd\u5bb6\u5916\u56fd\u6295\u8d44\u767b\u8bb0\u5904\u6ce8\u518c\u516c\u53f8\u548c\u5206\u652f\u673a\u6784\uff0c\u5e76\u76d1\u7763\u8be5\u673a\u6784\u5c65\u884c\u4e49\u52a1\u7684\u60c5\u51b5\uff0c\u5305\u62ec\u51c6\u5907\u548c\u63d0\u4ea4\u4e0e\u516c\u53f8\u53d8\u52a8\u76f8\u5173\u7684\u901a\u77e5\uff0c\u4ee5\u53ca\u5ba1\u67e5\u548c\u63d0\u4ea4\u5e74\u5ea6\u548c\u5b63\u5ea6\u7ecf\u6d4e\u62a5\u544a\u3002\n\n<\/h1>\t\t\t\t<\/div>\n\t\t\t\t<\/div>\n\t\t\t\t<div class=\"elementor-element elementor-element-5f30191 elementor-widget elementor-widget-heading\" data-id=\"5f30191\" data-element_type=\"widget\" data-widget_type=\"heading.default\">\n\t\t\t\t<div class=\"elementor-widget-container\">\n\t\t\t\t\t<h1 class=\"elementor-heading-title elementor-size-default\">\u2022 \u83b7\u5f97\u56fd\u5bb6\u5916\u56fd\u6295\u8d44\u59d4\u5458\u4f1a\u7684\u6388\u6743\u3002\n\n<\/h1>\t\t\t\t<\/div>\n\t\t\t\t<\/div>\n\t\t\t\t<div class=\"elementor-element elementor-element-6198071 elementor-widget elementor-widget-heading\" data-id=\"6198071\" data-element_type=\"widget\" data-widget_type=\"heading.default\">\n\t\t\t\t<div class=\"elementor-widget-container\">\n\t\t\t\t\t<h1 class=\"elementor-heading-title elementor-size-default\">\u2022 \u5728\u516c\u8bc1\u4eba\u548c\u516c\u5171\u7ecf\u7eaa\u4eba\u9762\u524d\u5904\u7406\u64cd\u4f5c\u7684\u6b63\u5f0f\u5316\u6216\u8ba4\u8bc1\u4ee5\u53ca\u4f1a\u8bae\u8bb0\u5f55\u7684\u534f\u8bae\u5316\u3002\n\n<\/h1>\t\t\t\t<\/div>\n\t\t\t\t<\/div>\n\t\t\t\t<div class=\"elementor-element elementor-element-fbf678c elementor-widget elementor-widget-heading\" data-id=\"fbf678c\" data-element_type=\"widget\" data-widget_type=\"heading.default\">\n\t\t\t\t<div class=\"elementor-widget-container\">\n\t\t\t\t\t<h1 class=\"elementor-heading-title elementor-size-default\">\u2022 \u516c\u5171\u6587\u4ef6\u7684\u6d77\u7259\u8ba4\u8bc1\u548c\u5408\u6cd5\u5316\u3002\n\n<\/h1>\t\t\t\t<\/div>\n\t\t\t\t<\/div>\n\t\t\t\t<div class=\"elementor-element elementor-element-04ed9dc elementor-widget elementor-widget-heading\" data-id=\"04ed9dc\" data-element_type=\"widget\" data-widget_type=\"heading.default\">\n\t\t\t\t<div class=\"elementor-widget-container\">\n\t\t\t\t\t<h1 class=\"elementor-heading-title elementor-size-default\">\u2022 \u6709\u5173\u5e87\u62a4\u6240\u5408\u540c\u7684\u5efa\u8bae\uff0c\u8be5\u5408\u540c\u5141\u8bb8\u5916\u56fd\u6295\u8d44\u8005\u65e0\u9700\u8d2d\u4e70\u56fa\u5b9a\u8d44\u4ea7\u548c\u76f4\u63a5\u96c7\u7528\u5458\u5de5\u5373\u53ef\u5f00\u5c55\u7ecf\u8425\uff0c\u5e76\u4e14\u4e00\u822c\u800c\u8a00\uff0c\u63d0\u4f9b\u6b64\u7c7b\u6d3b\u52a8\u6240\u9700\u7684\u6cd5\u5f8b\u5efa\u8bae\u3002\n\n<\/h1>\t\t\t\t<\/div>\n\t\t\t\t<\/div>\n\t\t\t\t<div class=\"elementor-element elementor-element-de81ccb elementor-widget elementor-widget-heading\" data-id=\"de81ccb\" data-element_type=\"widget\" data-widget_type=\"heading.default\">\n\t\t\t\t<div class=\"elementor-widget-container\">\n\t\t\t\t\t<h1 class=\"elementor-heading-title elementor-size-default\">\u2022 \u8fd8\u5411\u5916\u56fd\u6295\u8d44\u8005\u63d0\u4f9b\u51fa\u53e3\u52a0\u5de5\u533a\u6d3b\u52a8\u9886\u57df\u7684\u670d\u52a1\uff0c\u5305\u62ec\u9879\u76ee\u6388\u6743\u3001\u6d77\u5173\u65b9\u9762\u3001\u5fc5\u8981\u65f6\u6536\u8d2d\u623f\u5730\u4ea7\u3001\u79df\u8d41\u6216\u901a\u8fc7\u4fe1\u6258\u3002\n\n<\/h1>\t\t\t\t<\/div>\n\t\t\t\t<\/div>\n\t\t\t\t<div class=\"elementor-element elementor-element-fcc7bb0 elementor-hidden-desktop elementor-widget elementor-widget-premium-addon-button\" data-id=\"fcc7bb0\" data-element_type=\"widget\" data-widget_type=\"premium-addon-button.default\">\n\t\t\t\t<div class=\"elementor-widget-container\">\n\t\t\t\t\t\r\n\r\n\t\t<a class=\"premium-button premium-button-style2 premium-btn-sm premium-button-style2-shutinver\" href=\"https:\/\/garbar.info\/zh\/areas-de-practica\/\">\r\n\t\t\t<div class=\"premium-button-text-icon-wrapper\">\r\n\t\t\t\t\r\n\t\t\t\t\t\t\t\t\t<span >\r\n\t\t\t\t\t\t\u670d\u52a1\t\t\t\t\t<\/span>\r\n\t\t\t\t\r\n\t\t\t\t\t\t\t<\/div>\r\n\r\n\t\t\t\r\n\t\t\t\r\n\t\t\t\r\n\t\t<\/a>\r\n\r\n\r\n\t\t\t\t\t\t<\/div>\n\t\t\t\t<\/div>\n\t\t\t\t\t<\/div>\n\t\t<\/div>\n\t\t\t\t\t<\/div>\n\t\t<\/section>\n\t\t\t\t<\/div>","protected":false},"excerpt":{"rendered":"<p>Nuestros Servicios Inversi\u00f3n Extranjera Servicios Garc\u00eda Barrag\u00e1n Abogados tiene amplia experiencia en la asesor\u00eda a clientes extranjeros que desean realizar negocios en M\u00e9xico o que buscan incursionar en el mercado mexicano, ya sea en el \u00e1mbito de manufactura, servicios u otros, se\u00f1al\u00e1ndoles las alternativas m\u00e1s convenientes y viables para cada caso, incluyendo los aspectos de &#8230; <a title=\"\u5916\u8d44\" class=\"read-more\" href=\"https:\/\/garbar.info\/zh\/areas-de-practica\/inversion-extranjera\/\" aria-label=\"\u9605\u8bfb Inversi\u00f3n Extranjera\">\u9605\u8bfb\u66f4\u591a<\/a><\/p>","protected":false},"author":1,"featured_media":0,"parent":434,"menu_order":0,"comment_status":"closed","ping_status":"closed","template":"elementor_header_footer","meta":{"inline_featured_image":false,"footnotes":""},"class_list":["post-623","page","type-page","status-publish"],"_links":{"self":[{"href":"https:\/\/garbar.info\/zh\/wp-json\/wp\/v2\/pages\/623","targetHints":{"allow":["GET"]}}],"collection":[{"href":"https:\/\/garbar.info\/zh\/wp-json\/wp\/v2\/pages"}],"about":[{"href":"https:\/\/garbar.info\/zh\/wp-json\/wp\/v2\/types\/page"}],"author":[{"embeddable":true,"href":"https:\/\/garbar.info\/zh\/wp-json\/wp\/v2\/users\/1"}],"replies":[{"embeddable":true,"href":"https:\/\/garbar.info\/zh\/wp-json\/wp\/v2\/comments?post=623"}],"version-history":[{"count":7,"href":"https:\/\/garbar.info\/zh\/wp-json\/wp\/v2\/pages\/623\/revisions"}],"predecessor-version":[{"id":633,"href":"https:\/\/garbar.info\/zh\/wp-json\/wp\/v2\/pages\/623\/revisions\/633"}],"up":[{"embeddable":true,"href":"https:\/\/garbar.info\/zh\/wp-json\/wp\/v2\/pages\/434"}],"wp:attachment":[{"href":"https:\/\/garbar.info\/zh\/wp-json\/wp\/v2\/media?parent=623"}],"curies":[{"name":"wp","href":"https:\/\/api.w.org\/{rel}","templated":true}]}}