{"id":588,"date":"2024-10-01T23:31:35","date_gmt":"2024-10-02T05:31:35","guid":{"rendered":"https:\/\/garbar.info\/?page_id=588"},"modified":"2024-10-01T23:35:02","modified_gmt":"2024-10-02T05:35:02","slug":"fiscal","status":"publish","type":"page","link":"https:\/\/garbar.info\/zh\/areas-de-practica\/fiscal\/","title":{"rendered":"\u8d22"},"content":{"rendered":"<div data-elementor-type=\"wp-page\" data-elementor-id=\"588\" class=\"elementor elementor-588\" data-elementor-post-type=\"page\">\n\t\t\t\t\t\t<section class=\"elementor-section elementor-top-section elementor-element elementor-element-ba5c231 elementor-section-boxed elementor-section-height-default elementor-section-height-default\" data-id=\"ba5c231\" data-element_type=\"section\" data-settings=\"{&quot;background_background&quot;:&quot;classic&quot;}\">\n\t\t\t\t\t\t<div class=\"elementor-container elementor-column-gap-default\">\n\t\t\t\t\t<div class=\"elementor-column elementor-col-50 elementor-top-column elementor-element elementor-element-e082185\" data-id=\"e082185\" data-element_type=\"column\">\n\t\t\t<div class=\"elementor-widget-wrap elementor-element-populated\">\n\t\t\t\t\t\t<div class=\"elementor-element elementor-element-f5638b9 elementor-widget elementor-widget-heading\" data-id=\"f5638b9\" data-element_type=\"widget\" data-widget_type=\"heading.default\">\n\t\t\t\t<div class=\"elementor-widget-container\">\n\t\t\t\t\t<h2 class=\"elementor-heading-title elementor-size-default\">\u6211\u4eec\u7684\u670d\u52a1<\/h2>\t\t\t\t<\/div>\n\t\t\t\t<\/div>\n\t\t\t\t<div class=\"elementor-element elementor-element-6343e53 elementor-widget elementor-widget-heading\" data-id=\"6343e53\" data-element_type=\"widget\" data-widget_type=\"heading.default\">\n\t\t\t\t<div class=\"elementor-widget-container\">\n\t\t\t\t\t<h1 class=\"elementor-heading-title elementor-size-default\">\u8d22<\/h1>\t\t\t\t<\/div>\n\t\t\t\t<\/div>\n\t\t\t\t<div class=\"elementor-element elementor-element-76d897b elementor-hidden-mobile elementor-widget elementor-widget-spacer\" data-id=\"76d897b\" data-element_type=\"widget\" data-widget_type=\"spacer.default\">\n\t\t\t\t<div class=\"elementor-widget-container\">\n\t\t\t\t\t\t\t<div class=\"elementor-spacer\">\n\t\t\t<div class=\"elementor-spacer-inner\"><\/div>\n\t\t<\/div>\n\t\t\t\t\t\t<\/div>\n\t\t\t\t<\/div>\n\t\t\t\t<div class=\"elementor-element elementor-element-e8e4634 elementor-hidden-mobile elementor-widget elementor-widget-premium-addon-button\" data-id=\"e8e4634\" data-element_type=\"widget\" data-widget_type=\"premium-addon-button.default\">\n\t\t\t\t<div class=\"elementor-widget-container\">\n\t\t\t\t\t\r\n\r\n\t\t<a class=\"premium-button premium-button-style2 premium-btn-sm premium-button-style2-shutinver\" href=\"https:\/\/garbar.info\/zh\/areas-de-practica\/\">\r\n\t\t\t<div class=\"premium-button-text-icon-wrapper\">\r\n\t\t\t\t\r\n\t\t\t\t\t\t\t\t\t<span >\r\n\t\t\t\t\t\t\u670d\u52a1\t\t\t\t\t<\/span>\r\n\t\t\t\t\r\n\t\t\t\t\t\t\t<\/div>\r\n\r\n\t\t\t\r\n\t\t\t\r\n\t\t\t\r\n\t\t<\/a>\r\n\r\n\r\n\t\t\t\t\t\t<\/div>\n\t\t\t\t<\/div>\n\t\t\t\t\t<\/div>\n\t\t<\/div>\n\t\t\t\t<div class=\"elementor-column elementor-col-50 elementor-top-column elementor-element elementor-element-c8807ac\" data-id=\"c8807ac\" data-element_type=\"column\">\n\t\t\t<div class=\"elementor-widget-wrap elementor-element-populated\">\n\t\t\t\t\t\t<div class=\"elementor-element elementor-element-3ac9a5d elementor-widget elementor-widget-heading\" data-id=\"3ac9a5d\" data-element_type=\"widget\" data-widget_type=\"heading.default\">\n\t\t\t\t<div class=\"elementor-widget-container\">\n\t\t\t\t\t<h1 class=\"elementor-heading-title elementor-size-default\">Garc\u00eda Barrag\u00e1n Abogados \u4e3a\u6211\u4eec\u7684\u5ba2\u6237\u5728\u58a8\u897f\u54e5\u548c\u56fd\u5916\u5f00\u5c55\u7684\u4e0d\u540c\u7c7b\u578b\u7684\u6d3b\u52a8\u63d0\u4f9b\u7a0e\u52a1\u54a8\u8be2\u670d\u52a1\u3002\u56e0\u6b64\uff0c\u6211\u4eec\u63d0\u4f9b\u9884\u9632\u6027\u5efa\u8bae\uff0c\u4ee5\u89c4\u5212\u7a0e\u52a1\u7b56\u7565\u548c\u83b7\u5f97\u6388\u6743\uff0c\u6216\u9884\u6d4b\u7a0e\u52a1\u8bc9\u8bbc\u7684\u8303\u56f4\u548c\u6210\u672c\u3002\u540c\u6837\uff0cGarc\u00eda Barrag\u00e1n Abogados \u63d0\u4f9b\u6267\u884c\u8fd9\u4e9b\u6d41\u7a0b\u6240\u9700\u7684\u6cd5\u5f8b\u4ee3\u8868\uff0c\u8fd9\u5c31\u662f\u4e3a\u4ec0\u4e48\u6211\u4eec\u5bf9\u5ba2\u6237\u6765\u8bf4\u4e0d\u4ec5\u662f\u4e00\u79cd\u9884\u9632\u624b\u6bb5\uff0c\u800c\u4e14\u662f\u4e00\u4e2a\u63d0\u4f9b\u89e3\u51b3\u65b9\u6848\u5e76\u5728\u4e0e\u7a0e\u52a1\u4e8b\u9879\u76f8\u5173\u7684\u4e00\u5207\u65b9\u9762\u63d0\u4f9b\u5fc5\u8981\u652f\u6301\u7684\u4ee3\u7406\uff0c\u5305\u62ec\u5baa\u6cd5\u6743\u5229\u4fdd\u62a4\u5ba1\u5224\u3002<\/h1>\t\t\t\t<\/div>\n\t\t\t\t<\/div>\n\t\t\t\t<div class=\"elementor-element elementor-element-85fc0ab elementor-widget elementor-widget-heading\" data-id=\"85fc0ab\" data-element_type=\"widget\" data-widget_type=\"heading.default\">\n\t\t\t\t<div class=\"elementor-widget-container\">\n\t\t\t\t\t<h1 class=\"elementor-heading-title elementor-size-default\">\u6211\u4eec\u7684\u670d\u52a1\u5305\u62ec\uff1a<br>\n\n\u2022 \u9884\u9632\u548c\u5c3d\u804c\u8c03\u67e5\u65b9\u9762\u3002\n<br>\n\u2022 \u8d22\u653f\u3001\u56fd\u5bb6\u548c\u56fd\u9645\u89c4\u5212\u548c\u6218\u7565\u3002\n<br>\n\u2022 \u4f01\u4e1a\u91cd\u7ec4\uff08\u516c\u53f8\u3001\u52b3\u5de5\u3001\u77e5\u8bc6\u4ea7\u6743\u3001\u79fb\u6c11\u7b49\uff09\n<br>\n\u2022 \u5408\u5e76\u548c\u6536\u8d2d\u3002\n<br>\n\u2022 \u7a0e\u52a1\u5efa\u8bae\u3002\n<br>\n\u2022 \u5b9e\u65bd\u8d22\u653f\u523a\u6fc0\u3002\n<br>\n\u2022 \u4e2a\u4eba\u9057\u4ea7\u89c4\u5212\u3002<\/h1>\t\t\t\t<\/div>\n\t\t\t\t<\/div>\n\t\t\t\t<div class=\"elementor-element elementor-element-b36c77f elementor-widget elementor-widget-heading\" data-id=\"b36c77f\" data-element_type=\"widget\" data-widget_type=\"heading.default\">\n\t\t\t\t<div class=\"elementor-widget-container\">\n\t\t\t\t\t<h1 class=\"elementor-heading-title elementor-size-default\">\u5728\u8fd9\u4e00\u9886\u57df\uff0c\u6211\u4eec\u8fd8\u63d0\u4f9b\u4e0e\u7a0e\u52a1\u8bc9\u8bbc\u76f8\u5173\u7684\u670d\u52a1\uff0c\u65e0\u8bba\u662f\u5728\u7a0e\u52a1\u673a\u5173\u7684\u884c\u653f\u9636\u6bb5\u8fd8\u662f\u5728\u8054\u90a6\u3001\u5dde\u548c\u5e02\u6cd5\u9662\u7684\u8bc9\u8bbc\u9636\u6bb5\uff0c\u5728\u6240\u6709\u60c5\u51b5\u4e0b\uff0c\u5305\u62ec\u5baa\u6cd5\u6743\u5229\u4fdd\u62a4\u5ba1\u5224\u3002\n\n<\/h1>\t\t\t\t<\/div>\n\t\t\t\t<\/div>\n\t\t\t\t<div class=\"elementor-element elementor-element-94784c1 elementor-widget elementor-widget-heading\" data-id=\"94784c1\" data-element_type=\"widget\" data-widget_type=\"heading.default\">\n\t\t\t\t<div class=\"elementor-widget-container\">\n\t\t\t\t\t<h1 class=\"elementor-heading-title elementor-size-default\">\u2022 \u64a4\u9500\u8d44\u6e90(SAT)\u3002\n<br>\n\u2022 \u65e0\u6548\u5ba1\u5224(TFJA)\u3002\n<br>\n\u2022 \u6d77\u5173\u8bc9\u8bbc\u3002\n<br>\n\u2022 \u5baa\u6cd5\u6743\u5229\u4fdd\u62a4\u5ba1\u5224\n\n<\/h1>\t\t\t\t<\/div>\n\t\t\t\t<\/div>\n\t\t\t\t<div class=\"elementor-element elementor-element-fcc7bb0 elementor-hidden-desktop elementor-widget elementor-widget-premium-addon-button\" data-id=\"fcc7bb0\" data-element_type=\"widget\" data-widget_type=\"premium-addon-button.default\">\n\t\t\t\t<div class=\"elementor-widget-container\">\n\t\t\t\t\t\r\n\r\n\t\t<a class=\"premium-button premium-button-style2 premium-btn-sm premium-button-style2-shutinver\" href=\"https:\/\/garbar.info\/zh\/areas-de-practica\/\">\r\n\t\t\t<div class=\"premium-button-text-icon-wrapper\">\r\n\t\t\t\t\r\n\t\t\t\t\t\t\t\t\t<span >\r\n\t\t\t\t\t\t\u670d\u52a1\t\t\t\t\t<\/span>\r\n\t\t\t\t\r\n\t\t\t\t\t\t\t<\/div>\r\n\r\n\t\t\t\r\n\t\t\t\r\n\t\t\t\r\n\t\t<\/a>\r\n\r\n\r\n\t\t\t\t\t\t<\/div>\n\t\t\t\t<\/div>\n\t\t\t\t\t<\/div>\n\t\t<\/div>\n\t\t\t\t\t<\/div>\n\t\t<\/section>\n\t\t\t\t<\/div>","protected":false},"excerpt":{"rendered":"<p>Nuestros Servicios Fiscal Servicios Garc\u00eda Barrag\u00e1n Abogados ofrece servicios de asesor\u00eda fiscal con los distintos tipos de actividades que llevan a cabo nuestros clientes tanto en M\u00e9xico como en el extranjero. Por ello, brindamos asesor\u00eda de forma preventiva, para la planeaci\u00f3n de estrategias fiscales y para la obtenci\u00f3n de autorizaciones, o para preveer los alcances &#8230; <a title=\"\u8d22\" class=\"read-more\" href=\"https:\/\/garbar.info\/zh\/areas-de-practica\/fiscal\/\" aria-label=\"\u9605\u8bfb Fiscal\">\u9605\u8bfb\u66f4\u591a<\/a><\/p>","protected":false},"author":1,"featured_media":0,"parent":434,"menu_order":0,"comment_status":"closed","ping_status":"closed","template":"elementor_header_footer","meta":{"inline_featured_image":false,"footnotes":""},"class_list":["post-588","page","type-page","status-publish"],"_links":{"self":[{"href":"https:\/\/garbar.info\/zh\/wp-json\/wp\/v2\/pages\/588","targetHints":{"allow":["GET"]}}],"collection":[{"href":"https:\/\/garbar.info\/zh\/wp-json\/wp\/v2\/pages"}],"about":[{"href":"https:\/\/garbar.info\/zh\/wp-json\/wp\/v2\/types\/page"}],"author":[{"embeddable":true,"href":"https:\/\/garbar.info\/zh\/wp-json\/wp\/v2\/users\/1"}],"replies":[{"embeddable":true,"href":"https:\/\/garbar.info\/zh\/wp-json\/wp\/v2\/comments?post=588"}],"version-history":[{"count":7,"href":"https:\/\/garbar.info\/zh\/wp-json\/wp\/v2\/pages\/588\/revisions"}],"predecessor-version":[{"id":598,"href":"https:\/\/garbar.info\/zh\/wp-json\/wp\/v2\/pages\/588\/revisions\/598"}],"up":[{"embeddable":true,"href":"https:\/\/garbar.info\/zh\/wp-json\/wp\/v2\/pages\/434"}],"wp:attachment":[{"href":"https:\/\/garbar.info\/zh\/wp-json\/wp\/v2\/media?parent=588"}],"curies":[{"name":"wp","href":"https:\/\/api.w.org\/{rel}","templated":true}]}}