{"id":576,"date":"2024-10-01T23:18:53","date_gmt":"2024-10-02T05:18:53","guid":{"rendered":"https:\/\/garbar.info\/?page_id=576"},"modified":"2024-10-01T23:28:42","modified_gmt":"2024-10-02T05:28:42","slug":"mercantil","status":"publish","type":"page","link":"https:\/\/garbar.info\/zh\/areas-de-practica\/mercantil\/","title":{"rendered":"\u8d38\u6613"},"content":{"rendered":"<div data-elementor-type=\"wp-page\" data-elementor-id=\"576\" class=\"elementor elementor-576\" data-elementor-post-type=\"page\">\n\t\t\t\t\t\t<section class=\"elementor-section elementor-top-section elementor-element elementor-element-ba5c231 elementor-section-boxed elementor-section-height-default elementor-section-height-default\" data-id=\"ba5c231\" data-element_type=\"section\" data-settings=\"{&quot;background_background&quot;:&quot;classic&quot;}\">\n\t\t\t\t\t\t<div class=\"elementor-container elementor-column-gap-default\">\n\t\t\t\t\t<div class=\"elementor-column elementor-col-50 elementor-top-column elementor-element elementor-element-e082185\" data-id=\"e082185\" data-element_type=\"column\">\n\t\t\t<div class=\"elementor-widget-wrap elementor-element-populated\">\n\t\t\t\t\t\t<div class=\"elementor-element elementor-element-f5638b9 elementor-widget elementor-widget-heading\" data-id=\"f5638b9\" data-element_type=\"widget\" data-widget_type=\"heading.default\">\n\t\t\t\t<div class=\"elementor-widget-container\">\n\t\t\t\t\t<h2 class=\"elementor-heading-title elementor-size-default\">\u6211\u4eec\u7684\u670d\u52a1<\/h2>\t\t\t\t<\/div>\n\t\t\t\t<\/div>\n\t\t\t\t<div class=\"elementor-element elementor-element-6343e53 elementor-widget elementor-widget-heading\" data-id=\"6343e53\" data-element_type=\"widget\" data-widget_type=\"heading.default\">\n\t\t\t\t<div class=\"elementor-widget-container\">\n\t\t\t\t\t<h1 class=\"elementor-heading-title elementor-size-default\">\u8d38\u6613<\/h1>\t\t\t\t<\/div>\n\t\t\t\t<\/div>\n\t\t\t\t<div class=\"elementor-element elementor-element-76d897b elementor-hidden-mobile elementor-widget elementor-widget-spacer\" data-id=\"76d897b\" data-element_type=\"widget\" data-widget_type=\"spacer.default\">\n\t\t\t\t<div class=\"elementor-widget-container\">\n\t\t\t\t\t\t\t<div class=\"elementor-spacer\">\n\t\t\t<div class=\"elementor-spacer-inner\"><\/div>\n\t\t<\/div>\n\t\t\t\t\t\t<\/div>\n\t\t\t\t<\/div>\n\t\t\t\t<div class=\"elementor-element elementor-element-e8e4634 elementor-hidden-mobile elementor-widget elementor-widget-premium-addon-button\" data-id=\"e8e4634\" data-element_type=\"widget\" data-widget_type=\"premium-addon-button.default\">\n\t\t\t\t<div class=\"elementor-widget-container\">\n\t\t\t\t\t\r\n\r\n\t\t<a class=\"premium-button premium-button-style2 premium-btn-sm premium-button-style2-shutinver\" href=\"https:\/\/garbar.info\/zh\/areas-de-practica\/\">\r\n\t\t\t<div class=\"premium-button-text-icon-wrapper\">\r\n\t\t\t\t\r\n\t\t\t\t\t\t\t\t\t<span >\r\n\t\t\t\t\t\t\u670d\u52a1\t\t\t\t\t<\/span>\r\n\t\t\t\t\r\n\t\t\t\t\t\t\t<\/div>\r\n\r\n\t\t\t\r\n\t\t\t\r\n\t\t\t\r\n\t\t<\/a>\r\n\r\n\r\n\t\t\t\t\t\t<\/div>\n\t\t\t\t<\/div>\n\t\t\t\t\t<\/div>\n\t\t<\/div>\n\t\t\t\t<div class=\"elementor-column elementor-col-50 elementor-top-column elementor-element elementor-element-c8807ac\" data-id=\"c8807ac\" data-element_type=\"column\">\n\t\t\t<div class=\"elementor-widget-wrap elementor-element-populated\">\n\t\t\t\t\t\t<div class=\"elementor-element elementor-element-3ac9a5d elementor-widget elementor-widget-heading\" data-id=\"3ac9a5d\" data-element_type=\"widget\" data-widget_type=\"heading.default\">\n\t\t\t\t<div class=\"elementor-widget-container\">\n\t\t\t\t\t<h1 class=\"elementor-heading-title elementor-size-default\">\u52a0\u897f\u4e9a\u00b7\u5df4\u62c9\u5e72\u00b7\u963f\u535a\u52a0\u591a\u65af (Garc\u00eda Barrag\u00e1n Abogados) \u5728\u5546\u4e1a\u4e8b\u52a1\u65b9\u9762\u62e5\u6709\u4e30\u5bcc\u7684\u7ecf\u9a8c\u548c\u77e5\u8bc6\u3002\u6211\u4eec\u7684\u670d\u52a1\u5305\u62ec\uff1a\n\n<\/h1>\t\t\t\t<\/div>\n\t\t\t\t<\/div>\n\t\t\t\t<div class=\"elementor-element elementor-element-85fc0ab elementor-widget elementor-widget-heading\" data-id=\"85fc0ab\" data-element_type=\"widget\" data-widget_type=\"heading.default\">\n\t\t\t\t<div class=\"elementor-widget-container\">\n\t\t\t\t\t<h1 class=\"elementor-heading-title elementor-size-default\">\u2022 \u4ee3\u8868\u8d37\u6b3e\u4eba\u6216\u501f\u6b3e\u4eba\u5229\u76ca\u7684\u4fe1\u8d37\u5408\u540c\u7684\u54a8\u8be2\u3001\u8c08\u5224\u548c\u51c6\u5907\uff1b\u94f6\u884c\u548c\u80a1\u7968\u5e02\u573a\u4e1a\u52a1\uff1b\u5171\u540c\u6295\u8d44\uff1b\u4f5c\u54c1\u6570\u91cf\uff1b\u670d\u52a1\u63d0\u4f9b\u60c5\u51b5\uff1b\u8d38\u6613;\u56fd\u9645\u8d27\u7269\u9500\u552e\uff1b\u5206\u914d;\u4e2d\u4ecb\uff1b\u6267\u7167;\u7279\u8bb8\u7ecf\u8425\u6743\uff1b\u4fe1\u4efb\uff1b\u7535\u5b50\u5546\u52a1\u548c\u4e00\u822c\u5546\u4e1a\u6027\u8d28\u7684\u5408\u540c\uff0c\u5728\u8bb8\u591a\u60c5\u51b5\u4e0b\u90fd\u6709\u5728\u58a8\u897f\u54e5\u6216\u56fd\u5916\u5efa\u7acb\u7684\u4e2a\u4eba\u6216\u771f\u5b9e\u62c5\u4fdd\u3002\n\n<\/h1>\t\t\t\t<\/div>\n\t\t\t\t<\/div>\n\t\t\t\t<div class=\"elementor-element elementor-element-b36c77f elementor-widget elementor-widget-heading\" data-id=\"b36c77f\" data-element_type=\"widget\" data-widget_type=\"heading.default\">\n\t\t\t\t<div class=\"elementor-widget-container\">\n\t\t\t\t\t<h1 class=\"elementor-heading-title elementor-size-default\">\u2022 \u5f53\u6d89\u53ca\u5728\u56fd\u5916\u751f\u6548\u7684\u5546\u4e1a\u6027\u8d28\u7684\u5408\u540c\u65f6\uff0c\u8003\u8651\u5230\u89c4\u8303\u6216\u9002\u7528\u6709\u5173\u5408\u540c\u6216\u5176\u6548\u529b\u7684\u58a8\u897f\u54e5\u6cd5\u5f8b\uff0c\u6b64\u7c7b\u4ea4\u6613\u901a\u5e38\u4e0e\u5ba2\u6237\u6216\u4f01\u4e1a\u7684\u5916\u56fd\u5f8b\u5e08\u8054\u5408\u8fdb\u884c\u548c\u58a8\u897f\u54e5\u3002\n\n<\/h1>\t\t\t\t<\/div>\n\t\t\t\t<\/div>\n\t\t\t\t<div class=\"elementor-element elementor-element-94784c1 elementor-widget elementor-widget-heading\" data-id=\"94784c1\" data-element_type=\"widget\" data-widget_type=\"heading.default\">\n\t\t\t\t<div class=\"elementor-widget-container\">\n\t\t\t\t\t<h1 class=\"elementor-heading-title elementor-size-default\">\u2022 \u5546\u4e1a\u8bc9\u8bbc\uff0c\u5305\u62ec\u6240\u6709\u60c5\u51b5\uff0c\u5305\u62ec\u5baa\u6cd5\u6743\u5229\u4fdd\u62a4\u5ba1\u5224\uff1b\u4ee3\u8868\u58a8\u897f\u54e5\u6216\u5916\u56fd\u4ef2\u88c1\u673a\u6784\u8fdb\u884c\u5546\u4e1a\u7ade\u8d5b\u548c\u4ef2\u88c1\uff1b\u5546\u4e1a\u88c1\u51b3\u7684\u64a4\u9500\u6216\u6267\u884c\uff0c\u4ee5\u53ca\u5728\u58a8\u897f\u54e5\u6267\u884c\u56fd\u5916\u4f5c\u51fa\u7684\u5224\u51b3\uff0c\u4ee5\u53ca\u4e00\u822c\u800c\u8a00\uff0c\u6d89\u53ca\u5546\u4e1a\u4e8b\u52a1\u7684\u6240\u6709\u53f8\u6cd5\u65b9\u9762\u3002\n\n<\/h1>\t\t\t\t<\/div>\n\t\t\t\t<\/div>\n\t\t\t\t<div class=\"elementor-element elementor-element-fcc7bb0 elementor-hidden-desktop elementor-widget elementor-widget-premium-addon-button\" data-id=\"fcc7bb0\" data-element_type=\"widget\" data-widget_type=\"premium-addon-button.default\">\n\t\t\t\t<div class=\"elementor-widget-container\">\n\t\t\t\t\t\r\n\r\n\t\t<a class=\"premium-button premium-button-style2 premium-btn-sm premium-button-style2-shutinver\" href=\"https:\/\/garbar.info\/zh\/areas-de-practica\/\">\r\n\t\t\t<div class=\"premium-button-text-icon-wrapper\">\r\n\t\t\t\t\r\n\t\t\t\t\t\t\t\t\t<span >\r\n\t\t\t\t\t\t\u670d\u52a1\t\t\t\t\t<\/span>\r\n\t\t\t\t\r\n\t\t\t\t\t\t\t<\/div>\r\n\r\n\t\t\t\r\n\t\t\t\r\n\t\t\t\r\n\t\t<\/a>\r\n\r\n\r\n\t\t\t\t\t\t<\/div>\n\t\t\t\t<\/div>\n\t\t\t\t\t<\/div>\n\t\t<\/div>\n\t\t\t\t\t<\/div>\n\t\t<\/section>\n\t\t\t\t<\/div>","protected":false},"excerpt":{"rendered":"<p>Nuestros Servicios Mercantil Servicios Garc\u00eda Barrag\u00e1n Abogados tiene vasta experiencia y conocimiento en materia mercantil. Nuestros servicios incluyen: \u2022 Asesor\u00eda, negociaci\u00f3n y preparaci\u00f3n de contratos de cr\u00e9dito representando los intereses del acreditante o del acreditado; de operaciones bancarias y burs\u00e1tiles; de co-inversi\u00f3n; de obras; de prestaci\u00f3n de servicios; de compraventa; de compraventa internacional de mercader\u00edas; &#8230; <a title=\"\u8d38\u6613\" class=\"read-more\" href=\"https:\/\/garbar.info\/zh\/areas-de-practica\/mercantil\/\" aria-label=\"\u9605\u8bfb Mercantil\">\u9605\u8bfb\u66f4\u591a<\/a><\/p>","protected":false},"author":1,"featured_media":0,"parent":434,"menu_order":0,"comment_status":"closed","ping_status":"closed","template":"elementor_header_footer","meta":{"inline_featured_image":false,"footnotes":""},"class_list":["post-576","page","type-page","status-publish"],"_links":{"self":[{"href":"https:\/\/garbar.info\/zh\/wp-json\/wp\/v2\/pages\/576","targetHints":{"allow":["GET"]}}],"collection":[{"href":"https:\/\/garbar.info\/zh\/wp-json\/wp\/v2\/pages"}],"about":[{"href":"https:\/\/garbar.info\/zh\/wp-json\/wp\/v2\/types\/page"}],"author":[{"embeddable":true,"href":"https:\/\/garbar.info\/zh\/wp-json\/wp\/v2\/users\/1"}],"replies":[{"embeddable":true,"href":"https:\/\/garbar.info\/zh\/wp-json\/wp\/v2\/comments?post=576"}],"version-history":[{"count":7,"href":"https:\/\/garbar.info\/zh\/wp-json\/wp\/v2\/pages\/576\/revisions"}],"predecessor-version":[{"id":587,"href":"https:\/\/garbar.info\/zh\/wp-json\/wp\/v2\/pages\/576\/revisions\/587"}],"up":[{"embeddable":true,"href":"https:\/\/garbar.info\/zh\/wp-json\/wp\/v2\/pages\/434"}],"wp:attachment":[{"href":"https:\/\/garbar.info\/zh\/wp-json\/wp\/v2\/media?parent=576"}],"curies":[{"name":"wp","href":"https:\/\/api.w.org\/{rel}","templated":true}]}}