{"id":514,"date":"2024-10-01T22:24:42","date_gmt":"2024-10-02T04:24:42","guid":{"rendered":"https:\/\/garbar.info\/?page_id=514"},"modified":"2024-10-01T22:40:13","modified_gmt":"2024-10-02T04:40:13","slug":"acerca-de","status":"publish","type":"page","link":"https:\/\/garbar.info\/zh\/acerca-de\/","title":{"rendered":"\u5173\u4e8e\u6211\u4eec"},"content":{"rendered":"<div data-elementor-type=\"wp-page\" data-elementor-id=\"514\" class=\"elementor elementor-514\" data-elementor-post-type=\"page\">\n\t\t\t\t\t\t<section class=\"elementor-section elementor-top-section elementor-element elementor-element-ba5c231 elementor-section-boxed elementor-section-height-default elementor-section-height-default\" data-id=\"ba5c231\" data-element_type=\"section\" data-settings=\"{&quot;background_background&quot;:&quot;classic&quot;}\">\n\t\t\t\t\t\t<div class=\"elementor-container elementor-column-gap-default\">\n\t\t\t\t\t<div class=\"elementor-column elementor-col-100 elementor-top-column elementor-element elementor-element-e082185\" data-id=\"e082185\" data-element_type=\"column\">\n\t\t\t<div class=\"elementor-widget-wrap elementor-element-populated\">\n\t\t\t\t\t\t<div class=\"elementor-element elementor-element-f5638b9 elementor-widget elementor-widget-heading\" data-id=\"f5638b9\" data-element_type=\"widget\" data-widget_type=\"heading.default\">\n\t\t\t\t<div class=\"elementor-widget-container\">\n\t\t\t\t\t<h2 class=\"elementor-heading-title elementor-size-default\">\u5173\u4e8e\u6211\u4eec<\/h2>\t\t\t\t<\/div>\n\t\t\t\t<\/div>\n\t\t\t\t<div class=\"elementor-element elementor-element-6343e53 elementor-widget elementor-widget-heading\" data-id=\"6343e53\" data-element_type=\"widget\" data-widget_type=\"heading.default\">\n\t\t\t\t<div class=\"elementor-widget-container\">\n\t\t\t\t\t<h1 class=\"elementor-heading-title elementor-size-default\">\u6210\u7acb\u4e8e1978\u5e74\u3002<\/h1>\t\t\t\t<\/div>\n\t\t\t\t<\/div>\n\t\t\t\t\t<\/div>\n\t\t<\/div>\n\t\t\t\t\t<\/div>\n\t\t<\/section>\n\t\t\t\t<section class=\"elementor-section elementor-top-section elementor-element elementor-element-5234baf elementor-section-boxed elementor-section-height-default elementor-section-height-default\" data-id=\"5234baf\" data-element_type=\"section\" data-settings=\"{&quot;background_background&quot;:&quot;classic&quot;}\">\n\t\t\t\t\t\t<div class=\"elementor-container elementor-column-gap-default\">\n\t\t\t\t\t<div class=\"elementor-column elementor-col-50 elementor-top-column elementor-element elementor-element-718e8ac\" data-id=\"718e8ac\" data-element_type=\"column\">\n\t\t\t<div class=\"elementor-widget-wrap elementor-element-populated\">\n\t\t\t\t\t\t<div class=\"elementor-element elementor-element-694f411 elementor-widget elementor-widget-image\" data-id=\"694f411\" data-element_type=\"widget\" data-widget_type=\"image.default\">\n\t\t\t\t<div class=\"elementor-widget-container\">\n\t\t\t\t\t\t\t\t\t\t\t\t\t\t\t<img fetchpriority=\"high\" decoding=\"async\" width=\"750\" height=\"740\" src=\"https:\/\/garbar.info\/wp-content\/uploads\/2024\/10\/about00.png\" class=\"attachment-large size-large wp-image-518\" alt=\"\" srcset=\"https:\/\/garbar.info\/wp-content\/uploads\/2024\/10\/about00.png 750w, https:\/\/garbar.info\/wp-content\/uploads\/2024\/10\/about00-300x296.png 300w\" sizes=\"(max-width: 750px) 100vw, 750px\" \/>\t\t\t\t\t\t\t\t\t\t\t\t\t\t\t<\/div>\n\t\t\t\t<\/div>\n\t\t\t\t\t<\/div>\n\t\t<\/div>\n\t\t\t\t<div class=\"elementor-column elementor-col-50 elementor-top-column elementor-element elementor-element-b64b24a\" data-id=\"b64b24a\" data-element_type=\"column\">\n\t\t\t<div class=\"elementor-widget-wrap elementor-element-populated\">\n\t\t\t\t\t\t<div class=\"elementor-element elementor-element-3ac9a5d elementor-widget elementor-widget-heading\" data-id=\"3ac9a5d\" data-element_type=\"widget\" data-widget_type=\"heading.default\">\n\t\t\t\t<div class=\"elementor-widget-container\">\n\t\t\t\t\t<h1 class=\"elementor-heading-title elementor-size-default\">40 \u591a\u5e74\u6765\uff0c\u6211\u4eec\u4e00\u76f4\u4e3a\u5ba2\u6237\u63d0\u4f9b\u4e2a\u6027\u5316\u7684\u5173\u6ce8\uff0c\u5c06\u6211\u4eec\u7684\u6d3b\u52a8\u91cd\u70b9\u653e\u5728\u6ee1\u8db3\u4ed6\u4eec\u7684\u671f\u671b\u548c\u6cd5\u5f8b\u4fdd\u62a4\u4e0a\uff0c\u8fd9\u4f7f\u6211\u4eec\u6210\u4e3a\u4ed6\u4eec\u5b9e\u73b0\u4e1a\u52a1\u76ee\u6807\u7684\u76df\u53cb\u3002 \n\n\n<\/h1>\t\t\t\t<\/div>\n\t\t\t\t<\/div>\n\t\t\t\t<div class=\"elementor-element elementor-element-9812b2c elementor-widget elementor-widget-heading\" data-id=\"9812b2c\" data-element_type=\"widget\" data-widget_type=\"heading.default\">\n\t\t\t\t<div class=\"elementor-widget-container\">\n\t\t\t\t\t<h1 class=\"elementor-heading-title elementor-size-default\">\u6211\u4eec\u4e3a\u56fd\u5185\u5916\u516c\u53f8\u63d0\u4f9b\u670d\u52a1\uff0c\u56e0\u6b64\u6211\u4eec\u59cb\u7ec8\u81f4\u529b\u4e8e\u786e\u4fdd\u6211\u4eec\u7684\u670d\u52a1\u8d28\u91cf\u7b26\u5408\u6700\u4e25\u683c\u7684\u56fd\u9645\u6807\u51c6\u3002\n\n\n\n<\/h1>\t\t\t\t<\/div>\n\t\t\t\t<\/div>\n\t\t\t\t<div class=\"elementor-element elementor-element-4e65a82 elementor-widget elementor-widget-heading\" data-id=\"4e65a82\" data-element_type=\"widget\" data-widget_type=\"heading.default\">\n\t\t\t\t<div class=\"elementor-widget-container\">\n\t\t\t\t\t<h1 class=\"elementor-heading-title elementor-size-default\">\u5728\u5f53\u5730\uff0c\u6211\u4eec\u4e3a\u5ba2\u6237\u63d0\u4f9b\u7eaf\u58a8\u897f\u54e5\u6cd5\u5f8b\u65b9\u9762\u7684\u5efa\u8bae\u548c\u534f\u52a9\uff0c\u4ee5\u53ca\u4ed6\u4eec\u5728\u4e16\u754c\u5176\u4ed6\u5730\u533a\u7684\u56fd\u9645\u4e8b\u52a1\u3002\u53e6\u4e00\u65b9\u9762\uff0c\u6211\u4eec\u901a\u8fc7\u4e0e\u5916\u56fd\u53f8\u6cd5\u7ba1\u8f96\u533a\u7684\u5f8b\u5e08\u4e8b\u52a1\u6240\u7684\u4ee3\u7406\u529e\u4e8b\u5904\u548c\u534f\u4f1a\uff0c\u5c31\u5176\u5728\u58a8\u897f\u54e5\u548c\u5176\u4ed6\u56fd\u5bb6\u7684\u4e8b\u52a1\u5411\u5916\u8d44\u516c\u53f8\u63d0\u4f9b\u54a8\u8be2\u3002\n\n\n\n\n<\/h1>\t\t\t\t<\/div>\n\t\t\t\t<\/div>\n\t\t\t\t<div class=\"elementor-element elementor-element-3355cb7 elementor-widget elementor-widget-heading\" data-id=\"3355cb7\" data-element_type=\"widget\" data-widget_type=\"heading.default\">\n\t\t\t\t<div class=\"elementor-widget-container\">\n\t\t\t\t\t<h1 class=\"elementor-heading-title elementor-size-default\">\u6211\u4eec\u62e5\u6709\u4e00\u4e2a\u4e0e\u6211\u4eec\u4fdd\u6301\u5173\u7cfb\u7684\u56fd\u9645\u5f8b\u5e08\u4e8b\u52a1\u6240\u7f51\u7edc\uff0c\u6211\u4eec\u7684\u901a\u8baf\u5458\u662f\u7f8e\u5229\u575a\u5408\u4f17\u56fd\u6700\u91cd\u8981\u57ce\u5e02\u4ee5\u53ca\u6b27\u6d32\u3001\u4e2d\u4e1c\u3001\u4e1c\u90e8\u3001\u975e\u6d32\u548c\u4e2d\u4e1c\u5730\u533a\u7684\u8457\u540d\u529e\u4e8b\u5904\u548c\u5f8b\u5e08\u3002\u6fb3\u5927\u5229\u4e9a\/\u5927\u6d0b\u6d32\u3002\u6211\u4eec\u8fd8\u4e0e\u4e2d\u7f8e\u6d32\u3001\u5357\u7f8e\u6d32\u548c\u7f8e\u6d32\u5c9b\u56fd\u7684\u77e5\u540d\u5f8b\u5e08\u548c\u4e8b\u52a1\u6240\u5efa\u7acb\u4e86\u4ee3\u7406\u5173\u7cfb\uff0c\u6211\u4eec\u6709\u65f6\u4f1a\u5c31\u8fd9\u4e9b\u56fd\u5bb6\u7684\u4e8b\u52a1\u4e0e\u4ed6\u4eec\u8fdb\u884c\u5408\u4f5c\u3002\n\n\n\n\n\n<\/h1>\t\t\t\t<\/div>\n\t\t\t\t<\/div>\n\t\t\t\t<div class=\"elementor-element elementor-element-a0cbbe9 elementor-widget elementor-widget-heading\" data-id=\"a0cbbe9\" data-element_type=\"widget\" data-widget_type=\"heading.default\">\n\t\t\t\t<div class=\"elementor-widget-container\">\n\t\t\t\t\t<h1 class=\"elementor-heading-title elementor-size-default\">\u76ee\u524d\uff0c\u6211\u4eec\u7684\u4e1a\u52a1\u4e3b\u8981\u96c6\u4e2d\u5728\u516c\u53f8\u6cd5\u3001\u5e76\u8d2d\u3001\u94f6\u884c\u3001\u91d1\u878d\u3001\u91d1\u878d\u79d1\u6280\u3001\u5546\u4e1a\u3001\u5916\u5546\u6295\u8d44\u3001\u7a0e\u52a1\u3001\u884c\u653f\u3001\u623f\u5730\u4ea7\u3001\u519c\u4e1a\u3001\u77e5\u8bc6\u4ea7\u6743\u3001\u76d1\u7ba1\u3001\u56fd\u9645\u8d38\u6613\u3001\u7ecf\u6d4e\u7ade\u4e89\u3001\u73af\u5883\u3001\u7535\u4fe1\u3001\u91c7\u77ff\u3001\u6d77\u4e8b\u3001\u80fd\u6e90\u3001\u9879\u76ee\u548c\u57fa\u7840\u8bbe\u65bd\u3001\u516c\u5f00\u62db\u6807\u3001\u536b\u751f\u6cd5\u3001\u6c11\u4e8b\u3001\u8bc9\u8bbc\u548c\u66ff\u4ee3\u6027\u4e89\u8bae\u89e3\u51b3\u65b9\u6cd5\u3001\u5546\u4e1a\u4ef2\u88c1\u548c\u7248\u6743\u3002\n\n<\/h1>\t\t\t\t<\/div>\n\t\t\t\t<\/div>\n\t\t\t\t<div class=\"elementor-element elementor-element-bfc49cb elementor-widget elementor-widget-heading\" data-id=\"bfc49cb\" data-element_type=\"widget\" data-widget_type=\"heading.default\">\n\t\t\t\t<div class=\"elementor-widget-container\">\n\t\t\t\t\t<h1 class=\"elementor-heading-title elementor-size-default\">\u56fd\u9645\u8ba4\u53ef\n\n<\/h1>\t\t\t\t<\/div>\n\t\t\t\t<\/div>\n\t\t\t\t<div class=\"elementor-element elementor-element-3545b8f elementor-widget elementor-widget-heading\" data-id=\"3545b8f\" data-element_type=\"widget\" data-widget_type=\"heading.default\">\n\t\t\t\t<div class=\"elementor-widget-container\">\n\t\t\t\t\t<h1 class=\"elementor-heading-title elementor-size-default\">\u7531\u4e8e\u6211\u4eec\u901a\u8fc7\u4e2a\u6027\u5316\u670d\u52a1\u4e13\u6ce8\u4e8e\u5ba2\u6237\u7684\u76ee\u6807\uff0cGarc\u00eda Barrag\u00e1n Abogados \u53ca\u5176\u6cd5\u5f8b\u56e2\u961f\u6700\u8fd1\u83b7\u5f97\u4e86\u91cd\u8981\u56fd\u9645\u51fa\u7248\u7269\u7684\u8ba4\u53ef\uff0c\u4f8b\u5982\u300a\u6cd5\u5f8b\u540d\u4eba\u5f55\u300b\uff08\u82f1\u56fd\u5f8b\u5e08\u7684\u7814\u7a76\u6392\u540d\u548c\u6392\u540d\uff09\u3001\u300a\u9886\u5bfc\u8005\u300b League\uff08\u603b\u90e8\u4f4d\u4e8e\u6b27\u6d32\u7684\u5f8b\u5e08\u56fd\u9645\u6392\u540d\uff09\u3001Best Lawyers\uff08\u603b\u90e8\u4f4d\u4e8e\u7f8e\u56fd\u7684\u5f8b\u5e08\u56fd\u9645\u6392\u540d\uff09\u548c Advisory Excellence\uff08\u603b\u90e8\u4f4d\u4e8e\u82f1\u56fd\u7684\u56fd\u9645\u5f8b\u5e08\u6392\u540d\uff09\u3002\n\n<\/h1>\t\t\t\t<\/div>\n\t\t\t\t<\/div>\n\t\t\t\t<div class=\"elementor-element elementor-element-509428f elementor-widget elementor-widget-premium-addon-button\" data-id=\"509428f\" data-element_type=\"widget\" data-widget_type=\"premium-addon-button.default\">\n\t\t\t\t<div class=\"elementor-widget-container\">\n\t\t\t\t\t\r\n\r\n\t\t<a class=\"premium-button premium-button-style2 premium-btn-sm premium-button-style2-shutinver\" href=\"https:\/\/garbar.info\/zh\/equipo\/\">\r\n\t\t\t<div class=\"premium-button-text-icon-wrapper\">\r\n\t\t\t\t\r\n\t\t\t\t\t\t\t\t\t<span >\r\n\t\t\t\t\t\t\u8ba4\u8bc6\u6211\u4eec\u7684\u56e2\u961f\t\t\t\t\t<\/span>\r\n\t\t\t\t\r\n\t\t\t\t\t\t\t<\/div>\r\n\r\n\t\t\t\r\n\t\t\t\r\n\t\t\t\r\n\t\t<\/a>\r\n\r\n\r\n\t\t\t\t\t\t<\/div>\n\t\t\t\t<\/div>\n\t\t\t\t\t<\/div>\n\t\t<\/div>\n\t\t\t\t\t<\/div>\n\t\t<\/section>\n\t\t\t\t<section class=\"elementor-section elementor-top-section elementor-element elementor-element-f5f6e70 elementor-section-boxed elementor-section-height-default elementor-section-height-default\" data-id=\"f5f6e70\" data-element_type=\"section\" data-settings=\"{&quot;background_background&quot;:&quot;classic&quot;}\">\n\t\t\t\t\t\t<div class=\"elementor-container elementor-column-gap-default\">\n\t\t\t\t\t<div class=\"elementor-column elementor-col-50 elementor-top-column elementor-element elementor-element-1686f29\" data-id=\"1686f29\" data-element_type=\"column\">\n\t\t\t<div class=\"elementor-widget-wrap\">\n\t\t\t\t\t\t\t<\/div>\n\t\t<\/div>\n\t\t\t\t<div class=\"elementor-column elementor-col-50 elementor-top-column elementor-element elementor-element-56154f2\" data-id=\"56154f2\" data-element_type=\"column\">\n\t\t\t<div class=\"elementor-widget-wrap elementor-element-populated\">\n\t\t\t\t\t\t<div class=\"elementor-element elementor-element-8324cfa elementor-widget elementor-widget-heading\" data-id=\"8324cfa\" data-element_type=\"widget\" data-widget_type=\"heading.default\">\n\t\t\t\t<div class=\"elementor-widget-container\">\n\t\t\t\t\t<h2 class=\"elementor-heading-title elementor-size-default\">\u63f4\u52a9<\/h2>\t\t\t\t<\/div>\n\t\t\t\t<\/div>\n\t\t\t\t<div class=\"elementor-element elementor-element-d3a8daa elementor-widget elementor-widget-heading\" data-id=\"d3a8daa\" data-element_type=\"widget\" data-widget_type=\"heading.default\">\n\t\t\t\t<div class=\"elementor-widget-container\">\n\t\t\t\t\t<h1 class=\"elementor-heading-title elementor-size-default\">\u6709\u4ec0\u4e48\u6211\u4eec\u53ef\u4ee5\u5e2e\u52a9\u60a8\u7684\u5417\uff1f\n<\/h1>\t\t\t\t<\/div>\n\t\t\t\t<\/div>\n\t\t\t\t<section class=\"elementor-section elementor-inner-section elementor-element elementor-element-dfd005d elementor-section-boxed elementor-section-height-default elementor-section-height-default\" data-id=\"dfd005d\" data-element_type=\"section\">\n\t\t\t\t\t\t<div class=\"elementor-container elementor-column-gap-default\">\n\t\t\t\t\t<div class=\"elementor-column elementor-col-50 elementor-inner-column elementor-element elementor-element-2802a93\" data-id=\"2802a93\" data-element_type=\"column\">\n\t\t\t<div class=\"elementor-widget-wrap elementor-element-populated\">\n\t\t\t\t\t\t<div class=\"elementor-element elementor-element-59dbc59 elementor-widget elementor-widget-heading\" data-id=\"59dbc59\" data-element_type=\"widget\" data-widget_type=\"heading.default\">\n\t\t\t\t<div class=\"elementor-widget-container\">\n\t\t\t\t\t<h1 class=\"elementor-heading-title elementor-size-default\">\u8054\u7cfb\u6211\u4eec\n<\/h1>\t\t\t\t<\/div>\n\t\t\t\t<\/div>\n\t\t\t\t\t<\/div>\n\t\t<\/div>\n\t\t\t\t<div class=\"elementor-column elementor-col-50 elementor-inner-column elementor-element elementor-element-3d6a9d7\" data-id=\"3d6a9d7\" data-element_type=\"column\">\n\t\t\t<div class=\"elementor-widget-wrap elementor-element-populated\">\n\t\t\t\t\t\t<div class=\"elementor-element elementor-element-71a1b07 elementor-widget elementor-widget-heading\" data-id=\"71a1b07\" data-element_type=\"widget\" data-widget_type=\"heading.default\">\n\t\t\t\t<div class=\"elementor-widget-container\">\n\t\t\t\t\t<h1 class=\"elementor-heading-title elementor-size-default\">(55) 5703 3020<\/h1>\t\t\t\t<\/div>\n\t\t\t\t<\/div>\n\t\t\t\t<div class=\"elementor-element elementor-element-f7530ba elementor-widget elementor-widget-heading\" data-id=\"f7530ba\" data-element_type=\"widget\" data-widget_type=\"heading.default\">\n\t\t\t\t<div class=\"elementor-widget-container\">\n\t\t\t\t\t<h1 class=\"elementor-heading-title elementor-size-default\"><a href=\"mailto:info@garbar.mx\" target=\"_blank\">info@garbar.mx<\/a><\/h1>\t\t\t\t<\/div>\n\t\t\t\t<\/div>\n\t\t\t\t\t<\/div>\n\t\t<\/div>\n\t\t\t\t\t<\/div>\n\t\t<\/section>\n\t\t\t\t\t<\/div>\n\t\t<\/div>\n\t\t\t\t\t<\/div>\n\t\t<\/section>\n\t\t\t\t<\/div>","protected":false},"excerpt":{"rendered":"<p>Acerca de Fundado en 1978. Desde hace m\u00e1s de 40 a\u00f1os, hemos prestado una atenci\u00f3n personalizada a nuestros clientes, enfocando nuestra actividad en cumplir con sus expectativas y su protecci\u00f3n legal, lo cual nos convierte en un aliado para la consecuci\u00f3n de sus objetivos de negocio. Atendemos a empresas tanto nacionales como extranjeras, y por &#8230; <a title=\"\u5173\u4e8e\u6211\u4eec\" class=\"read-more\" href=\"https:\/\/garbar.info\/zh\/acerca-de\/\" aria-label=\"\u9605\u8bfb Acerca de\">\u9605\u8bfb\u66f4\u591a<\/a><\/p>","protected":false},"author":1,"featured_media":0,"parent":0,"menu_order":0,"comment_status":"closed","ping_status":"closed","template":"elementor_header_footer","meta":{"inline_featured_image":false,"footnotes":""},"class_list":["post-514","page","type-page","status-publish"],"_links":{"self":[{"href":"https:\/\/garbar.info\/zh\/wp-json\/wp\/v2\/pages\/514","targetHints":{"allow":["GET"]}}],"collection":[{"href":"https:\/\/garbar.info\/zh\/wp-json\/wp\/v2\/pages"}],"about":[{"href":"https:\/\/garbar.info\/zh\/wp-json\/wp\/v2\/types\/page"}],"author":[{"embeddable":true,"href":"https:\/\/garbar.info\/zh\/wp-json\/wp\/v2\/users\/1"}],"replies":[{"embeddable":true,"href":"https:\/\/garbar.info\/zh\/wp-json\/wp\/v2\/comments?post=514"}],"version-history":[{"count":14,"href":"https:\/\/garbar.info\/zh\/wp-json\/wp\/v2\/pages\/514\/revisions"}],"predecessor-version":[{"id":535,"href":"https:\/\/garbar.info\/zh\/wp-json\/wp\/v2\/pages\/514\/revisions\/535"}],"wp:attachment":[{"href":"https:\/\/garbar.info\/zh\/wp-json\/wp\/v2\/media?parent=514"}],"curies":[{"name":"wp","href":"https:\/\/api.w.org\/{rel}","templated":true}]}}