{"id":623,"date":"2024-10-02T00:01:22","date_gmt":"2024-10-02T06:01:22","guid":{"rendered":"https:\/\/garbar.info\/?page_id=623"},"modified":"2024-10-02T08:20:44","modified_gmt":"2024-10-02T14:20:44","slug":"inversion-extranjera","status":"publish","type":"page","link":"https:\/\/garbar.info\/en\/areas-de-practica\/inversion-extranjera\/","title":{"rendered":"Foreign Investment"},"content":{"rendered":"<div data-elementor-type=\"wp-page\" data-elementor-id=\"623\" class=\"elementor elementor-623\" data-elementor-post-type=\"page\">\n\t\t\t\t\t\t<section class=\"elementor-section elementor-top-section elementor-element elementor-element-ba5c231 elementor-section-boxed elementor-section-height-default elementor-section-height-default\" data-id=\"ba5c231\" data-element_type=\"section\" data-settings=\"{&quot;background_background&quot;:&quot;classic&quot;}\">\n\t\t\t\t\t\t<div class=\"elementor-container elementor-column-gap-default\">\n\t\t\t\t\t<div class=\"elementor-column elementor-col-50 elementor-top-column elementor-element elementor-element-e082185\" data-id=\"e082185\" data-element_type=\"column\">\n\t\t\t<div class=\"elementor-widget-wrap elementor-element-populated\">\n\t\t\t\t\t\t<div class=\"elementor-element elementor-element-f5638b9 elementor-widget elementor-widget-heading\" data-id=\"f5638b9\" data-element_type=\"widget\" data-widget_type=\"heading.default\">\n\t\t\t\t<div class=\"elementor-widget-container\">\n\t\t\t\t\t<h2 class=\"elementor-heading-title elementor-size-default\">Our Services<\/h2>\t\t\t\t<\/div>\n\t\t\t\t<\/div>\n\t\t\t\t<div class=\"elementor-element elementor-element-6343e53 elementor-widget elementor-widget-heading\" data-id=\"6343e53\" data-element_type=\"widget\" data-widget_type=\"heading.default\">\n\t\t\t\t<div class=\"elementor-widget-container\">\n\t\t\t\t\t<h1 class=\"elementor-heading-title elementor-size-default\">Foreign Investment\n<\/h1>\t\t\t\t<\/div>\n\t\t\t\t<\/div>\n\t\t\t\t<div class=\"elementor-element elementor-element-76d897b elementor-hidden-mobile elementor-widget elementor-widget-spacer\" data-id=\"76d897b\" data-element_type=\"widget\" data-widget_type=\"spacer.default\">\n\t\t\t\t<div class=\"elementor-widget-container\">\n\t\t\t\t\t\t\t<div class=\"elementor-spacer\">\n\t\t\t<div class=\"elementor-spacer-inner\"><\/div>\n\t\t<\/div>\n\t\t\t\t\t\t<\/div>\n\t\t\t\t<\/div>\n\t\t\t\t<div class=\"elementor-element elementor-element-e8e4634 elementor-hidden-mobile elementor-widget elementor-widget-premium-addon-button\" data-id=\"e8e4634\" data-element_type=\"widget\" data-widget_type=\"premium-addon-button.default\">\n\t\t\t\t<div class=\"elementor-widget-container\">\n\t\t\t\t\t\r\n\r\n\t\t<a class=\"premium-button premium-button-style2 premium-btn-sm premium-button-style2-shutinver\" href=\"https:\/\/garbar.info\/en\/areas-de-practica\/\">\r\n\t\t\t<div class=\"premium-button-text-icon-wrapper\">\r\n\t\t\t\t\r\n\t\t\t\t\t\t\t\t\t<span >\r\n\t\t\t\t\t\tServices\t\t\t\t\t<\/span>\r\n\t\t\t\t\r\n\t\t\t\t\t\t\t<\/div>\r\n\r\n\t\t\t\r\n\t\t\t\r\n\t\t\t\r\n\t\t<\/a>\r\n\r\n\r\n\t\t\t\t\t\t<\/div>\n\t\t\t\t<\/div>\n\t\t\t\t\t<\/div>\n\t\t<\/div>\n\t\t\t\t<div class=\"elementor-column elementor-col-50 elementor-top-column elementor-element elementor-element-c8807ac\" data-id=\"c8807ac\" data-element_type=\"column\">\n\t\t\t<div class=\"elementor-widget-wrap elementor-element-populated\">\n\t\t\t\t\t\t<div class=\"elementor-element elementor-element-3ac9a5d elementor-widget elementor-widget-heading\" data-id=\"3ac9a5d\" data-element_type=\"widget\" data-widget_type=\"heading.default\">\n\t\t\t\t<div class=\"elementor-widget-container\">\n\t\t\t\t\t<h1 class=\"elementor-heading-title elementor-size-default\">Garc\u00eda Barrag\u00e1n Abogados tiene amplia experiencia en la asesor\u00eda a clientes extranjeros que desean realizar negocios en M\u00e9xico o que buscan incursionar en el mercado mexicano, ya sea en el \u00e1mbito de manufactura, servicios u otros, se\u00f1al\u00e1ndoles las alternativas m\u00e1s convenientes y viables para cada caso, incluyendo los aspectos de inversi\u00f3n neutra cuando \u00e9sta se requiere para complementar la inversi\u00f3n extranjera. Nuestro despacho representa a sus clientes en procedimientos llevados a cabo ante las autoridades correspondientes para obtener autorizaciones cuando ello es necesario, con lo cual nos convertimos en un punto de enlace \u00e1gil y eficiente para todas aquellas empresas que buscan evitar contratiempos que los desv\u00eden de sus objetivos.\n\n<\/h1>\t\t\t\t<\/div>\n\t\t\t\t<\/div>\n\t\t\t\t<div class=\"elementor-element elementor-element-85fc0ab elementor-widget elementor-widget-heading\" data-id=\"85fc0ab\" data-element_type=\"widget\" data-widget_type=\"heading.default\">\n\t\t\t\t<div class=\"elementor-widget-container\">\n\t\t\t\t\t<h1 class=\"elementor-heading-title elementor-size-default\">Nuestros servicios se complementan con aquellos del \u00e1rea de Derecho Corporativo, y comprenden:\n\n<\/h1>\t\t\t\t<\/div>\n\t\t\t\t<\/div>\n\t\t\t\t<div class=\"elementor-element elementor-element-b36c77f elementor-widget elementor-widget-heading\" data-id=\"b36c77f\" data-element_type=\"widget\" data-widget_type=\"heading.default\">\n\t\t\t\t<div class=\"elementor-widget-container\">\n\t\t\t\t\t<h1 class=\"elementor-heading-title elementor-size-default\">\u2022 Asesor\u00eda sobre asociaciones y co-inversiones.\n\n<\/h1>\t\t\t\t<\/div>\n\t\t\t\t<\/div>\n\t\t\t\t<div class=\"elementor-element elementor-element-c63061a elementor-widget elementor-widget-heading\" data-id=\"c63061a\" data-element_type=\"widget\" data-widget_type=\"heading.default\">\n\t\t\t\t<div class=\"elementor-widget-container\">\n\t\t\t\t\t<h1 class=\"elementor-heading-title elementor-size-default\">\u2022 Dise\u00f1o de estructuras jur\u00eddicas, elaboraci\u00f3n y negociaci\u00f3n de contratos relacionados con la inversi\u00f3n de capital de riesgo y capital privado en empresas mexicanas, por parte de fondos de inversi\u00f3n e inversionistas institucionales.\n\n<\/h1>\t\t\t\t<\/div>\n\t\t\t\t<\/div>\n\t\t\t\t<div class=\"elementor-element elementor-element-40fc54b elementor-widget elementor-widget-heading\" data-id=\"40fc54b\" data-element_type=\"widget\" data-widget_type=\"heading.default\">\n\t\t\t\t<div class=\"elementor-widget-container\">\n\t\t\t\t\t<h1 class=\"elementor-heading-title elementor-size-default\">\u2022 Constituci\u00f3n de sociedades, apertura de sucursales y empresas subsidiarias, oficinas de representaci\u00f3n y establecimientos permanentes, incluyendo la tramitaci\u00f3n de permisos ante la Secretar\u00eda de Econom\u00eda para la constituci\u00f3n de sociedades, cambios de denominaci\u00f3n o raz\u00f3n social y transformaciones.\n\n<\/h1>\t\t\t\t<\/div>\n\t\t\t\t<\/div>\n\t\t\t\t<div class=\"elementor-element elementor-element-c88033c elementor-widget elementor-widget-heading\" data-id=\"c88033c\" data-element_type=\"widget\" data-widget_type=\"heading.default\">\n\t\t\t\t<div class=\"elementor-widget-container\">\n\t\t\t\t\t<h1 class=\"elementor-heading-title elementor-size-default\">\u2022 Preparaci\u00f3n de actas de asambleas, tanto de accionistas como juntas de consejo, en las que se resuelve la aprobaci\u00f3n de ejercicios sociales, modificaciones respecto a miembros en el consejo o comisarios, otorgamiento de poderes, aumentos y disminuciones de capital, transformaciones, fusiones, escisiones, disoluciones y liquidaciones.\n\n<\/h1>\t\t\t\t<\/div>\n\t\t\t\t<\/div>\n\t\t\t\t<div class=\"elementor-element elementor-element-523114e elementor-widget elementor-widget-heading\" data-id=\"523114e\" data-element_type=\"widget\" data-widget_type=\"heading.default\">\n\t\t\t\t<div class=\"elementor-widget-container\">\n\t\t\t\t\t<h1 class=\"elementor-heading-title elementor-size-default\">\u2022 Inscripci\u00f3n de sociedades y sucursales ante el Registro Nacional de Inversiones Extranjeras y seguimiento al cumplimiento de obligaciones ante dicha dependencia, incluyendo la preparaci\u00f3n y presentaci\u00f3n de avisos relativos a movimientos corporativos, as\u00ed como la revisi\u00f3n y presentaci\u00f3n de informes econ\u00f3micos, tanto anuales como trimestrales.\n\n<\/h1>\t\t\t\t<\/div>\n\t\t\t\t<\/div>\n\t\t\t\t<div class=\"elementor-element elementor-element-5f30191 elementor-widget elementor-widget-heading\" data-id=\"5f30191\" data-element_type=\"widget\" data-widget_type=\"heading.default\">\n\t\t\t\t<div class=\"elementor-widget-container\">\n\t\t\t\t\t<h1 class=\"elementor-heading-title elementor-size-default\">\u2022 Obtenci\u00f3n de autorizaciones de la Comisi\u00f3n Nacional de Inversiones Extranjeras.\n\n<\/h1>\t\t\t\t<\/div>\n\t\t\t\t<\/div>\n\t\t\t\t<div class=\"elementor-element elementor-element-6198071 elementor-widget elementor-widget-heading\" data-id=\"6198071\" data-element_type=\"widget\" data-widget_type=\"heading.default\">\n\t\t\t\t<div class=\"elementor-widget-container\">\n\t\t\t\t\t<h1 class=\"elementor-heading-title elementor-size-default\">\u2022 Tramitaci\u00f3n ante notarios y corredores p\u00fablicos de la formalizaci\u00f3n o certificaci\u00f3n de operaciones y protocolizaci\u00f3n de actas.\n\n<\/h1>\t\t\t\t<\/div>\n\t\t\t\t<\/div>\n\t\t\t\t<div class=\"elementor-element elementor-element-fbf678c elementor-widget elementor-widget-heading\" data-id=\"fbf678c\" data-element_type=\"widget\" data-widget_type=\"heading.default\">\n\t\t\t\t<div class=\"elementor-widget-container\">\n\t\t\t\t\t<h1 class=\"elementor-heading-title elementor-size-default\">\u2022 Apostilla y legalizaci\u00f3n de documentos p\u00fablicos.\n\n<\/h1>\t\t\t\t<\/div>\n\t\t\t\t<\/div>\n\t\t\t\t<div class=\"elementor-element elementor-element-04ed9dc elementor-widget elementor-widget-heading\" data-id=\"04ed9dc\" data-element_type=\"widget\" data-widget_type=\"heading.default\">\n\t\t\t\t<div class=\"elementor-widget-container\">\n\t\t\t\t\t<h1 class=\"elementor-heading-title elementor-size-default\">\u2022 Asesor\u00eda en relaci\u00f3n con los contratos shelter, que permiten al inversionista extranjero operar sin necesidad de la adquisici\u00f3n de activos fijos y contrataci\u00f3n directa de empleados y, en general, la asesor\u00eda legal requerida para este tipo de actividad.\n\n<\/h1>\t\t\t\t<\/div>\n\t\t\t\t<\/div>\n\t\t\t\t<div class=\"elementor-element elementor-element-de81ccb elementor-widget elementor-widget-heading\" data-id=\"de81ccb\" data-element_type=\"widget\" data-widget_type=\"heading.default\">\n\t\t\t\t<div class=\"elementor-widget-container\">\n\t\t\t\t\t<h1 class=\"elementor-heading-title elementor-size-default\">\u2022 Se prestan tambi\u00e9n servicios a inversionistas extranjeros en el \u00e1rea de la actividad maquiladora, incluyendo la autorizaci\u00f3n de programas, los aspectos aduanales, la adquisici\u00f3n de inmuebles si ello se considera necesario, o arrendamientos o a trav\u00e9s de fideicomisos.\n\n<\/h1>\t\t\t\t<\/div>\n\t\t\t\t<\/div>\n\t\t\t\t<div class=\"elementor-element elementor-element-fcc7bb0 elementor-hidden-desktop elementor-widget elementor-widget-premium-addon-button\" data-id=\"fcc7bb0\" data-element_type=\"widget\" data-widget_type=\"premium-addon-button.default\">\n\t\t\t\t<div class=\"elementor-widget-container\">\n\t\t\t\t\t\r\n\r\n\t\t<a class=\"premium-button premium-button-style2 premium-btn-sm premium-button-style2-shutinver\" href=\"https:\/\/garbar.info\/en\/areas-de-practica\/\">\r\n\t\t\t<div class=\"premium-button-text-icon-wrapper\">\r\n\t\t\t\t\r\n\t\t\t\t\t\t\t\t\t<span >\r\n\t\t\t\t\t\tServices\t\t\t\t\t<\/span>\r\n\t\t\t\t\r\n\t\t\t\t\t\t\t<\/div>\r\n\r\n\t\t\t\r\n\t\t\t\r\n\t\t\t\r\n\t\t<\/a>\r\n\r\n\r\n\t\t\t\t\t\t<\/div>\n\t\t\t\t<\/div>\n\t\t\t\t\t<\/div>\n\t\t<\/div>\n\t\t\t\t\t<\/div>\n\t\t<\/section>\n\t\t\t\t<\/div>","protected":false},"excerpt":{"rendered":"<p>Nuestros Servicios Inversi\u00f3n Extranjera Servicios Garc\u00eda Barrag\u00e1n Abogados tiene amplia experiencia en la asesor\u00eda a clientes extranjeros que desean realizar negocios en M\u00e9xico o que buscan incursionar en el mercado mexicano, ya sea en el \u00e1mbito de manufactura, servicios u otros, se\u00f1al\u00e1ndoles las alternativas m\u00e1s convenientes y viables para cada caso, incluyendo los aspectos de &#8230; <a title=\"Foreign Investment\" class=\"read-more\" href=\"https:\/\/garbar.info\/en\/areas-de-practica\/inversion-extranjera\/\" aria-label=\"Read more about Inversi\u00f3n Extranjera\">Read more<\/a><\/p>","protected":false},"author":1,"featured_media":0,"parent":434,"menu_order":0,"comment_status":"closed","ping_status":"closed","template":"elementor_header_footer","meta":{"inline_featured_image":false,"footnotes":""},"class_list":["post-623","page","type-page","status-publish"],"_links":{"self":[{"href":"https:\/\/garbar.info\/en\/wp-json\/wp\/v2\/pages\/623","targetHints":{"allow":["GET"]}}],"collection":[{"href":"https:\/\/garbar.info\/en\/wp-json\/wp\/v2\/pages"}],"about":[{"href":"https:\/\/garbar.info\/en\/wp-json\/wp\/v2\/types\/page"}],"author":[{"embeddable":true,"href":"https:\/\/garbar.info\/en\/wp-json\/wp\/v2\/users\/1"}],"replies":[{"embeddable":true,"href":"https:\/\/garbar.info\/en\/wp-json\/wp\/v2\/comments?post=623"}],"version-history":[{"count":7,"href":"https:\/\/garbar.info\/en\/wp-json\/wp\/v2\/pages\/623\/revisions"}],"predecessor-version":[{"id":633,"href":"https:\/\/garbar.info\/en\/wp-json\/wp\/v2\/pages\/623\/revisions\/633"}],"up":[{"embeddable":true,"href":"https:\/\/garbar.info\/en\/wp-json\/wp\/v2\/pages\/434"}],"wp:attachment":[{"href":"https:\/\/garbar.info\/en\/wp-json\/wp\/v2\/media?parent=623"}],"curies":[{"name":"wp","href":"https:\/\/api.w.org\/{rel}","templated":true}]}}